{"id":64069,"date":"2022-02-18T10:23:25","date_gmt":"2022-02-18T09:23:25","guid":{"rendered":"https:\/\/www.camping-mazet-plage.com\/camping-ardeche-rivieroever\/"},"modified":"2025-09-04T15:58:35","modified_gmt":"2025-09-04T13:58:35","slug":"camping-ardeche-rivieroever","status":"publish","type":"page","link":"https:\/\/www.camping-mazet-plage.com\/nl\/camping-ardeche-rivieroever\/","title":{"rendered":"Rivier"},"content":{"rendered":"<section id=\"ls-section-block_d75de327b19957e43d1c09bb28af3ed0\" class=\"ls-section   bgDecoGris\" >\r\n        <div class=\"container container--full\">\r\n        \n\n<div class=\"wp-block-columns are-vertically-aligned-center is-layout-flex wp-container-core-columns-is-layout-1 wp-block-columns-is-layout-flex\">\n<div class=\"wp-block-column is-vertically-aligned-center is-layout-flow wp-block-column-is-layout-flow\" style=\"flex-basis:40%\">\n<h1 class=\"ls__heading wp-block-heading ls__heading deco\"><mark style=\"background-color:rgba(0, 0, 0, 0)\" class=\"has-inline-color has-color-1-color\">Camping aan de oever van de Ard\u00e8che<\/mark><\/h1>\n\n\n\n<p class=\"ls-paragraph\">Wilt u verblijven in <span class=\"tadv-color\" style=\"color:#f56038\"><a href=\"\/\">Camping Ard\u00e8che<\/a><strong> aan de rivier<\/strong> <\/span>? <a href=\"https:\/\/www.camping-mazet-plage.com\/camping-en-ardeche-sud\/\">Camping Ard\u00e8che Sud<\/a> Mazet Plage verwelkomt u aan de oever van de Chassezac in het zuiden van de Ard\u00e8che. <\/p>\n<\/div>\n\n\n\n<div class=\"wp-block-column is-vertically-aligned-center ls-slider-innerContent is-layout-flow wp-block-column-is-layout-flow\" style=\"flex-basis:60%\">\n<figure class=\"wp-block-image size-large\"><a href=\"https:\/\/www.camping-mazet-plage.com\/wp-content\/uploads\/2022\/02\/camping-baignade-ardeche.jpg\"><img decoding=\"async\" width=\"1024\" height=\"683\" src=\"https:\/\/www.camping-mazet-plage.com\/wp-content\/uploads\/2022\/02\/camping-baignade-ardeche-1024x683.jpg\" alt=\"camping baden ardeche\" class=\"wp-image-58845\" srcset=\"https:\/\/www.camping-mazet-plage.com\/wp-content\/uploads\/2022\/02\/camping-baignade-ardeche-1024x683.jpg 1024w, https:\/\/www.camping-mazet-plage.com\/wp-content\/uploads\/2022\/02\/camping-baignade-ardeche-300x200.jpg 300w, https:\/\/www.camping-mazet-plage.com\/wp-content\/uploads\/2022\/02\/camping-baignade-ardeche-768x512.jpg 768w, https:\/\/www.camping-mazet-plage.com\/wp-content\/uploads\/2022\/02\/camping-baignade-ardeche.jpg 1200w\" sizes=\"(max-width: 1024px) 100vw, 1024px\" \/><\/a><\/figure>\n\n\n\n<figure class=\"wp-block-image size-large\"><a href=\"https:\/\/www.camping-mazet-plage.com\/wp-content\/uploads\/2022\/02\/camping-riviere-canoe-ardeche.jpg\"><img decoding=\"async\" width=\"1024\" height=\"683\" src=\"https:\/\/www.camping-mazet-plage.com\/wp-content\/uploads\/2022\/02\/camping-riviere-canoe-ardeche-1024x683.jpg\" alt=\"camping rivi&#xE8;re kano ardeche\" class=\"wp-image-58849\" srcset=\"https:\/\/www.camping-mazet-plage.com\/wp-content\/uploads\/2022\/02\/camping-riviere-canoe-ardeche-1024x683.jpg 1024w, https:\/\/www.camping-mazet-plage.com\/wp-content\/uploads\/2022\/02\/camping-riviere-canoe-ardeche-300x200.jpg 300w, https:\/\/www.camping-mazet-plage.com\/wp-content\/uploads\/2022\/02\/camping-riviere-canoe-ardeche-768x512.jpg 768w, https:\/\/www.camping-mazet-plage.com\/wp-content\/uploads\/2022\/02\/camping-riviere-canoe-ardeche.jpg 1200w\" sizes=\"(max-width: 1024px) 100vw, 1024px\" \/><\/a><\/figure>\n\n\n\n<figure class=\"wp-block-image size-large\"><a href=\"https:\/\/www.camping-mazet-plage.com\/wp-content\/uploads\/2022\/02\/camping-proximite-riviere-ardeche.jpg\"><img decoding=\"async\" width=\"1024\" height=\"683\" src=\"https:\/\/www.camping-mazet-plage.com\/wp-content\/uploads\/2022\/02\/camping-proximite-riviere-ardeche-1024x683.jpg\" alt=\"camping nabij riviere ardeche\" class=\"wp-image-58850\" srcset=\"https:\/\/www.camping-mazet-plage.com\/wp-content\/uploads\/2022\/02\/camping-proximite-riviere-ardeche-1024x683.jpg 1024w, https:\/\/www.camping-mazet-plage.com\/wp-content\/uploads\/2022\/02\/camping-proximite-riviere-ardeche-300x200.jpg 300w, https:\/\/www.camping-mazet-plage.com\/wp-content\/uploads\/2022\/02\/camping-proximite-riviere-ardeche-768x512.jpg 768w, https:\/\/www.camping-mazet-plage.com\/wp-content\/uploads\/2022\/02\/camping-proximite-riviere-ardeche.jpg 1200w\" sizes=\"(max-width: 1024px) 100vw, 1024px\" \/><\/a><\/figure>\n\n\n\n<figure class=\"wp-block-image size-large\"><a href=\"https:\/\/www.camping-mazet-plage.com\/wp-content\/uploads\/2022\/02\/camping-bord-riviere.jpg\"><img decoding=\"async\" width=\"1024\" height=\"683\" src=\"https:\/\/www.camping-mazet-plage.com\/wp-content\/uploads\/2022\/02\/camping-bord-riviere-1024x683.jpg\" alt=\"camping aan de rivier\" class=\"wp-image-58846\" srcset=\"https:\/\/www.camping-mazet-plage.com\/wp-content\/uploads\/2022\/02\/camping-bord-riviere-1024x683.jpg 1024w, https:\/\/www.camping-mazet-plage.com\/wp-content\/uploads\/2022\/02\/camping-bord-riviere-300x200.jpg 300w, https:\/\/www.camping-mazet-plage.com\/wp-content\/uploads\/2022\/02\/camping-bord-riviere-768x512.jpg 768w, https:\/\/www.camping-mazet-plage.com\/wp-content\/uploads\/2022\/02\/camping-bord-riviere.jpg 1200w\" sizes=\"(max-width: 1024px) 100vw, 1024px\" \/><\/a><\/figure>\n<\/div>\n<\/div>\n\n\r\n    <\/div>\r\n<\/section><section id=\"ls-section-block_f44e035e8bc6785a2cedaeea384692ee\" class=\"ls-section   bgDecoOrange\" >\r\n        <div class=\"container container--full\">\r\n        \n\n<div class=\"wp-block-columns are-vertically-aligned-center is-layout-flex wp-container-core-columns-is-layout-2 wp-block-columns-is-layout-flex\">\n<div class=\"wp-block-column is-vertically-aligned-center is-layout-flow wp-block-column-is-layout-flow\" style=\"flex-basis:60%\">\n<figure class=\"wp-block-image size-full imageRoundFull\"><a href=\"https:\/\/www.camping-mazet-plage.com\/wp-content\/uploads\/2022\/02\/camping-bord-riviere-ardeche.jpg\"><img decoding=\"async\" width=\"1024\" height=\"1024\" src=\"https:\/\/www.camping-mazet-plage.com\/wp-content\/uploads\/2022\/02\/camping-bord-riviere-ardeche.jpg\" alt=\"camping rivier de ardeche\" class=\"wp-image-58833\" srcset=\"https:\/\/www.camping-mazet-plage.com\/wp-content\/uploads\/2022\/02\/camping-bord-riviere-ardeche.jpg 1024w, https:\/\/www.camping-mazet-plage.com\/wp-content\/uploads\/2022\/02\/camping-bord-riviere-ardeche-300x300.jpg 300w, https:\/\/www.camping-mazet-plage.com\/wp-content\/uploads\/2022\/02\/camping-bord-riviere-ardeche-150x150.jpg 150w, https:\/\/www.camping-mazet-plage.com\/wp-content\/uploads\/2022\/02\/camping-bord-riviere-ardeche-768x768.jpg 768w\" sizes=\"(max-width: 1024px) 100vw, 1024px\" \/><\/a><\/figure>\n<\/div>\n\n\n\n<div class=\"wp-block-column is-vertically-aligned-center is-layout-flow wp-block-column-is-layout-flow\" style=\"flex-basis:40%\">\n<h2 class=\"ls__heading wp-block-heading has-text-align-right deco has-color-1-color has-text-color\">Camping aan de oever van de rivier<br\/>du Chassezac<br\/><\/h2>\n\n\n\n<p class=\"ls-paragraph\">Ideaal gelegen in de Ard\u00e8che, in Auvergne-Rh\u00f4ne-Alpes (zuidoost Frankrijk), biedt camping Mazet u de mogelijkheid om te kamperen of te verblijven in gezellige stacaravans in de bevoorrechte natuurlijke omgeving van onze <strong><span style=\"color:#f56038\" class=\"tadv-color\">camping aan de rivier<\/span><\/strong>. Hou je van natuurvakanties, buitenactiviteiten, watersporten en zwemmen? Mazet Plage is een 4-sterren camping die zeker in de smaak zal vallen, met zijn <strong><span style=\"color:#f56038\" class=\"tadv-color\">directe toegang tot de oevers van de Chassezac<\/span><\/strong>waarvan de kloven als subliem bekend staan. Weinig campings kunnen zich erop beroemen dat ze zo dicht bij deze natuurlijke parel liggen! Het brede kiezelstrand ligt op een steenworp afstand van het zwembad en is ideaal voor een duik in de rivier met het gezin of een aangename si\u00ebsta in de zon.    <\/p>\n\n\n\n<p class=\"ls-paragraph\">Geniet van een uitzonderlijke natuurlijke omgeving voor je vakantie, waar de schaduw van de bomen en het kabbelen van het water inspireren tot een zachte manier van leven. Le Mazet-Plage ligt in een groene omgeving, <strong><span style=\"color:#f56038\" class=\"tadv-color\">Camping aan de rivier de Ard\u00e8che<\/span><\/strong>Je kunt je tent opzetten, je camper parkeren of een stacaravan met terras huren. <\/p>\n\n\n\n<p class=\"ls-paragraph\">Aan de oever van een van de meanderende Chassezac rivieren ligt onze <strong><span style=\"color:#f56038\" class=\"tadv-color\">Ard\u00e8che camping aan de rivier<\/span><\/strong> Een 4-sterren camping met priv\u00e9strand in de Ard\u00e8che zal je verleiden door de schoonheid van zijn omgeving, die harmonieert met de rest van het domein en zijn faciliteiten: standplaatsen voor caravans en campers beplant met bomen op een paar meter van het water, accommodaties met houten terrassen en gebouwen met typische architectuur uit de Ard\u00e8che en zichtbare stenen. Het terras van het bar-restaurant kijkt uit over de rivier en nodigt uit om te ontspannen en te genieten van een uniek uitzicht. <\/p>\n<\/div>\n<\/div>\n\n\r\n    <\/div>\r\n<\/section><section id=\"ls-section-block_6dfdebe78747852f2c5d88a77c594170\" class=\"ls-section  modeleSection\" >\r\n        <div class=\"container container--full\">\r\n        \n\n<figure class=\"wp-block-image size-full imageModeleSection\"><img decoding=\"async\" width=\"1898\" height=\"774\" src=\"https:\/\/www.camping-mazet-plage.com\/wp-content\/uploads\/2022\/02\/camping-pres-riviere-canoe-ardeche-1.jpg\" alt=\"camping pr&#xE9;s rivi&#xE8;re kano ardeche\" class=\"wp-image-58843\" srcset=\"https:\/\/www.camping-mazet-plage.com\/wp-content\/uploads\/2022\/02\/camping-pres-riviere-canoe-ardeche-1.jpg 1898w, https:\/\/www.camping-mazet-plage.com\/wp-content\/uploads\/2022\/02\/camping-pres-riviere-canoe-ardeche-1-300x122.jpg 300w, https:\/\/www.camping-mazet-plage.com\/wp-content\/uploads\/2022\/02\/camping-pres-riviere-canoe-ardeche-1-1024x418.jpg 1024w, https:\/\/www.camping-mazet-plage.com\/wp-content\/uploads\/2022\/02\/camping-pres-riviere-canoe-ardeche-1-768x313.jpg 768w, https:\/\/www.camping-mazet-plage.com\/wp-content\/uploads\/2022\/02\/camping-pres-riviere-canoe-ardeche-1-1536x626.jpg 1536w\" sizes=\"(max-width: 1898px) 100vw, 1898px\" \/><\/figure>\n\n\n\n<div class=\"wp-block-columns containerContenuModeleSection is-layout-flex wp-container-core-columns-is-layout-4 wp-block-columns-is-layout-flex\">\n<div class=\"wp-block-column contenuModeleSection is-layout-flow wp-block-column-is-layout-flow\" style=\"flex-basis:80%\">\n<h2 class=\"ls__heading wp-block-heading ls__heading deco\">Waarom kiezen voor een camping aan een rivier in de Ard\u00e8che?  <\/h2>\n\n\n\n<div class=\"wp-block-columns is-layout-flex wp-container-core-columns-is-layout-3 wp-block-columns-is-layout-flex\">\n<div class=\"wp-block-column is-layout-flow wp-block-column-is-layout-flow\">\n<p class=\"ls-paragraph\">Van<span style=\"color:#f56038\" class=\"tadv-color\"> <strong>vakantie aan de rivier<\/strong> <\/span>zijn de garantie voor een verjongende en verkwikkende vakantie. Kom met het gezin, met z&#8217;n twee\u00ebn of met vrienden genieten van de rust op camping Mazet en het strand van de Chassezac. Vissen, zwemmen en verschillende watersporten wachten op je. De Chassezac mondt uit in de rivier de Ard\u00e8che op slechts een paar meanders van de camping. Beide rivieren staan bekend om de schoonheid van hun kloven. Ze zijn een <strong><span style=\"color:#f56038\" class=\"tadv-color\">paradijs voor wildwatersporten zoals canyoning, raften en kajakken.<\/span><\/strong>. Rustige stukken met strandjes, zoals bij Mazet, staan open voor zwemmers van alle leeftijden. <strong><span style=\"color:#f56038\" class=\"tadv-color\">zwemmers van alle leeftijden<\/span><\/strong>en <strong><span style=\"color:#f56038\" class=\"tadv-color\">die genieten van ontspannende kanotochten<\/span><\/strong> en vissen <strong><span style=\"color:#f56038\" class=\"tadv-color\">visliefhebbers<\/span><\/strong>.        <\/p>\n<\/div>\n\n\n\n<div class=\"wp-block-column is-layout-flow wp-block-column-is-layout-flow\">\n<p class=\"ls-paragraph\">Een ideale bestemming voor gezinsvakanties,<span style=\"color:#000\" class=\"tadv-color\">onze<\/span><span style=\"color:#f56038\" class=\"tadv-color\"> <strong>camping aan de rivier in het zuiden van de Ard\u00e8che<\/strong><\/span> kunt u het beste van het departement ervaren: wandelingen en ontspanning aan het water, waterwandelingen, maar ook klimmen op de kliffen boven het water, of wandelen op de hoogvlakten met een uniek uitzicht op de kloven. Aan de oevers van de Chassezac, die het hele jaar bevaarbaar is dankzij de regulering van het debiet door de stuwdam van Villefort, ligt camping Mazet-Plage ook op slechts enkele minuten van de mythische kloven van de Ard\u00e8che en de Pont du Diable: op 13 km en minder dan 15 minuten liggen de oevers van de Ard\u00e8che. Een echte natuurlijke speeltuin waar alles mogelijk is!  <\/p>\n\n\n\r\n<a href=\"\/camping-ardeche-piscine\/\" id=\"ls-button-block_063b09690ef414a7db8e953e80c5f1cf\" target=\"\" rel=\"\" class=\"ls-button\" ><span><span class=\"deco-button\">+<\/span>Ontdek ons zwembad<\/span><\/a>\r\n<\/div>\n<\/div>\n<\/div>\n<\/div>\n\n\n\n<h2 class=\"ls__heading wp-block-heading ls__heading deco\">Boek uw verblijf op onze camping aan de rivier de Ard\u00e8che<\/h2>\n\n\n\n<p class=\"ls-paragraph\">Wil je je volgende vakantie doorbrengen aan de oever van een rivier, midden in de natuur, genietend van zwemmen in de open lucht, watersporten zoals waterfietsen, kano\u00ebn en waterfietsen, en wandelen door de prachtige landschappen van Auvergne-Rh\u00f4ne-Alpes? Ben je op zoek naar een vakantiebestemming die comfort en vermaak combineert, met kwaliteitsvolle <a href=\"https:\/\/www.camping-mazet-plage.com\/nl\/locatie-stacaravan-ardeche\/\">stacaravans<\/a> en activiteiten voor het hele gezin? Dan bent u op onze camping in de Ard\u00e8che aan het juiste adres!    <\/p>\n\n\n\n<p class=\"ls-paragraph\">Boek nu uw vakantie met kinderen op onze <strong><span style=\"color:#f56038\" class=\"tadv-color\">camping aan de rivier in de Ard\u00e8che<\/span><\/strong> !<\/p>\n\n\n\n<p class=\"ls-paragraph\">Naast een breed scala aan activiteiten heeft onze 4-sterren familiecamping een verwarmd zwembad en een klein waterpark waar je kinderen dol op zullen zijn! Voor een hapje eten kun je terecht in ons bar-restaurant en lunchen of dineren op het terras van de camping. Vanaf onze 4-sterren camping bent u <strong><span style=\"color:#f56038\" class=\"tadv-color\">ideaal gelegen om de schoonheid van de regio Auvergne-Rh\u00f4ne-Alpes te ontdekken<\/span><\/strong> en Vallon-Pont-d&#8217;Arc of het dorp Ruoms te bezoeken. Naast zwemmen in de rivier en wandelen, kun je met het gezin kano\u00ebn, de kastelen van de streek bezoeken (Roure, Vog\u00fc\u00e9, Aubenas), klimmen, grotten bezoeken (Chauvet, Aven d&#8217;Orgnac, Pont d&#8217;Arc) of zelfs vissen en canyoning beoefenen!     <\/p>\n\n\n\n<p class=\"ls-paragraph\">Het belooft een onvergetelijke vakantie te worden voor zowel ouders als kinderen!  <\/p>\n\n\n\n<p class=\"ls-paragraph\">Als je vragen hebt over wat we je te bieden hebben, of als je advies wilt over must-see tours en activiteiten in dit prachtige deel van Frankrijk, aarzel dan niet om contact op te nemen met het team van onze 4-sterren familiecamping!<\/p>\n\n\r\n    <\/div>\r\n<\/section><section id=\"ls-section-block_1b7a3846cc23c95f45f0a404f7d8acf5\" class=\"ls-section \" >\r\n        <div class=\"container container--wide\">\r\n        \n\n<div style=\"height:120px\" aria-hidden=\"true\" class=\"wp-block-spacer\"><\/div>\n\n\n\n<p class=\"ls-paragraph has-text-align-center has-color-1-color has-text-color\" style=\"font-size:30px\"><span style=\"color:#12492f\" class=\"tadv-color\"><strong>Ontdek het zwembad en de accommodatie op <span style=\"color:#12492f\" class=\"tadv-color\"><strong><span class=\"has-inline-color has-color-1-color\"><strong>onze camping<\/strong><\/span><\/strong><\/span><\/strong><\/span><\/p>\n\n\n\n<div id=\"ls-maillage-block_bc5b3dd0fa33b7536bd82ec5ca9147ff\" class=\"ls-maillage cta-style-normal\" data-rows=\"3\">\n\n    <div class=\"wp-block-columns\"><div class=\"wp-block-column ls-cta\">\n\n<a href=\"https:\/\/www.camping-mazet-plage.com\/nl\/campingplaats-ardeche\/\" target=\"\" rel=\"noopener\" class=\"ls-cta__link\">\n\n\t<div class=\"ls-cta__image\"><img decoding=\"async\" src=\"https:\/\/www.camping-mazet-plage.com\/wp-content\/uploads\/2022\/01\/louer-emplacement-ardeche.jpg\" alt=\"verhuurlocatie ardeche\"><\/div>\n\t<div class=\"ls-cta__title\">\n\t\tLocatie\t<\/div>\n\n\t\t\n<\/a><\/div><div class=\"wp-block-column ls-cta\">\n\n<a href=\"https:\/\/www.camping-mazet-plage.com\/nl\/locatie-stacaravan-ardeche\/\" target=\"\" rel=\"noopener\" class=\"ls-cta__link\">\n\n\t<div class=\"ls-cta__image\"><img decoding=\"async\" src=\"https:\/\/www.camping-mazet-plage.com\/wp-content\/uploads\/2022\/01\/location-mobil-home-ardeche.jpg\" alt=\"locatie-mobil-home-ardechelocatie mobil home ardeche\"><\/div>\n\t<div class=\"ls-cta__title\">\n\t\tStacaravan\t<\/div>\n\n\t\t\n<\/a><\/div><div class=\"wp-block-column ls-cta\">\n\n<a href=\"https:\/\/www.camping-mazet-plage.com\/nl\/camping-ardeche-zwembad\/\" target=\"\" rel=\"noopener\" class=\"ls-cta__link\">\n\n\t<div class=\"ls-cta__image\"><img decoding=\"async\" src=\"https:\/\/www.camping-mazet-plage.com\/wp-content\/uploads\/2022\/02\/camping-piscine-chauffee-ardeche-1.jpg\" alt=\"camping verwarmd zwembad ardeche\"><\/div>\n\t<div class=\"ls-cta__title\">\n\t\tZwembad\t<\/div>\n\n\t\t\n<\/a><\/div><\/div>\n<\/div>\n\r\n    <\/div>\r\n<\/section>","protected":false},"excerpt":{"rendered":"","protected":false},"author":1,"featured_media":64076,"parent":0,"menu_order":0,"comment_status":"closed","ping_status":"closed","template":"","meta":{"footnotes":""},"sujet":[],"class_list":["post-64069","page","type-page","status-publish","has-post-thumbnail","hentry"],"acf":[],"yoast_head":"<!-- This site is optimized with the Yoast SEO plugin v21.9 - https:\/\/yoast.com\/wordpress\/plugins\/seo\/ -->\n<title>Camping Ard\u00e8che aan de rivier | Camping aan de oever van de Chassezac<\/title>\n<meta name=\"description\" content=\"Zin in een verblijf op een camping aan de rivier in de Ard\u00e8che? Camping Mazet Plage heet u welkom in het zuiden van de Ard\u00e8che aan de oever van de Chassezac!\" \/>\n<meta name=\"robots\" content=\"index, follow, max-snippet:-1, max-image-preview:large, max-video-preview:-1\" \/>\n<link rel=\"canonical\" href=\"https:\/\/www.camping-mazet-plage.com\/nl\/camping-ardeche-rivieroever\/\" \/>\n<meta property=\"og:locale\" content=\"nl_NL\" \/>\n<meta property=\"og:type\" content=\"article\" \/>\n<meta property=\"og:title\" content=\"Camping Ard\u00e8che aan de rivier | Camping aan de oever van de Chassezac\" \/>\n<meta property=\"og:description\" content=\"Zin in een verblijf op een camping aan de rivier in de Ard\u00e8che? Camping Mazet Plage heet u welkom in het zuiden van de Ard\u00e8che aan de oever van de Chassezac!\" \/>\n<meta property=\"og:url\" content=\"https:\/\/www.camping-mazet-plage.com\/nl\/camping-ardeche-rivieroever\/\" \/>\n<meta property=\"og:site_name\" content=\"Camping Mazet Plage\" \/>\n<meta property=\"article:modified_time\" content=\"2025-09-04T13:58:35+00:00\" \/>\n<meta property=\"og:image\" content=\"https:\/\/www.camping-mazet-plage.com\/wp-content\/uploads\/2022\/02\/camping-riviere-ardeche-1.jpg\" \/>\n\t<meta property=\"og:image:width\" content=\"1901\" \/>\n\t<meta property=\"og:image:height\" content=\"700\" \/>\n\t<meta property=\"og:image:type\" content=\"image\/jpeg\" \/>\n<meta name=\"twitter:card\" content=\"summary_large_image\" \/>\n<meta name=\"twitter:label1\" content=\"Geschatte leestijd\" \/>\n\t<meta name=\"twitter:data1\" content=\"4 minuten\" \/>\n<script type=\"application\/ld+json\" class=\"yoast-schema-graph\">{\"@context\":\"https:\/\/schema.org\",\"@graph\":[{\"@type\":\"WebPage\",\"@id\":\"https:\/\/www.camping-mazet-plage.com\/nl\/camping-ardeche-rivieroever\/\",\"url\":\"https:\/\/www.camping-mazet-plage.com\/nl\/camping-ardeche-rivieroever\/\",\"name\":\"Camping Ard\u00e8che aan de rivier | Camping aan de oever van de Chassezac\",\"isPartOf\":{\"@id\":\"https:\/\/www.camping-mazet-plage.com\/nl\/#website\"},\"datePublished\":\"2022-02-18T09:23:25+00:00\",\"dateModified\":\"2025-09-04T13:58:35+00:00\",\"description\":\"Zin in een verblijf op een camping aan de rivier in de Ard\u00e8che? Camping Mazet Plage heet u welkom in het zuiden van de Ard\u00e8che aan de oever van de Chassezac!\",\"breadcrumb\":{\"@id\":\"https:\/\/www.camping-mazet-plage.com\/nl\/camping-ardeche-rivieroever\/#breadcrumb\"},\"inLanguage\":\"nl-NL\",\"potentialAction\":[{\"@type\":\"ReadAction\",\"target\":[\"https:\/\/www.camping-mazet-plage.com\/nl\/camping-ardeche-rivieroever\/\"]}]},{\"@type\":\"BreadcrumbList\",\"@id\":\"https:\/\/www.camping-mazet-plage.com\/nl\/camping-ardeche-rivieroever\/#breadcrumb\",\"itemListElement\":[{\"@type\":\"ListItem\",\"position\":1,\"name\":\"Camping Ard\u00e8che\",\"item\":\"https:\/\/www.camping-mazet-plage.com\/nl\/\"},{\"@type\":\"ListItem\",\"position\":2,\"name\":\"Riverside\"}]},{\"@type\":\"WebSite\",\"@id\":\"https:\/\/www.camping-mazet-plage.com\/nl\/#website\",\"url\":\"https:\/\/www.camping-mazet-plage.com\/nl\/\",\"name\":\"Camping Mazet Plage\",\"description\":\"\",\"publisher\":{\"@id\":\"https:\/\/www.camping-mazet-plage.com\/nl\/#organization\"},\"potentialAction\":[{\"@type\":\"SearchAction\",\"target\":{\"@type\":\"EntryPoint\",\"urlTemplate\":\"https:\/\/www.camping-mazet-plage.com\/nl\/?s={search_term_string}\"},\"query-input\":\"required name=search_term_string\"}],\"inLanguage\":\"nl-NL\"},{\"@type\":\"Organization\",\"@id\":\"https:\/\/www.camping-mazet-plage.com\/nl\/#organization\",\"name\":\"Camping Mazet Plage\",\"url\":\"https:\/\/www.camping-mazet-plage.com\/nl\/\",\"logo\":{\"@type\":\"ImageObject\",\"inLanguage\":\"nl-NL\",\"@id\":\"https:\/\/www.camping-mazet-plage.com\/nl\/#\/schema\/logo\/image\/\",\"url\":\"https:\/\/www.camping-mazet-plage.com\/wp-content\/uploads\/2022\/02\/logo-footer.jpg\",\"contentUrl\":\"https:\/\/www.camping-mazet-plage.com\/wp-content\/uploads\/2022\/02\/logo-footer.jpg\",\"width\":352,\"height\":434,\"caption\":\"Camping Mazet Plage\"},\"image\":{\"@id\":\"https:\/\/www.camping-mazet-plage.com\/nl\/#\/schema\/logo\/image\/\"}}]}<\/script>\n<!-- \/ Yoast SEO plugin. -->","yoast_head_json":{"title":"Camping Ard\u00e8che aan de rivier | Camping aan de oever van de Chassezac","description":"Zin in een verblijf op een camping aan de rivier in de Ard\u00e8che? Camping Mazet Plage heet u welkom in het zuiden van de Ard\u00e8che aan de oever van de Chassezac!","robots":{"index":"index","follow":"follow","max-snippet":"max-snippet:-1","max-image-preview":"max-image-preview:large","max-video-preview":"max-video-preview:-1"},"canonical":"https:\/\/www.camping-mazet-plage.com\/nl\/camping-ardeche-rivieroever\/","og_locale":"nl_NL","og_type":"article","og_title":"Camping Ard\u00e8che aan de rivier | Camping aan de oever van de Chassezac","og_description":"Zin in een verblijf op een camping aan de rivier in de Ard\u00e8che? Camping Mazet Plage heet u welkom in het zuiden van de Ard\u00e8che aan de oever van de Chassezac!","og_url":"https:\/\/www.camping-mazet-plage.com\/nl\/camping-ardeche-rivieroever\/","og_site_name":"Camping Mazet Plage","article_modified_time":"2025-09-04T13:58:35+00:00","og_image":[{"width":1901,"height":700,"url":"https:\/\/www.camping-mazet-plage.com\/wp-content\/uploads\/2022\/02\/camping-riviere-ardeche-1.jpg","type":"image\/jpeg"}],"twitter_card":"summary_large_image","twitter_misc":{"Geschatte leestijd":"4 minuten"},"schema":{"@context":"https:\/\/schema.org","@graph":[{"@type":"WebPage","@id":"https:\/\/www.camping-mazet-plage.com\/nl\/camping-ardeche-rivieroever\/","url":"https:\/\/www.camping-mazet-plage.com\/nl\/camping-ardeche-rivieroever\/","name":"Camping Ard\u00e8che aan de rivier | Camping aan de oever van de Chassezac","isPartOf":{"@id":"https:\/\/www.camping-mazet-plage.com\/nl\/#website"},"datePublished":"2022-02-18T09:23:25+00:00","dateModified":"2025-09-04T13:58:35+00:00","description":"Zin in een verblijf op een camping aan de rivier in de Ard\u00e8che? Camping Mazet Plage heet u welkom in het zuiden van de Ard\u00e8che aan de oever van de Chassezac!","breadcrumb":{"@id":"https:\/\/www.camping-mazet-plage.com\/nl\/camping-ardeche-rivieroever\/#breadcrumb"},"inLanguage":"nl-NL","potentialAction":[{"@type":"ReadAction","target":["https:\/\/www.camping-mazet-plage.com\/nl\/camping-ardeche-rivieroever\/"]}]},{"@type":"BreadcrumbList","@id":"https:\/\/www.camping-mazet-plage.com\/nl\/camping-ardeche-rivieroever\/#breadcrumb","itemListElement":[{"@type":"ListItem","position":1,"name":"Camping Ard\u00e8che","item":"https:\/\/www.camping-mazet-plage.com\/nl\/"},{"@type":"ListItem","position":2,"name":"Riverside"}]},{"@type":"WebSite","@id":"https:\/\/www.camping-mazet-plage.com\/nl\/#website","url":"https:\/\/www.camping-mazet-plage.com\/nl\/","name":"Camping Mazet Plage","description":"","publisher":{"@id":"https:\/\/www.camping-mazet-plage.com\/nl\/#organization"},"potentialAction":[{"@type":"SearchAction","target":{"@type":"EntryPoint","urlTemplate":"https:\/\/www.camping-mazet-plage.com\/nl\/?s={search_term_string}"},"query-input":"required name=search_term_string"}],"inLanguage":"nl-NL"},{"@type":"Organization","@id":"https:\/\/www.camping-mazet-plage.com\/nl\/#organization","name":"Camping Mazet Plage","url":"https:\/\/www.camping-mazet-plage.com\/nl\/","logo":{"@type":"ImageObject","inLanguage":"nl-NL","@id":"https:\/\/www.camping-mazet-plage.com\/nl\/#\/schema\/logo\/image\/","url":"https:\/\/www.camping-mazet-plage.com\/wp-content\/uploads\/2022\/02\/logo-footer.jpg","contentUrl":"https:\/\/www.camping-mazet-plage.com\/wp-content\/uploads\/2022\/02\/logo-footer.jpg","width":352,"height":434,"caption":"Camping Mazet Plage"},"image":{"@id":"https:\/\/www.camping-mazet-plage.com\/nl\/#\/schema\/logo\/image\/"}}]}},"_links":{"self":[{"href":"https:\/\/www.camping-mazet-plage.com\/nl\/wp-json\/wp\/v2\/pages\/64069"}],"collection":[{"href":"https:\/\/www.camping-mazet-plage.com\/nl\/wp-json\/wp\/v2\/pages"}],"about":[{"href":"https:\/\/www.camping-mazet-plage.com\/nl\/wp-json\/wp\/v2\/types\/page"}],"author":[{"embeddable":true,"href":"https:\/\/www.camping-mazet-plage.com\/nl\/wp-json\/wp\/v2\/users\/1"}],"replies":[{"embeddable":true,"href":"https:\/\/www.camping-mazet-plage.com\/nl\/wp-json\/wp\/v2\/comments?post=64069"}],"version-history":[{"count":3,"href":"https:\/\/www.camping-mazet-plage.com\/nl\/wp-json\/wp\/v2\/pages\/64069\/revisions"}],"predecessor-version":[{"id":64080,"href":"https:\/\/www.camping-mazet-plage.com\/nl\/wp-json\/wp\/v2\/pages\/64069\/revisions\/64080"}],"wp:featuredmedia":[{"embeddable":true,"href":"https:\/\/www.camping-mazet-plage.com\/nl\/wp-json\/wp\/v2\/media\/64076"}],"wp:attachment":[{"href":"https:\/\/www.camping-mazet-plage.com\/nl\/wp-json\/wp\/v2\/media?parent=64069"}],"wp:term":[{"taxonomy":"sujet","embeddable":true,"href":"https:\/\/www.camping-mazet-plage.com\/nl\/wp-json\/wp\/v2\/sujet?post=64069"}],"curies":[{"name":"wp","href":"https:\/\/api.w.org\/{rel}","templated":true}]}}