{"id":64037,"date":"2021-12-17T07:55:56","date_gmt":"2021-12-17T06:55:56","guid":{"rendered":"https:\/\/www.camping-mazet-plage.com\/camping-ardeche-zwembad\/"},"modified":"2025-09-09T09:45:49","modified_gmt":"2025-09-09T07:45:49","slug":"camping-ardeche-zwembad","status":"publish","type":"page","link":"https:\/\/www.camping-mazet-plage.com\/nl\/camping-ardeche-zwembad\/","title":{"rendered":"Zwembad"},"content":{"rendered":"<section id=\"ls-section-block_adb454eb336284730044a100b4a5734b\" class=\"ls-section   bgDecoGris\" >\r\n        <div class=\"container container--full\">\r\n        \n\n<div class=\"wp-block-columns are-vertically-aligned-center is-layout-flex wp-container-core-columns-is-layout-1 wp-block-columns-is-layout-flex\">\n<div class=\"wp-block-column is-vertically-aligned-center is-layout-flow wp-block-column-is-layout-flow\" style=\"flex-basis:40%\">\n<h1 class=\"ls__heading wp-block-heading ls__heading deco\"><mark style=\"background-color:rgba(0, 0, 0, 0)\" class=\"has-inline-color has-color-1-color\">Camping Ard\u00e8che met zwembad<\/mark><\/h1>\n\n\n\n<p class=\"ls-paragraph\">  Wilt u uw<span style=\"color:#000\" class=\"tadv-color\">gezinsvakantie<\/span> doorbrengen <span style=\"color:#000\" class=\"tadv-color\">op een<\/span><strong><span style=\"color:#f56038\" class=\"tadv-color\"> Camping Ard\u00e8che met zwembad<\/span><\/strong><span style=\"color:#000\" class=\"tadv-color\">  ? Da <\/span>n een<span style=\"color:#000\" class=\"tadv-color\"> unieke omgeving<\/span>, op een steenworp afstand van de rivier de Chassezac, niet ver van Vallon-Pont-d&#8217;Arc en de Gorges de l&#8217;Ard\u00e8che, in Auvergne-Rh\u00f4ne-Alpes (zuidoost Frankrijk), biedt onze <a href=\"\/\">camping in Ard\u00e8che Sud<\/a> u een prachtig water- en recreatiegebied, ideaal gelegen in een groene omgeving, een echte trots van het team.<\/p>\n\n\n\n<p class=\"ls-paragraph\">  Het zwembad, dat zowel kinderen als ouders in verrukking brengt, is een must op campings in Frankrijk! Volgens vakantiegangers is het zwembad <\/p>\n\n\n\n<p class=\"ls-paragraph\">  is een <strong>echte aanwinst<\/strong> op een camping, vooral als je een week vakantie viert met de kinderen.  <\/p>\n\n\n\n<h2 class=\"ls__heading wp-block-heading ls__heading deco\"><mark style=\"background-color:rgba(0, 0, 0, 0)\" class=\"has-inline-color has-color-1-color\">Camping met zwembad in de zuidelijke Ard\u00e8che<\/mark><\/h2>\n\n\n\n<p class=\"ls-paragraph\"><span class=\"tadv-color\" style=\"color:#000\">Tussen de zwempartijen in ons zwembad<\/span> <span class=\"tadv-color\" style=\"color:#000\">in de Ard\u00e8che door kun je er ook voor kiezen om samen met je gezin te ontspannen aan de rand van het zwembad dankzij de aanwezige ligstoelen.<\/span> Je hebt dan uitzicht op het beboste terrein van ons domein in de Ard\u00e8che, een si\u00ebsta midden in de natuur die je tijdens je verblijf goed zal doen!<\/p>\n<\/div>\n\n\n\n<div class=\"wp-block-column is-vertically-aligned-center ls-slider-innerContent is-layout-flow wp-block-column-is-layout-flow\" style=\"flex-basis:60%\">\n<figure class=\"wp-block-image size-large\"><a href=\"https:\/\/www.camping-mazet-plage.com\/wp-content\/uploads\/2022\/02\/camping-pataugeoire-ardeche.jpg\"><img decoding=\"async\" width=\"1024\" height=\"683\" src=\"https:\/\/www.camping-mazet-plage.com\/wp-content\/uploads\/2022\/02\/camping-pataugeoire-ardeche-1024x683.jpg\" alt=\"camping kinderzwembad ardeche\" class=\"wp-image-58597\" srcset=\"https:\/\/www.camping-mazet-plage.com\/wp-content\/uploads\/2022\/02\/camping-pataugeoire-ardeche-1024x683.jpg 1024w, https:\/\/www.camping-mazet-plage.com\/wp-content\/uploads\/2022\/02\/camping-pataugeoire-ardeche-300x200.jpg 300w, https:\/\/www.camping-mazet-plage.com\/wp-content\/uploads\/2022\/02\/camping-pataugeoire-ardeche-768x512.jpg 768w, https:\/\/www.camping-mazet-plage.com\/wp-content\/uploads\/2022\/02\/camping-pataugeoire-ardeche.jpg 1200w\" sizes=\"(max-width: 1024px) 100vw, 1024px\" \/><\/a><\/figure>\n\n\n\n<figure class=\"wp-block-image size-large\"><a href=\"https:\/\/www.camping-mazet-plage.com\/wp-content\/uploads\/2022\/01\/camping-ardeche-espace-aquatique2.jpg\"><img decoding=\"async\" width=\"1024\" height=\"683\" src=\"https:\/\/www.camping-mazet-plage.com\/wp-content\/uploads\/2022\/01\/camping-ardeche-espace-aquatique2-1024x683.jpg\" alt=\"camping ardeche espace aquatique\" class=\"wp-image-1026\" srcset=\"https:\/\/www.camping-mazet-plage.com\/wp-content\/uploads\/2022\/01\/camping-ardeche-espace-aquatique2-1024x683.jpg 1024w, https:\/\/www.camping-mazet-plage.com\/wp-content\/uploads\/2022\/01\/camping-ardeche-espace-aquatique2-300x200.jpg 300w, https:\/\/www.camping-mazet-plage.com\/wp-content\/uploads\/2022\/01\/camping-ardeche-espace-aquatique2-768x512.jpg 768w, https:\/\/www.camping-mazet-plage.com\/wp-content\/uploads\/2022\/01\/camping-ardeche-espace-aquatique2.jpg 1200w\" sizes=\"(max-width: 1024px) 100vw, 1024px\" \/><\/a><\/figure>\n\n\n\n<figure class=\"wp-block-image size-large\"><a href=\"https:\/\/www.camping-mazet-plage.com\/wp-content\/uploads\/2022\/02\/camping-piscine-chauffee-ardeche.jpg\"><img decoding=\"async\" width=\"1024\" height=\"683\" src=\"https:\/\/www.camping-mazet-plage.com\/wp-content\/uploads\/2022\/02\/camping-piscine-chauffee-ardeche-1024x683.jpg\" alt=\"camping verwarmd zwembad ardeche\" class=\"wp-image-58593\" srcset=\"https:\/\/www.camping-mazet-plage.com\/wp-content\/uploads\/2022\/02\/camping-piscine-chauffee-ardeche-1024x683.jpg 1024w, https:\/\/www.camping-mazet-plage.com\/wp-content\/uploads\/2022\/02\/camping-piscine-chauffee-ardeche-300x200.jpg 300w, https:\/\/www.camping-mazet-plage.com\/wp-content\/uploads\/2022\/02\/camping-piscine-chauffee-ardeche-768x512.jpg 768w, https:\/\/www.camping-mazet-plage.com\/wp-content\/uploads\/2022\/02\/camping-piscine-chauffee-ardeche.jpg 1200w\" sizes=\"(max-width: 1024px) 100vw, 1024px\" \/><\/a><\/figure>\n\n\n\n<figure class=\"wp-block-image size-large\"><a href=\"https:\/\/www.camping-mazet-plage.com\/wp-content\/uploads\/2022\/01\/camping-ardeche-espace-aquatique.jpg\"><img decoding=\"async\" width=\"1024\" height=\"683\" src=\"https:\/\/www.camping-mazet-plage.com\/wp-content\/uploads\/2022\/01\/camping-ardeche-espace-aquatique-1024x683.jpg\" alt=\"camping ardeche espace aquatique\" class=\"wp-image-1027\" srcset=\"https:\/\/www.camping-mazet-plage.com\/wp-content\/uploads\/2022\/01\/camping-ardeche-espace-aquatique-1024x683.jpg 1024w, https:\/\/www.camping-mazet-plage.com\/wp-content\/uploads\/2022\/01\/camping-ardeche-espace-aquatique-300x200.jpg 300w, https:\/\/www.camping-mazet-plage.com\/wp-content\/uploads\/2022\/01\/camping-ardeche-espace-aquatique-768x512.jpg 768w, https:\/\/www.camping-mazet-plage.com\/wp-content\/uploads\/2022\/01\/camping-ardeche-espace-aquatique.jpg 1200w\" sizes=\"(max-width: 1024px) 100vw, 1024px\" \/><\/a><\/figure>\n\n\n\n<figure class=\"wp-block-image size-large\"><a href=\"https:\/\/www.camping-mazet-plage.com\/wp-content\/uploads\/2022\/02\/camping-piscine-ardeche-1.jpg\"><img decoding=\"async\" width=\"1024\" height=\"683\" src=\"https:\/\/www.camping-mazet-plage.com\/wp-content\/uploads\/2022\/02\/camping-piscine-ardeche-1-1024x683.jpg\" alt=\"camping zwembad ardeche\" class=\"wp-image-58595\" srcset=\"https:\/\/www.camping-mazet-plage.com\/wp-content\/uploads\/2022\/02\/camping-piscine-ardeche-1-1024x683.jpg 1024w, https:\/\/www.camping-mazet-plage.com\/wp-content\/uploads\/2022\/02\/camping-piscine-ardeche-1-300x200.jpg 300w, https:\/\/www.camping-mazet-plage.com\/wp-content\/uploads\/2022\/02\/camping-piscine-ardeche-1-768x512.jpg 768w, https:\/\/www.camping-mazet-plage.com\/wp-content\/uploads\/2022\/02\/camping-piscine-ardeche-1.jpg 1200w\" sizes=\"(max-width: 1024px) 100vw, 1024px\" \/><\/a><\/figure>\n<\/div>\n<\/div>\n\n\r\n    <\/div>\r\n<\/section><section id=\"ls-section-block_bb9e5f5e2eeb82e8a27aed7af070701d\" class=\"ls-section   bgDecoOrange\" >\r\n        <div class=\"container container--full\">\r\n        \n\n<div class=\"wp-block-columns are-vertically-aligned-center is-layout-flex wp-container-core-columns-is-layout-2 wp-block-columns-is-layout-flex\">\n<div class=\"wp-block-column is-vertically-aligned-center is-layout-flow wp-block-column-is-layout-flow\" style=\"flex-basis:60%\">\n<figure class=\"wp-block-image size-large imageRoundFull\"><a href=\"https:\/\/www.camping-mazet-plage.com\/wp-content\/uploads\/2022\/02\/camping-piscine-sud-ardeche.jpg\"><img decoding=\"async\" width=\"1024\" height=\"1024\" src=\"https:\/\/www.camping-mazet-plage.com\/wp-content\/uploads\/2022\/02\/camping-piscine-sud-ardeche-1024x1024.jpg\" alt=\"camping zwembad zuid ardeche\" class=\"wp-image-58599\" srcset=\"https:\/\/www.camping-mazet-plage.com\/wp-content\/uploads\/2022\/02\/camping-piscine-sud-ardeche.jpg 1024w, https:\/\/www.camping-mazet-plage.com\/wp-content\/uploads\/2022\/02\/camping-piscine-sud-ardeche-300x300.jpg 300w, https:\/\/www.camping-mazet-plage.com\/wp-content\/uploads\/2022\/02\/camping-piscine-sud-ardeche-150x150.jpg 150w, https:\/\/www.camping-mazet-plage.com\/wp-content\/uploads\/2022\/02\/camping-piscine-sud-ardeche-768x768.jpg 768w\" sizes=\"(max-width: 1024px) 100vw, 1024px\" \/><\/a><\/figure>\n<\/div>\n\n\n\n<div class=\"wp-block-column is-vertically-aligned-center is-layout-flow wp-block-column-is-layout-flow\" style=\"flex-basis:40%\">\n<h2 class=\"ls__heading wp-block-heading has-text-align-right deco has-color-1-color has-text-color\">Camping met kinderbad en jacuzzi<br\/> <strong>in het dorp<\/strong> Berrias en Casteljau<\/h2>\n\n\n\n<p class=\"ls-paragraph\">Onze <strong><span style=\"color:#f56038\" class=\"tadv-color\">camping met zwembad in de Ard\u00e8che<\/span><\/strong> in het dorp Berrias en Casteljau is ideaal voor<span style=\"color:#000\" class=\"tadv-color\">liefhebbers van zwemmen en wateractiviteiten!<\/span><\/p>\n\n\n\n<p class=\"ls-paragraph\">Naast de directe toegang tot de rivier, die vakantiegangers tal van buitenactiviteiten biedt, heeft het waterpark van onze 4-sterrencamping in de Ard\u00e8che 2 zwembaden zonder glijbanen, waar het hele gezin gegarandeerd plezier aan beleeft tijdens je verblijf!<\/p>\n\n\n\n<p class=\"ls-paragraph\">Jongere kinderen kunnen ook veilig zwemmen<span class=\"tadv-color\" style=\"color:#000\"> in ons pierenbad, dat hun favoriete speelplek wordt en ze laat proeven van het plezier van water, spelletjes en activiteiten.<\/span> <span class=\"tadv-color\" style=\"color:#000\">Geniet van een onvergetelijke kampeervakantie in de zon van de Zuidelijke Ard\u00e8che. Wat denken we? Je kinderen zullen de zwembaden nooit meer willen verlaten, ze hebben zoveel plezier in het water!  <\/span> <span class=\"tadv-color\" style=\"color:#000\">Geniet tussen waterspelletjes en zonnebaden<\/span>van het zwembad op onze familiecamping in het zuiden van de Ard\u00e8che voor een geweldige gezinsvakantie! Je zult snel je voeten vinden in de zwembaden van onze camping in de Ard\u00e8che en genieten van ons zwembad en de omliggende natuur voor een duik of een welverdiende si\u00ebsta aan het water. <\/p>\n<\/div>\n<\/div>\n\n\r\n    <\/div>\r\n<\/section><section id=\"ls-section-block_b55c6e313b6b8a41ffaef533b829a7ef\" class=\"ls-section  modeleSection has-p-b p-b-0\" >\r\n        <div class=\"container container--full\">\r\n        \n\n<figure class=\"wp-block-image size-full imageModeleSection\"><img decoding=\"async\" width=\"1900\" height=\"774\" src=\"https:\/\/www.camping-mazet-plage.com\/wp-content\/uploads\/2022\/02\/camping-transats-bord-de-piscine.jpg\" alt=\"camping ligstoelen zwembad\" class=\"wp-image-58602\" srcset=\"https:\/\/www.camping-mazet-plage.com\/wp-content\/uploads\/2022\/02\/camping-transats-bord-de-piscine.jpg 1900w, https:\/\/www.camping-mazet-plage.com\/wp-content\/uploads\/2022\/02\/camping-transats-bord-de-piscine-300x122.jpg 300w, https:\/\/www.camping-mazet-plage.com\/wp-content\/uploads\/2022\/02\/camping-transats-bord-de-piscine-1024x417.jpg 1024w, https:\/\/www.camping-mazet-plage.com\/wp-content\/uploads\/2022\/02\/camping-transats-bord-de-piscine-768x313.jpg 768w, https:\/\/www.camping-mazet-plage.com\/wp-content\/uploads\/2022\/02\/camping-transats-bord-de-piscine-1536x626.jpg 1536w\" sizes=\"(max-width: 1900px) 100vw, 1900px\" \/><\/figure>\n\n\n\n<div class=\"wp-block-columns containerContenuModeleSection is-layout-flex wp-container-core-columns-is-layout-4 wp-block-columns-is-layout-flex\">\n<div class=\"wp-block-column contenuModeleSection is-layout-flow wp-block-column-is-layout-flow\" style=\"flex-basis:80%\">\n<div class=\"wp-block-columns is-layout-flex wp-container-core-columns-is-layout-3 wp-block-columns-is-layout-flex\">\n<div class=\"wp-block-column is-layout-flow wp-block-column-is-layout-flow\">\n<p class=\"ls-paragraph\"><span style=\"color:#000\" class=\"tadv-color\">Het voordeel van een campingvakantie met een zwemparadijs, vooral op de 4-sterren camping<\/span> <span style=\"color:#000\" class=\"tadv-color\">Mazet Plage in Auvergne-Rh\u00f4ne-Alpes<\/span>, <span style=\"color:#000\" class=\"tadv-color\">is dat ouders kunnen genieten van een welverdiend moment van ontspanning in de jacuzzi naast het zwembad, of kunnen zonnebaden op de ligstoelen rond het buitenzwembad, terwijl hun kinderen vrolijk en veilig in het water spelen. <\/span> <\/p>\n<\/div>\n\n\n\n<div class=\"wp-block-column is-layout-flow wp-block-column-is-layout-flow\">\n<p class=\"ls-paragraph\">Weg van de <a href=\"https:\/\/www.camping-mazet-plage.com\/nl\/locatie-stacaravan-ardeche\/\">stacaravans<\/a>, zijn rust en welzijn de sleutelwoorden van het zwembad op onze 4-sterren camping in het zuiden van de Ard\u00e8che. Andere diensten zoals de snackbar-restaurant zijn beschikbaar tijdens uw verblijf, evenals buitenanimatie voor u en uw kinderen! In ons bar-restaurant kun je genieten van een verfrissend drankje met uitzicht op het zwembad of van een van de \u00e0 la carte gerechten.    <\/p>\n\n\n\n<p class=\"ls-paragraph\">Bekijk onze accommodaties en reserveer een van onze huuraccommodaties (stacaravans) of <a href=\"https:\/\/www.camping-mazet-plage.com\/nl\/campingplaats-ardeche\/\">kampeerplaatsen voor tenten<\/a>, caravans en campers, voor een vakantie van een week of langer! Voor een gezinsvakantie in Auvergne-Rh\u00f4ne-Alpes die zowel ontspannend als actief is, dankzij het waterpark en de vele activiteiten en evenementen op onze 4-sterrencamping in de Ard\u00e8che! <\/p>\n\n\n\r\n<a href=\"\/loisirs\/\" id=\"ls-button-block_78b7c86df14aa331edef0bcf1e49badd\" target=\"\" rel=\"\" class=\"ls-button\" ><span><span class=\"deco-button\">+<\/span>Ontdek onze vrijetijdsactiviteiten<\/span><\/a>\r\n<\/div>\n<\/div>\n<\/div>\n<\/div>\n\n\r\n    <\/div>\r\n<\/section><section id=\"ls-section-block_e31ee1b1a3a4a2f661e3fbb7f2976943\" class=\"ls-section \" >\r\n        <div class=\"container container--wide\">\r\n        \n\n<p class=\"ls-paragraph has-text-align-center has-color-1-color has-text-color\" style=\"font-size:30px\"><span style=\"color:#12492f\" class=\"tadv-color\"><strong>Ontdek de rivier en de accommodatie op <span style=\"color:#12492f\" class=\"tadv-color\"><strong><span class=\"has-inline-color has-color-1-color\"><strong>onze camping<\/strong><\/span> <\/strong><\/span>  <\/strong><\/span><\/p>\n\n\n\n<div id=\"ls-maillage-block_6de0ed4c630d2ce22efe3e2a08e24df3\" class=\"ls-maillage cta-style-normal\" data-rows=\"3\">\n\n    <div class=\"wp-block-columns\"><div class=\"wp-block-column ls-cta\">\n\n<a href=\"https:\/\/www.camping-mazet-plage.com\/nl\/campingplaats-ardeche\/\" target=\"\" rel=\"noopener\" class=\"ls-cta__link\">\n\n\t<div class=\"ls-cta__image\"><img decoding=\"async\" src=\"https:\/\/www.camping-mazet-plage.com\/wp-content\/uploads\/2022\/01\/louer-emplacement-ardeche.jpg\" alt=\"verhuurlocatie ardeche\"><\/div>\n\t<div class=\"ls-cta__title\">\n\t\tLocatie\t<\/div>\n\n\t\t\n<\/a><\/div><div class=\"wp-block-column ls-cta\">\n\n<a href=\"https:\/\/www.camping-mazet-plage.com\/nl\/locatie-stacaravan-ardeche\/\" target=\"\" rel=\"noopener\" class=\"ls-cta__link\">\n\n\t<div class=\"ls-cta__image\"><img decoding=\"async\" src=\"https:\/\/www.camping-mazet-plage.com\/wp-content\/uploads\/2022\/01\/location-mobil-home-ardeche.jpg\" alt=\"locatie-mobil-home-ardechelocatie mobil home ardeche\"><\/div>\n\t<div class=\"ls-cta__title\">\n\t\tStacaravan\t<\/div>\n\n\t\t\n<\/a><\/div><div class=\"wp-block-column ls-cta\">\n\n<a href=\"https:\/\/www.camping-mazet-plage.com\/nl\/camping-ardeche-rivieroever\/\" target=\"\" rel=\"noopener\" class=\"ls-cta__link\">\n\n\t<div class=\"ls-cta__image\"><img decoding=\"async\" src=\"https:\/\/www.camping-mazet-plage.com\/wp-content\/uploads\/2022\/02\/riviere-proche-camping.jpg\" alt=\"rivier bij camping\"><\/div>\n\t<div class=\"ls-cta__title\">\n\t\tRivier\t<\/div>\n\n\t\t\n<\/a><\/div><\/div>\n<\/div>\n\r\n    <\/div>\r\n<\/section>","protected":false},"excerpt":{"rendered":"","protected":false},"author":1,"featured_media":64052,"parent":0,"menu_order":0,"comment_status":"closed","ping_status":"closed","template":"","meta":{"footnotes":""},"sujet":[],"class_list":["post-64037","page","type-page","status-publish","has-post-thumbnail","hentry"],"acf":[],"yoast_head":"<!-- This site is optimized with the Yoast SEO plugin v21.9 - https:\/\/yoast.com\/wordpress\/plugins\/seo\/ -->\n<title>Camping Ardeche piscine | Camping met zwembad in Ard\u00e8che<\/title>\n<meta name=\"description\" content=\"4-sterren camping Ardeche piscine - Op een steenworp afstand van de rivier biedt onze camping met zwembad in de Ard\u00e8che een prachtig zwemparadijs.\" \/>\n<meta name=\"robots\" content=\"index, follow, max-snippet:-1, max-image-preview:large, max-video-preview:-1\" \/>\n<link rel=\"canonical\" href=\"https:\/\/www.camping-mazet-plage.com\/nl\/camping-ardeche-zwembad\/\" \/>\n<meta property=\"og:locale\" content=\"nl_NL\" \/>\n<meta property=\"og:type\" content=\"article\" \/>\n<meta property=\"og:title\" content=\"Camping Ardeche piscine | Camping met zwembad in Ard\u00e8che\" \/>\n<meta property=\"og:description\" content=\"4-sterren camping Ardeche piscine - Op een steenworp afstand van de rivier biedt onze camping met zwembad in de Ard\u00e8che een prachtig zwemparadijs.\" \/>\n<meta property=\"og:url\" content=\"https:\/\/www.camping-mazet-plage.com\/nl\/camping-ardeche-zwembad\/\" \/>\n<meta property=\"og:site_name\" content=\"Camping Mazet Plage\" \/>\n<meta property=\"article:modified_time\" content=\"2025-09-09T07:45:49+00:00\" \/>\n<meta property=\"og:image\" content=\"https:\/\/www.camping-mazet-plage.com\/wp-content\/uploads\/2022\/02\/camping-piscine-chauffee.jpg\" \/>\n\t<meta property=\"og:image:width\" content=\"1900\" \/>\n\t<meta property=\"og:image:height\" content=\"700\" \/>\n\t<meta property=\"og:image:type\" content=\"image\/jpeg\" \/>\n<meta name=\"twitter:card\" content=\"summary_large_image\" \/>\n<meta name=\"twitter:label1\" content=\"Geschatte leestijd\" \/>\n\t<meta name=\"twitter:data1\" content=\"3 minuten\" \/>\n<script type=\"application\/ld+json\" class=\"yoast-schema-graph\">{\"@context\":\"https:\/\/schema.org\",\"@graph\":[{\"@type\":\"WebPage\",\"@id\":\"https:\/\/www.camping-mazet-plage.com\/nl\/camping-ardeche-zwembad\/\",\"url\":\"https:\/\/www.camping-mazet-plage.com\/nl\/camping-ardeche-zwembad\/\",\"name\":\"Camping Ardeche piscine | Camping met zwembad in Ard\u00e8che\",\"isPartOf\":{\"@id\":\"https:\/\/www.camping-mazet-plage.com\/nl\/#website\"},\"datePublished\":\"2021-12-17T06:55:56+00:00\",\"dateModified\":\"2025-09-09T07:45:49+00:00\",\"description\":\"4-sterren camping Ardeche piscine - Op een steenworp afstand van de rivier biedt onze camping met zwembad in de Ard\u00e8che een prachtig zwemparadijs.\",\"breadcrumb\":{\"@id\":\"https:\/\/www.camping-mazet-plage.com\/nl\/camping-ardeche-zwembad\/#breadcrumb\"},\"inLanguage\":\"nl-NL\",\"potentialAction\":[{\"@type\":\"ReadAction\",\"target\":[\"https:\/\/www.camping-mazet-plage.com\/nl\/camping-ardeche-zwembad\/\"]}]},{\"@type\":\"BreadcrumbList\",\"@id\":\"https:\/\/www.camping-mazet-plage.com\/nl\/camping-ardeche-zwembad\/#breadcrumb\",\"itemListElement\":[{\"@type\":\"ListItem\",\"position\":1,\"name\":\"Camping Ard\u00e8che\",\"item\":\"https:\/\/www.camping-mazet-plage.com\/nl\/\"},{\"@type\":\"ListItem\",\"position\":2,\"name\":\"Camping Ardeche zwembad\"}]},{\"@type\":\"WebSite\",\"@id\":\"https:\/\/www.camping-mazet-plage.com\/nl\/#website\",\"url\":\"https:\/\/www.camping-mazet-plage.com\/nl\/\",\"name\":\"Camping Mazet Plage\",\"description\":\"\",\"publisher\":{\"@id\":\"https:\/\/www.camping-mazet-plage.com\/nl\/#organization\"},\"potentialAction\":[{\"@type\":\"SearchAction\",\"target\":{\"@type\":\"EntryPoint\",\"urlTemplate\":\"https:\/\/www.camping-mazet-plage.com\/nl\/?s={search_term_string}\"},\"query-input\":\"required name=search_term_string\"}],\"inLanguage\":\"nl-NL\"},{\"@type\":\"Organization\",\"@id\":\"https:\/\/www.camping-mazet-plage.com\/nl\/#organization\",\"name\":\"Camping Mazet Plage\",\"url\":\"https:\/\/www.camping-mazet-plage.com\/nl\/\",\"logo\":{\"@type\":\"ImageObject\",\"inLanguage\":\"nl-NL\",\"@id\":\"https:\/\/www.camping-mazet-plage.com\/nl\/#\/schema\/logo\/image\/\",\"url\":\"https:\/\/www.camping-mazet-plage.com\/wp-content\/uploads\/2022\/02\/logo-footer.jpg\",\"contentUrl\":\"https:\/\/www.camping-mazet-plage.com\/wp-content\/uploads\/2022\/02\/logo-footer.jpg\",\"width\":352,\"height\":434,\"caption\":\"Camping Mazet Plage\"},\"image\":{\"@id\":\"https:\/\/www.camping-mazet-plage.com\/nl\/#\/schema\/logo\/image\/\"}}]}<\/script>\n<!-- \/ Yoast SEO plugin. -->","yoast_head_json":{"title":"Camping Ardeche piscine | Camping met zwembad in Ard\u00e8che","description":"4-sterren camping Ardeche piscine - Op een steenworp afstand van de rivier biedt onze camping met zwembad in de Ard\u00e8che een prachtig zwemparadijs.","robots":{"index":"index","follow":"follow","max-snippet":"max-snippet:-1","max-image-preview":"max-image-preview:large","max-video-preview":"max-video-preview:-1"},"canonical":"https:\/\/www.camping-mazet-plage.com\/nl\/camping-ardeche-zwembad\/","og_locale":"nl_NL","og_type":"article","og_title":"Camping Ardeche piscine | Camping met zwembad in Ard\u00e8che","og_description":"4-sterren camping Ardeche piscine - Op een steenworp afstand van de rivier biedt onze camping met zwembad in de Ard\u00e8che een prachtig zwemparadijs.","og_url":"https:\/\/www.camping-mazet-plage.com\/nl\/camping-ardeche-zwembad\/","og_site_name":"Camping Mazet Plage","article_modified_time":"2025-09-09T07:45:49+00:00","og_image":[{"width":1900,"height":700,"url":"https:\/\/www.camping-mazet-plage.com\/wp-content\/uploads\/2022\/02\/camping-piscine-chauffee.jpg","type":"image\/jpeg"}],"twitter_card":"summary_large_image","twitter_misc":{"Geschatte leestijd":"3 minuten"},"schema":{"@context":"https:\/\/schema.org","@graph":[{"@type":"WebPage","@id":"https:\/\/www.camping-mazet-plage.com\/nl\/camping-ardeche-zwembad\/","url":"https:\/\/www.camping-mazet-plage.com\/nl\/camping-ardeche-zwembad\/","name":"Camping Ardeche piscine | Camping met zwembad in Ard\u00e8che","isPartOf":{"@id":"https:\/\/www.camping-mazet-plage.com\/nl\/#website"},"datePublished":"2021-12-17T06:55:56+00:00","dateModified":"2025-09-09T07:45:49+00:00","description":"4-sterren camping Ardeche piscine - Op een steenworp afstand van de rivier biedt onze camping met zwembad in de Ard\u00e8che een prachtig zwemparadijs.","breadcrumb":{"@id":"https:\/\/www.camping-mazet-plage.com\/nl\/camping-ardeche-zwembad\/#breadcrumb"},"inLanguage":"nl-NL","potentialAction":[{"@type":"ReadAction","target":["https:\/\/www.camping-mazet-plage.com\/nl\/camping-ardeche-zwembad\/"]}]},{"@type":"BreadcrumbList","@id":"https:\/\/www.camping-mazet-plage.com\/nl\/camping-ardeche-zwembad\/#breadcrumb","itemListElement":[{"@type":"ListItem","position":1,"name":"Camping Ard\u00e8che","item":"https:\/\/www.camping-mazet-plage.com\/nl\/"},{"@type":"ListItem","position":2,"name":"Camping Ardeche zwembad"}]},{"@type":"WebSite","@id":"https:\/\/www.camping-mazet-plage.com\/nl\/#website","url":"https:\/\/www.camping-mazet-plage.com\/nl\/","name":"Camping Mazet Plage","description":"","publisher":{"@id":"https:\/\/www.camping-mazet-plage.com\/nl\/#organization"},"potentialAction":[{"@type":"SearchAction","target":{"@type":"EntryPoint","urlTemplate":"https:\/\/www.camping-mazet-plage.com\/nl\/?s={search_term_string}"},"query-input":"required name=search_term_string"}],"inLanguage":"nl-NL"},{"@type":"Organization","@id":"https:\/\/www.camping-mazet-plage.com\/nl\/#organization","name":"Camping Mazet Plage","url":"https:\/\/www.camping-mazet-plage.com\/nl\/","logo":{"@type":"ImageObject","inLanguage":"nl-NL","@id":"https:\/\/www.camping-mazet-plage.com\/nl\/#\/schema\/logo\/image\/","url":"https:\/\/www.camping-mazet-plage.com\/wp-content\/uploads\/2022\/02\/logo-footer.jpg","contentUrl":"https:\/\/www.camping-mazet-plage.com\/wp-content\/uploads\/2022\/02\/logo-footer.jpg","width":352,"height":434,"caption":"Camping Mazet Plage"},"image":{"@id":"https:\/\/www.camping-mazet-plage.com\/nl\/#\/schema\/logo\/image\/"}}]}},"_links":{"self":[{"href":"https:\/\/www.camping-mazet-plage.com\/nl\/wp-json\/wp\/v2\/pages\/64037"}],"collection":[{"href":"https:\/\/www.camping-mazet-plage.com\/nl\/wp-json\/wp\/v2\/pages"}],"about":[{"href":"https:\/\/www.camping-mazet-plage.com\/nl\/wp-json\/wp\/v2\/types\/page"}],"author":[{"embeddable":true,"href":"https:\/\/www.camping-mazet-plage.com\/nl\/wp-json\/wp\/v2\/users\/1"}],"replies":[{"embeddable":true,"href":"https:\/\/www.camping-mazet-plage.com\/nl\/wp-json\/wp\/v2\/comments?post=64037"}],"version-history":[{"count":4,"href":"https:\/\/www.camping-mazet-plage.com\/nl\/wp-json\/wp\/v2\/pages\/64037\/revisions"}],"predecessor-version":[{"id":64392,"href":"https:\/\/www.camping-mazet-plage.com\/nl\/wp-json\/wp\/v2\/pages\/64037\/revisions\/64392"}],"wp:featuredmedia":[{"embeddable":true,"href":"https:\/\/www.camping-mazet-plage.com\/nl\/wp-json\/wp\/v2\/media\/64052"}],"wp:attachment":[{"href":"https:\/\/www.camping-mazet-plage.com\/nl\/wp-json\/wp\/v2\/media?parent=64037"}],"wp:term":[{"taxonomy":"sujet","embeddable":true,"href":"https:\/\/www.camping-mazet-plage.com\/nl\/wp-json\/wp\/v2\/sujet?post=64037"}],"curies":[{"name":"wp","href":"https:\/\/api.w.org\/{rel}","templated":true}]}}