{"id":60887,"date":"2021-12-22T08:08:47","date_gmt":"2021-12-22T07:08:47","guid":{"rendered":"https:\/\/www.camping-mazet-plage.com\/mentions-legales\/"},"modified":"2025-09-04T15:49:06","modified_gmt":"2025-09-04T13:49:06","slug":"legal-erklarungen","status":"publish","type":"page","link":"https:\/\/www.camping-mazet-plage.com\/de\/legal-erklarungen\/","title":{"rendered":"Rechtliche Hinweise"},"content":{"rendered":"<section id=\"ls-section-block_cb22798d8e6513be2617e0c5fd0aeb91\" class=\"ls-section \" >\r\n        <div class=\"container \">\r\n        \n\n<h1 class=\"ls__heading wp-block-heading has-text-align-center deco has-color-1-color has-text-color\">Rechtliche Hinweise<\/h1>\n\n\n\n<h2 class=\"ls__heading wp-block-heading has-text-align-center\"><mark style=\"background-color:rgba(0, 0, 0, 0)\" class=\"has-inline-color has-color-1-color\">Herausgeber der Website<\/mark><\/h2>\n\n\n\n<p class=\"ls-paragraph has-text-align-center\"><mark style=\"background-color:rgba(0, 0, 0, 0)\" class=\"has-inline-color has-color-1-color\"><strong>Campingplatz Mazetplage<\/strong><br\/><\/mark>Mazet Plage, 07460 Berrias-et-Casteljau<br\/>Ard\u00e8che &#8211; Auvergne-Rh\u00f4ne-Alpes &#8211; Frankreich<br\/>Tel : +33 (0)4 75 39 32 56<br\/>Email : camping.mazet-plage@wanadoo.fr<br\/>SIRET : 39517628200014<br\/>N\u00b0 RCS : Berrias-et-Casteljau B395176282<br\/>Verantwortlich f\u00fcr die Ver\u00f6ffentlichung: Melissa Heyraud<\/p>\n\n\n\n<h2 class=\"ls__heading wp-block-heading has-text-align-center\"><mark style=\"background-color:rgba(0, 0, 0, 0)\" class=\"has-inline-color has-color-1-color\">Realisation<\/mark><\/h2>\n\n\n\n<p class=\"ls-paragraph has-text-align-center\">GEEK TONIC<br\/>Vertreten durch Herrn Yohan Darmayan in seiner Eigenschaft als Gesch\u00e4ftsf\u00fchrer<br\/>Eingetragener Sitz: 1 All. Pierre Georges Lat\u00e9co\u00e8re, 64200 Biarritz<br\/>Tel.: 05 32 74 11 52<br\/>E-mail: support@geek-tonic.com<br\/>Website: <a href=\"https:\/\/www.geek-tonic.com\" target=\"_blank\" rel=\"noreferrer noopener\">www.geek-tonic.com<\/a><br\/>SIRET: 89746755100015<br\/>APE: 6201Z<\/p>\n\n\n\n<h2 class=\"ls__heading wp-block-heading has-text-align-center\"><mark style=\"background-color:rgba(0, 0, 0, 0)\" class=\"has-inline-color has-color-1-color\">Urheberrecht und Copyright<\/mark><\/h2>\n\n\n\n<p class=\"ls-paragraph has-text-align-center\">Der gesamte Inhalt dieser Website des <a href=\"\/\">4-Sterne-Campingplatzes in der Ard\u00e8che<\/a> Mazet Plage unterliegt dem Urheberrecht sowie dem geistigen Eigentum der franz\u00f6sischen Gesetzgebung. Jede Vervielf\u00e4ltigung (einschlie\u00dflich Fotos, Icons und herunterladbarer Dokumente) ist ohne vorherige Zustimmung von GEEK TONIC untersagt. Die Vervielf\u00e4ltigung der gesamten oder eines Teils der Website in Papierform oder in elektronischer Form auf einem elektronischen Datentr\u00e4ger ist verboten. GEEK TONIC \u00fcbernimmt keine Verantwortung f\u00fcr den Inhalt der Website. GEEK TONIC \u00fcbernimmt auch keine Verantwortung f\u00fcr externe Links, die auf diese Website verweisen.<\/p>\n\n\n\n<h2 class=\"ls__heading wp-block-heading has-text-align-center\"><mark style=\"background-color:rgba(0, 0, 0, 0)\" class=\"has-inline-color has-color-1-color\">Pers\u00f6nliche Daten und namentliche Informationen<\/mark><\/h2>\n\n\n\n<p class=\"ls-paragraph has-text-align-center\">Sie haben ein Recht auf Zugang, \u00c4nderung, Berichtigung und L\u00f6schung der Sie betreffenden Daten gem\u00e4\u00df Artikel 34 des Gesetzes &#8222;Informatique et Libert\u00e9s&#8220; Nr. 78-17 vom 6. Januar 1978, ge\u00e4ndert am 6. August 2018. Um dieses Zugangsrecht auszu\u00fcben, k\u00f6nnen Sie eine einfache schriftliche Anfrage an den Herausgeber der Website richten.<\/p>\n\n\n\n<h2 class=\"ls__heading wp-block-heading has-text-align-center\"><mark style=\"background-color:rgba(0, 0, 0, 0)\" class=\"has-inline-color has-color-1-color\">Gesetzgebung<\/mark><\/h2>\n\n\n\n<p class=\"ls-paragraph has-text-align-center\">Gem\u00e4\u00df dem Gesetz vom 11. M\u00e4rz 1957 (Art. 41) und dem Gesetzbuch \u00fcber geistiges Eigentum vom 1. Juli 1992 ist es verboten, einen Teil der Website ohne vorherige Genehmigung des Herausgebers der Website teilweise oder vollst\u00e4ndig zu reproduzieren. Die Logos, Bilder, Fotos, Videos, Grafiken und Texte sind Eigentum ihrer jeweiligen Besitzer. Diese Website kann ohne ihr Wissen mit anderen Websites durch Hypermedia-Links verbunden sein. Der Herausgeber der Website \u00fcbernimmt keine Verantwortung f\u00fcr die Informationen auf diesen anderen Websites. Der Internetnutzer erkennt an, dass die Nutzung dieser Website dem franz\u00f6sischen Recht unterliegt.<\/p>\n\n\r\n    <\/div>\r\n<\/section>","protected":false},"excerpt":{"rendered":"","protected":false},"author":1,"featured_media":0,"parent":0,"menu_order":0,"comment_status":"closed","ping_status":"closed","template":"","meta":{"footnotes":""},"sujet":[],"class_list":["post-60887","page","type-page","status-publish","hentry"],"acf":[],"yoast_head":"<!-- This site is optimized with the Yoast SEO plugin v21.9 - https:\/\/yoast.com\/wordpress\/plugins\/seo\/ -->\n<title>Rechtliche Hinweise - Mazetplage<\/title>\n<meta name=\"description\" content=\"Rechtliche Hinweise f\u00fcr die Website des Campingplatzes Mazet Plage, ein Campingplatz in der s\u00fcdlichen Ard\u00e8che.\" \/>\n<meta name=\"robots\" content=\"noindex, nofollow\" \/>\n<meta property=\"og:locale\" content=\"de_DE\" \/>\n<meta property=\"og:type\" content=\"article\" \/>\n<meta property=\"og:title\" content=\"Rechtliche Hinweise - Mazetplage\" \/>\n<meta property=\"og:description\" content=\"Rechtliche Hinweise f\u00fcr die Website des Campingplatzes Mazet Plage, ein Campingplatz in der s\u00fcdlichen Ard\u00e8che.\" \/>\n<meta property=\"og:url\" content=\"https:\/\/www.camping-mazet-plage.com\/de\/legal-erklarungen\/\" \/>\n<meta property=\"og:site_name\" content=\"Campingplatz Mazet Plage\" \/>\n<meta property=\"article:modified_time\" content=\"2025-09-04T13:49:06+00:00\" \/>\n<meta name=\"twitter:card\" content=\"summary_large_image\" \/>\n<meta name=\"twitter:label1\" content=\"Gesch\u00e4tzte Lesezeit\" \/>\n\t<meta name=\"twitter:data1\" content=\"2\u00a0Minuten\" \/>\n<script type=\"application\/ld+json\" class=\"yoast-schema-graph\">{\"@context\":\"https:\/\/schema.org\",\"@graph\":[{\"@type\":\"WebPage\",\"@id\":\"https:\/\/www.camping-mazet-plage.com\/de\/legal-erklarungen\/\",\"url\":\"https:\/\/www.camping-mazet-plage.com\/de\/legal-erklarungen\/\",\"name\":\"Rechtliche Hinweise - Mazetplage\",\"isPartOf\":{\"@id\":\"https:\/\/www.camping-mazet-plage.com\/de\/#website\"},\"datePublished\":\"2021-12-22T07:08:47+00:00\",\"dateModified\":\"2025-09-04T13:49:06+00:00\",\"description\":\"Rechtliche Hinweise f\u00fcr die Website des Campingplatzes Mazet Plage, ein Campingplatz in der s\u00fcdlichen Ard\u00e8che.\",\"breadcrumb\":{\"@id\":\"https:\/\/www.camping-mazet-plage.com\/de\/legal-erklarungen\/#breadcrumb\"},\"inLanguage\":\"de\",\"potentialAction\":[{\"@type\":\"ReadAction\",\"target\":[\"https:\/\/www.camping-mazet-plage.com\/de\/legal-erklarungen\/\"]}]},{\"@type\":\"BreadcrumbList\",\"@id\":\"https:\/\/www.camping-mazet-plage.com\/de\/legal-erklarungen\/#breadcrumb\",\"itemListElement\":[{\"@type\":\"ListItem\",\"position\":1,\"name\":\"Campingplatz Ard\u00e8che\",\"item\":\"https:\/\/www.camping-mazet-plage.com\/de\/\"},{\"@type\":\"ListItem\",\"position\":2,\"name\":\"Rechtliche Hinweise\"}]},{\"@type\":\"WebSite\",\"@id\":\"https:\/\/www.camping-mazet-plage.com\/de\/#website\",\"url\":\"https:\/\/www.camping-mazet-plage.com\/de\/\",\"name\":\"Campingplatz Mazet Plage\",\"description\":\"\",\"publisher\":{\"@id\":\"https:\/\/www.camping-mazet-plage.com\/de\/#organization\"},\"potentialAction\":[{\"@type\":\"SearchAction\",\"target\":{\"@type\":\"EntryPoint\",\"urlTemplate\":\"https:\/\/www.camping-mazet-plage.com\/de\/?s={search_term_string}\"},\"query-input\":\"required name=search_term_string\"}],\"inLanguage\":\"de\"},{\"@type\":\"Organization\",\"@id\":\"https:\/\/www.camping-mazet-plage.com\/de\/#organization\",\"name\":\"Camping Mazet Plage\",\"url\":\"https:\/\/www.camping-mazet-plage.com\/de\/\",\"logo\":{\"@type\":\"ImageObject\",\"inLanguage\":\"de\",\"@id\":\"https:\/\/www.camping-mazet-plage.com\/de\/#\/schema\/logo\/image\/\",\"url\":\"https:\/\/www.camping-mazet-plage.com\/wp-content\/uploads\/2022\/02\/logo-footer.jpg\",\"contentUrl\":\"https:\/\/www.camping-mazet-plage.com\/wp-content\/uploads\/2022\/02\/logo-footer.jpg\",\"width\":352,\"height\":434,\"caption\":\"Camping Mazet Plage\"},\"image\":{\"@id\":\"https:\/\/www.camping-mazet-plage.com\/de\/#\/schema\/logo\/image\/\"}}]}<\/script>\n<!-- \/ Yoast SEO plugin. -->","yoast_head_json":{"title":"Rechtliche Hinweise - Mazetplage","description":"Rechtliche Hinweise f\u00fcr die Website des Campingplatzes Mazet Plage, ein Campingplatz in der s\u00fcdlichen Ard\u00e8che.","robots":{"index":"noindex","follow":"nofollow"},"og_locale":"de_DE","og_type":"article","og_title":"Rechtliche Hinweise - Mazetplage","og_description":"Rechtliche Hinweise f\u00fcr die Website des Campingplatzes Mazet Plage, ein Campingplatz in der s\u00fcdlichen Ard\u00e8che.","og_url":"https:\/\/www.camping-mazet-plage.com\/de\/legal-erklarungen\/","og_site_name":"Campingplatz Mazet Plage","article_modified_time":"2025-09-04T13:49:06+00:00","twitter_card":"summary_large_image","twitter_misc":{"Gesch\u00e4tzte Lesezeit":"2\u00a0Minuten"},"schema":{"@context":"https:\/\/schema.org","@graph":[{"@type":"WebPage","@id":"https:\/\/www.camping-mazet-plage.com\/de\/legal-erklarungen\/","url":"https:\/\/www.camping-mazet-plage.com\/de\/legal-erklarungen\/","name":"Rechtliche Hinweise - Mazetplage","isPartOf":{"@id":"https:\/\/www.camping-mazet-plage.com\/de\/#website"},"datePublished":"2021-12-22T07:08:47+00:00","dateModified":"2025-09-04T13:49:06+00:00","description":"Rechtliche Hinweise f\u00fcr die Website des Campingplatzes Mazet Plage, ein Campingplatz in der s\u00fcdlichen Ard\u00e8che.","breadcrumb":{"@id":"https:\/\/www.camping-mazet-plage.com\/de\/legal-erklarungen\/#breadcrumb"},"inLanguage":"de","potentialAction":[{"@type":"ReadAction","target":["https:\/\/www.camping-mazet-plage.com\/de\/legal-erklarungen\/"]}]},{"@type":"BreadcrumbList","@id":"https:\/\/www.camping-mazet-plage.com\/de\/legal-erklarungen\/#breadcrumb","itemListElement":[{"@type":"ListItem","position":1,"name":"Campingplatz Ard\u00e8che","item":"https:\/\/www.camping-mazet-plage.com\/de\/"},{"@type":"ListItem","position":2,"name":"Rechtliche Hinweise"}]},{"@type":"WebSite","@id":"https:\/\/www.camping-mazet-plage.com\/de\/#website","url":"https:\/\/www.camping-mazet-plage.com\/de\/","name":"Campingplatz Mazet Plage","description":"","publisher":{"@id":"https:\/\/www.camping-mazet-plage.com\/de\/#organization"},"potentialAction":[{"@type":"SearchAction","target":{"@type":"EntryPoint","urlTemplate":"https:\/\/www.camping-mazet-plage.com\/de\/?s={search_term_string}"},"query-input":"required name=search_term_string"}],"inLanguage":"de"},{"@type":"Organization","@id":"https:\/\/www.camping-mazet-plage.com\/de\/#organization","name":"Camping Mazet Plage","url":"https:\/\/www.camping-mazet-plage.com\/de\/","logo":{"@type":"ImageObject","inLanguage":"de","@id":"https:\/\/www.camping-mazet-plage.com\/de\/#\/schema\/logo\/image\/","url":"https:\/\/www.camping-mazet-plage.com\/wp-content\/uploads\/2022\/02\/logo-footer.jpg","contentUrl":"https:\/\/www.camping-mazet-plage.com\/wp-content\/uploads\/2022\/02\/logo-footer.jpg","width":352,"height":434,"caption":"Camping Mazet Plage"},"image":{"@id":"https:\/\/www.camping-mazet-plage.com\/de\/#\/schema\/logo\/image\/"}}]}},"_links":{"self":[{"href":"https:\/\/www.camping-mazet-plage.com\/de\/wp-json\/wp\/v2\/pages\/60887"}],"collection":[{"href":"https:\/\/www.camping-mazet-plage.com\/de\/wp-json\/wp\/v2\/pages"}],"about":[{"href":"https:\/\/www.camping-mazet-plage.com\/de\/wp-json\/wp\/v2\/types\/page"}],"author":[{"embeddable":true,"href":"https:\/\/www.camping-mazet-plage.com\/de\/wp-json\/wp\/v2\/users\/1"}],"replies":[{"embeddable":true,"href":"https:\/\/www.camping-mazet-plage.com\/de\/wp-json\/wp\/v2\/comments?post=60887"}],"version-history":[{"count":4,"href":"https:\/\/www.camping-mazet-plage.com\/de\/wp-json\/wp\/v2\/pages\/60887\/revisions"}],"predecessor-version":[{"id":64013,"href":"https:\/\/www.camping-mazet-plage.com\/de\/wp-json\/wp\/v2\/pages\/60887\/revisions\/64013"}],"wp:attachment":[{"href":"https:\/\/www.camping-mazet-plage.com\/de\/wp-json\/wp\/v2\/media?parent=60887"}],"wp:term":[{"taxonomy":"sujet","embeddable":true,"href":"https:\/\/www.camping-mazet-plage.com\/de\/wp-json\/wp\/v2\/sujet?post=60887"}],"curies":[{"name":"wp","href":"https:\/\/api.w.org\/{rel}","templated":true}]}}