{"id":60410,"date":"2021-12-17T07:55:48","date_gmt":"2021-12-17T06:55:48","guid":{"rendered":"https:\/\/www.camping-mazet-plage.com\/camping-pas-cher-ardeche\/"},"modified":"2025-09-04T16:06:46","modified_gmt":"2025-09-04T14:06:46","slug":"campingplatz-guenstig-ardeche","status":"publish","type":"page","link":"https:\/\/www.camping-mazet-plage.com\/de\/campingplatz-guenstig-ardeche\/","title":{"rendered":"Preise"},"content":{"rendered":"<section id=\"ls-section-block_15462a014847668a8c9b8bb5b45e08cb\" class=\"ls-section   bgDecoGris\" >\r\n        <div class=\"container container--full\">\r\n        \n\n<div class=\"wp-block-columns are-vertically-aligned-center is-layout-flex wp-container-core-columns-is-layout-1 wp-block-columns-is-layout-flex\">\n<div class=\"wp-block-column is-vertically-aligned-center is-layout-flow wp-block-column-is-layout-flow\" style=\"flex-basis:40%\">\n<h1 class=\"ls__heading wp-block-heading deco has-color-1-color has-text-color\">G\u00fcnstige Campingpl\u00e4tze in der Ard\u00e8che<\/h1>\n\n\n\n<p class=\"ls-paragraph\"><strong><span style=\"color:#f56038\" class=\"tadv-color\">Untenstehend finden Sie die Preisliste f\u00fcr die Vermietung von Mobilheimen und Stellpl\u00e4tzen in der Neben- und Hochsaison auf unserem g\u00fcnstigen Campingplatz in der Ard\u00e8che.<\/span><\/strong>. So k\u00f6nnen Sie <span style=\"color:#000\" class=\"tadv-color\">Ihre Termine entsprechend Ihres Budgets ausw\u00e4hlen<\/span>.<br\/> Die Preise f\u00fcr Mobilheime sind f\u00fcr eine Woche angegeben. <strong><span style=\"color:#f56038\" class=\"tadv-color\">f\u00fcr eine komplette Mietwoche.<\/span><\/strong>von Samstag bis Samstag und auf einer Basis von 6 Personen (maximale Kapazit\u00e4t der Bungalows). Die Preise f\u00fcr die Stellpl\u00e4tze gelten f\u00fcr einen Tag mit Ankunft und Abreise um 12 Uhr.  <\/p>\n\n\n\n<p class=\"ls-paragraph\"><br\/><span class=\"tadv-color\" style=\"color:#000\">Sie finden hier auch die Preise f\u00fcr m\u00f6gliche Extras, wie die Miete eines Babysets (Kinderbett, Hochstuhl, Minibadewanne&#8230;) oder die Unterbringung eines Haustieres. Bitte beachten Sie, dass Hunde der Kategorie 1 und 2 auf unserem <a class=\"hide-link\" href=\"https:\/\/www.bon-plan-camping.fr\/auvergne-rhone-alpes\/ardeche\/\" target=\"_blank\" rel=\"noopener\">g\u00fcnstigen Campingplatz in der Ard\u00e8che<\/a> nicht erlaubt sind. Es ist auch m\u00f6glich, den gesamten Betrag oder einen Teil davon mit Ch\u00e8ques Vacances zu bezahlen, so dass Ihr Aufenthalt auf <a href=\"\/\">einem 4-Sterne-Campingplatz in der s\u00fcdlichen Ard\u00e8che<\/a> noch g\u00fcnstiger wird!  <\/span><\/p>\n<\/div>\n\n\n\n<div class=\"wp-block-column is-vertically-aligned-center ls-slider-innerContent is-layout-flow wp-block-column-is-layout-flow\" style=\"flex-basis:60%\">\n<figure class=\"wp-block-image size-large\"><a href=\"https:\/\/www.camping-mazet-plage.com\/wp-content\/uploads\/2022\/01\/camping-berrias-location.jpg\"><img decoding=\"async\" width=\"1024\" height=\"683\" src=\"https:\/\/www.camping-mazet-plage.com\/wp-content\/uploads\/2022\/01\/camping-berrias-location-1024x683.jpg\" alt=\"camping berrias vermietung\" class=\"wp-image-1030\" srcset=\"https:\/\/www.camping-mazet-plage.com\/wp-content\/uploads\/2022\/01\/camping-berrias-location-1024x683.jpg 1024w, https:\/\/www.camping-mazet-plage.com\/wp-content\/uploads\/2022\/01\/camping-berrias-location-300x200.jpg 300w, https:\/\/www.camping-mazet-plage.com\/wp-content\/uploads\/2022\/01\/camping-berrias-location-768x512.jpg 768w, https:\/\/www.camping-mazet-plage.com\/wp-content\/uploads\/2022\/01\/camping-berrias-location.jpg 1200w\" sizes=\"(max-width: 1024px) 100vw, 1024px\" \/><\/a><\/figure>\n\n\n\n<figure class=\"wp-block-image size-large\"><a href=\"https:\/\/www.camping-mazet-plage.com\/wp-content\/uploads\/2022\/01\/camping-berrias-emplacement2.jpg\"><img decoding=\"async\" width=\"1024\" height=\"683\" src=\"https:\/\/www.camping-mazet-plage.com\/wp-content\/uploads\/2022\/01\/camping-berrias-emplacement2-1024x683.jpg\" alt=\"camping berrias stellplatz\" class=\"wp-image-1031\" srcset=\"https:\/\/www.camping-mazet-plage.com\/wp-content\/uploads\/2022\/01\/camping-berrias-emplacement2-1024x683.jpg 1024w, https:\/\/www.camping-mazet-plage.com\/wp-content\/uploads\/2022\/01\/camping-berrias-emplacement2-300x200.jpg 300w, https:\/\/www.camping-mazet-plage.com\/wp-content\/uploads\/2022\/01\/camping-berrias-emplacement2-768x512.jpg 768w, https:\/\/www.camping-mazet-plage.com\/wp-content\/uploads\/2022\/01\/camping-berrias-emplacement2.jpg 1200w\" sizes=\"(max-width: 1024px) 100vw, 1024px\" \/><\/a><\/figure>\n\n\n\n<figure class=\"wp-block-image size-large\"><a href=\"https:\/\/www.camping-mazet-plage.com\/wp-content\/uploads\/2022\/01\/camping-berrias-location2.jpg\"><img decoding=\"async\" width=\"1024\" height=\"683\" src=\"https:\/\/www.camping-mazet-plage.com\/wp-content\/uploads\/2022\/01\/camping-berrias-location2-1024x683.jpg\" alt=\"camping berrias vermietung\" class=\"wp-image-1032\" srcset=\"https:\/\/www.camping-mazet-plage.com\/wp-content\/uploads\/2022\/01\/camping-berrias-location2-1024x683.jpg 1024w, https:\/\/www.camping-mazet-plage.com\/wp-content\/uploads\/2022\/01\/camping-berrias-location2-300x200.jpg 300w, https:\/\/www.camping-mazet-plage.com\/wp-content\/uploads\/2022\/01\/camping-berrias-location2-768x512.jpg 768w, https:\/\/www.camping-mazet-plage.com\/wp-content\/uploads\/2022\/01\/camping-berrias-location2.jpg 1200w\" sizes=\"(max-width: 1024px) 100vw, 1024px\" \/><\/a><\/figure>\n\n\n\n<figure class=\"wp-block-image size-large\"><a href=\"https:\/\/www.camping-mazet-plage.com\/wp-content\/uploads\/2022\/02\/camping-pas-cher-ardeche.jpg\"><img decoding=\"async\" width=\"1024\" height=\"683\" src=\"https:\/\/www.camping-mazet-plage.com\/wp-content\/uploads\/2022\/02\/camping-pas-cher-ardeche-1024x683.jpg\" alt=\"campingplatz ardeche\" class=\"wp-image-58618\" srcset=\"https:\/\/www.camping-mazet-plage.com\/wp-content\/uploads\/2022\/02\/camping-pas-cher-ardeche-1024x683.jpg 1024w, https:\/\/www.camping-mazet-plage.com\/wp-content\/uploads\/2022\/02\/camping-pas-cher-ardeche-300x200.jpg 300w, https:\/\/www.camping-mazet-plage.com\/wp-content\/uploads\/2022\/02\/camping-pas-cher-ardeche-768x512.jpg 768w, https:\/\/www.camping-mazet-plage.com\/wp-content\/uploads\/2022\/02\/camping-pas-cher-ardeche.jpg 1200w\" sizes=\"(max-width: 1024px) 100vw, 1024px\" \/><\/a><\/figure>\n<\/div>\n<\/div>\n\n\r\n    <\/div>\r\n<\/section><section id=\"ls-section-block_13aa3bb5df046ebde178b9c889c13769\" class=\"ls-section \" >\r\n        <div class=\"container \">\r\n        \n\n<thr-simpleblock category-type=\"both\"><\/thr-simpleblock>\n\n\r\n    <\/div>\r\n<\/section><section id=\"ls-section-block_6ee60633f54795e3ffc8ee6de23e8e05\" class=\"ls-section   bgDecoOrange\" >\r\n        <div class=\"container container--full\">\r\n        \n\n<div class=\"wp-block-columns are-vertically-aligned-center is-layout-flex wp-container-core-columns-is-layout-2 wp-block-columns-is-layout-flex\">\n<div class=\"wp-block-column is-vertically-aligned-center is-layout-flow wp-block-column-is-layout-flow\" style=\"flex-basis:60%\">\n<figure class=\"wp-block-image size-large imageRoundFull\"><a href=\"https:\/\/www.camping-mazet-plage.com\/wp-content\/uploads\/2022\/02\/camping-petit-prix-ardeche.jpg\"><img decoding=\"async\" width=\"1024\" height=\"1024\" src=\"https:\/\/www.camping-mazet-plage.com\/wp-content\/uploads\/2022\/02\/camping-petit-prix-ardeche-1024x1024.jpg\" alt=\"campingplatz petit prix ardeche\" class=\"wp-image-58621\" srcset=\"https:\/\/www.camping-mazet-plage.com\/wp-content\/uploads\/2022\/02\/camping-petit-prix-ardeche-1024x1024.jpg 1024w, https:\/\/www.camping-mazet-plage.com\/wp-content\/uploads\/2022\/02\/camping-petit-prix-ardeche-300x300.jpg 300w, https:\/\/www.camping-mazet-plage.com\/wp-content\/uploads\/2022\/02\/camping-petit-prix-ardeche-150x150.jpg 150w, https:\/\/www.camping-mazet-plage.com\/wp-content\/uploads\/2022\/02\/camping-petit-prix-ardeche-768x768.jpg 768w, https:\/\/www.camping-mazet-plage.com\/wp-content\/uploads\/2022\/02\/camping-petit-prix-ardeche.jpg 1100w\" sizes=\"(max-width: 1024px) 100vw, 1024px\" \/><\/a><\/figure>\n<\/div>\n\n\n\n<div class=\"wp-block-column is-vertically-aligned-center is-layout-flow wp-block-column-is-layout-flow\" style=\"flex-basis:40%\">\n<h2 class=\"ls__heading wp-block-heading has-text-align-right deco has-color-1-color has-text-color\">Vermietung von Mobilheimen ab <br\/>399 \u20ac pro Woche in der Ard\u00e8che<\/h2>\n\n\n\n<p class=\"ls-paragraph\">Sie suchen eine Unterkunft f\u00fcr einen Aufenthalt <strong><span style=\"color:#f56038\" class=\"tadv-color\">Campingplatz in der Ard\u00e8ch<\/span><\/strong>e ? Der Campingplatz Mazet Plage bietet Ihnen eine gro\u00dfe Auswahl an verschiedenen Unterk\u00fcnften. <strong><span style=\"color:#f56038\" class=\"tadv-color\">Mobilheimen zu Discountpreisen an.<\/span><\/strong>So k\u00f6nnen Sie viel Geld sparen und Ihren Urlaub noch mehr genie\u00dfen. <\/p>\n\n\n\n<p class=\"ls-paragraph\"><br\/>Au\u00dferhalb der Saison profitieren Sie von <strong><span class=\"tadv-color\" style=\"color:#f56038\">ab 399 \u20ac pro Woche.<\/span><\/strong> ab dem 1. April f\u00fcr ein <a href=\"https:\/\/www.camping-mazet-plage.com\/de\/standort-mobil-heim-ardeche\/\">Mobilheim in der Ard\u00e8che<\/a>, das 6 Personen beherbergen kann. Auch in den Sommermonaten gibt es gute Angebote: Sie erhalten Ihr Ferienhaus f\u00fcr nur 4 Tage.<strong><span class=\"tadv-color\" style=\"color:#f56038\"> 590 pro Woche in der letzten Augustwoche.<\/span><\/strong>. Verpassen Sie nicht die Rabatte, die unser Campingplatz das ganze Jahr \u00fcber anbietet!  <\/p>\n<\/div>\n<\/div>\n\n\r\n    <\/div>\r\n<\/section><section id=\"ls-section-block_e81a978c48aca05b05983d3368328428\" class=\"ls-section  modeleSection has-p-b p-b-0\" >\r\n        <div class=\"container container--full\">\r\n        \n\n<figure class=\"wp-block-image size-full imageModeleSection\"><img decoding=\"async\" width=\"1900\" height=\"774\" src=\"https:\/\/www.camping-mazet-plage.com\/wp-content\/uploads\/2022\/02\/camping-meilleur-prix-ardeche.jpg\" alt=\"camping preiswert ardeche\" class=\"wp-image-58753\" srcset=\"https:\/\/www.camping-mazet-plage.com\/wp-content\/uploads\/2022\/02\/camping-meilleur-prix-ardeche.jpg 1900w, https:\/\/www.camping-mazet-plage.com\/wp-content\/uploads\/2022\/02\/camping-meilleur-prix-ardeche-300x122.jpg 300w, https:\/\/www.camping-mazet-plage.com\/wp-content\/uploads\/2022\/02\/camping-meilleur-prix-ardeche-1024x417.jpg 1024w, https:\/\/www.camping-mazet-plage.com\/wp-content\/uploads\/2022\/02\/camping-meilleur-prix-ardeche-768x313.jpg 768w, https:\/\/www.camping-mazet-plage.com\/wp-content\/uploads\/2022\/02\/camping-meilleur-prix-ardeche-1536x626.jpg 1536w\" sizes=\"(max-width: 1900px) 100vw, 1900px\" \/><\/figure>\n\n\n\n<div class=\"wp-block-columns containerContenuModeleSection is-layout-flex wp-container-core-columns-is-layout-4 wp-block-columns-is-layout-flex\">\n<div class=\"wp-block-column contenuModeleSection is-layout-flow wp-block-column-is-layout-flow\" style=\"flex-basis:80%\">\n<h2 class=\"ls__heading wp-block-heading deco has-color-1-color has-text-color\">Camping-Stellplatz ab 17,00 \u20ac pro Tag <br\/>in Berrias-et-Casteljau<\/h2>\n\n\n\n<div class=\"wp-block-columns is-layout-flex wp-container-core-columns-is-layout-3 wp-block-columns-is-layout-flex\">\n<div class=\"wp-block-column is-layout-flow wp-block-column-is-layout-flow\">\n<p class=\"ls-paragraph\">Sie fahren mit einem Wohnwagen oder einem Wohnmobil und m\u00f6chten <span style=\"color:#000\" class=\"tadv-color\">einen<\/span><strong><span style=\"color:#f56038\" class=\"tadv-color\"> <\/span><\/strong><a href=\"https:\/\/www.camping-mazet-plage.com\/de\/stellung-camping-ardeche\/\">Campingplatz in der Ard\u00e8che<\/a> zu g\u00fcnstigen Preisen? Auf unserem g\u00fcnstigen Campingplatz in der Ard\u00e8che, Le Mazet Plage, warten schattige Parzellen inmitten der Natur darauf, dass Sie Ihr Zelt aufschlagen oder Ihr Wohnmobil zu einem g\u00fcnstigen Preis aufstellen. <br\/><\/p>\n\n\n\n<p class=\"ls-paragraph\">Au\u00dferhalb des Zeitraums von Juli und August bieten wir eine Pauschale f\u00fcr 2 Personen mit Parkplatz und Zugang zu Warmwasserduschen an. <strong><span class=\"tadv-color\" style=\"color:#f56038\">ab nur 17,00 \u20ac.<\/span><\/strong>. Verbringen Sie einen preiswerten Aufenthalt auf einem <span class=\"tadv-color\" style=\"color:#000\">idyllischen Familiencampingplatz im Departement Ard\u00e8che<\/span> in der N\u00e4he von Vallon Pont d&#8217;Arc und den Gorges de l&#8217;Ard\u00e8che. <\/p>\n<\/div>\n\n\n\n<div class=\"wp-block-column is-layout-flow wp-block-column-is-layout-flow\">\n<p class=\"ls-paragraph\"><span style=\"color:#000\" class=\"tadv-color\">F\u00fcr Kinder unter 2 Jahren ist der Stellplatz das ganze Jahr \u00fcber kostenlos. Eine   <\/span><strong><span style=\"color:#f56038\" class=\"tadv-color\">G\u00fcnstiger Aufenthalt<\/span><\/strong><span style=\"color:#000\" class=\"tadv-color\"> auf dem Campingplatz in Berrias-et-Casteljau, um gute Angebote zu machen: ideal, um Ihren Familienurlaub in der S\u00fcd-Ard\u00e8che zu genie\u00dfen. <\/span> <\/p>\n\n\n\n<p class=\"ls-paragraph\">Bis bald in Le Mazet Plage f\u00fcr einen sch\u00f6nen Campingurlaub am Flussufer im S\u00fcden der Ard\u00e8che!<\/p>\n<\/div>\n<\/div>\n<\/div>\n<\/div>\n\n\r\n    <\/div>\r\n<\/section><section id=\"ls-section-block_59b5b5ed98490f11d84d496d1aeb1312\" class=\"ls-section  has-p-t p-t-0\" >\r\n        <div class=\"container container--wide\">\r\n        \n\n<p class=\"ls-paragraph has-text-align-center has-color-1-color has-text-color\" style=\"font-size:30px\"><span style=\"color:#12492f\" class=\"tadv-color\"><strong> <span class=\"has-inline-color has-color-1-color\"><strong>Entdecken Sie die Mobilheime und Stellpl\u00e4tze unseres Campingplatzes<\/strong><\/span><\/strong><\/span><\/p>\n\n\n\n<div id=\"ls-maillage-block_9433f6df0aa3e3754a806045e208f71a\" class=\"ls-maillage cta-style-normal\" data-rows=\"3\">\n\n    <div class=\"wp-block-columns\"><div class=\"wp-block-column ls-cta\">\n\n<a href=\"https:\/\/www.camping-mazet-plage.com\/de\/standort-mobil-heim-ardeche\/\" target=\"\" rel=\"noopener\" class=\"ls-cta__link\">\n\n\t<div class=\"ls-cta__image\"><img decoding=\"async\" src=\"https:\/\/www.camping-mazet-plage.com\/wp-content\/uploads\/2022\/01\/location-mobil-home-ardeche.jpg\" alt=\"vermietung-mobilheim-ardeche vermietung mobilheim ardeche\"><\/div>\n\t<div class=\"ls-cta__title\">\n\t\tMobilheim\t<\/div>\n\n\t\t\n<\/a><\/div><div class=\"wp-block-column ls-cta\">\n\n<a href=\"https:\/\/www.camping-mazet-plage.com\/de\/schwimmbad\/\" target=\"\" rel=\"noopener\" class=\"ls-cta__link\">\n\n\t<div class=\"ls-cta__image\"><img decoding=\"async\" src=\"https:\/\/www.camping-mazet-plage.com\/wp-content\/uploads\/2022\/02\/camping-piscine-chauffee-ardeche-1.jpg\" alt=\"Campingplatz mit beheiztem Schwimmbad in der Ardeche\"><\/div>\n\t<div class=\"ls-cta__title\">\n\t\tSchwimmbad\t<\/div>\n\n\t\t\n<\/a><\/div><div class=\"wp-block-column ls-cta\">\n\n<a href=\"https:\/\/www.camping-mazet-plage.com\/de\/stellung-camping-ardeche\/\" target=\"\" rel=\"noopener\" class=\"ls-cta__link\">\n\n\t<div class=\"ls-cta__image\"><img decoding=\"async\" src=\"https:\/\/www.camping-mazet-plage.com\/wp-content\/uploads\/2022\/01\/louer-emplacement-ardeche.jpg\" alt=\"mieten grundst\u00fcck ardeche\"><\/div>\n\t<div class=\"ls-cta__title\">\n\t\tStandort\t<\/div>\n\n\t\t\n<\/a><\/div><\/div>\n<\/div>\n\r\n    <\/div>\r\n<\/section>","protected":false},"excerpt":{"rendered":"","protected":false},"author":1,"featured_media":59424,"parent":0,"menu_order":0,"comment_status":"closed","ping_status":"closed","template":"","meta":{"footnotes":""},"sujet":[],"class_list":["post-60410","page","type-page","status-publish","has-post-thumbnail","hentry"],"acf":[],"yoast_head":"<!-- This site is optimized with the Yoast SEO plugin v21.9 - https:\/\/yoast.com\/wordpress\/plugins\/seo\/ -->\n<title>Camping Ardeche g\u00fcnstig | Camping ab 15,80 pro Nacht in der Ardeche<\/title>\n<meta name=\"description\" content=\"Sie suchen einen g\u00fcnstigen Campingplatz in der Ard\u00e8che? Hier finden Sie die Preisliste f\u00fcr unsere Mobilheime und Stellpl\u00e4tze in der Ard\u00e8che.\" \/>\n<meta name=\"robots\" content=\"index, follow, max-snippet:-1, max-image-preview:large, max-video-preview:-1\" \/>\n<link rel=\"canonical\" href=\"https:\/\/www.camping-mazet-plage.com\/de\/campingplatz-guenstig-ardeche\/\" \/>\n<meta property=\"og:locale\" content=\"de_DE\" \/>\n<meta property=\"og:type\" content=\"article\" \/>\n<meta property=\"og:title\" content=\"Camping Ardeche g\u00fcnstig | Camping ab 15,80 pro Nacht in der Ardeche\" \/>\n<meta property=\"og:description\" content=\"Sie suchen einen g\u00fcnstigen Campingplatz in der Ard\u00e8che? Hier finden Sie die Preisliste f\u00fcr unsere Mobilheime und Stellpl\u00e4tze in der Ard\u00e8che.\" \/>\n<meta property=\"og:url\" content=\"https:\/\/www.camping-mazet-plage.com\/de\/campingplatz-guenstig-ardeche\/\" \/>\n<meta property=\"og:site_name\" content=\"Campingplatz Mazet Plage\" \/>\n<meta property=\"article:modified_time\" content=\"2025-09-04T14:06:46+00:00\" \/>\n<meta property=\"og:image\" content=\"https:\/\/www.camping-mazet-plage.com\/wp-content\/uploads\/2022\/01\/entete-camping-pas-cher-ardeche.jpg\" \/>\n\t<meta property=\"og:image:width\" content=\"1920\" \/>\n\t<meta property=\"og:image:height\" content=\"606\" \/>\n\t<meta property=\"og:image:type\" content=\"image\/jpeg\" \/>\n<meta name=\"twitter:card\" content=\"summary_large_image\" \/>\n<meta name=\"twitter:label1\" content=\"Gesch\u00e4tzte Lesezeit\" \/>\n\t<meta name=\"twitter:data1\" content=\"4\u00a0Minuten\" \/>\n<script type=\"application\/ld+json\" class=\"yoast-schema-graph\">{\"@context\":\"https:\/\/schema.org\",\"@graph\":[{\"@type\":\"WebPage\",\"@id\":\"https:\/\/www.camping-mazet-plage.com\/de\/campingplatz-guenstig-ardeche\/\",\"url\":\"https:\/\/www.camping-mazet-plage.com\/de\/campingplatz-guenstig-ardeche\/\",\"name\":\"Camping Ardeche g\u00fcnstig | Camping ab 15,80 pro Nacht in der Ardeche\",\"isPartOf\":{\"@id\":\"https:\/\/www.camping-mazet-plage.com\/de\/#website\"},\"datePublished\":\"2021-12-17T06:55:48+00:00\",\"dateModified\":\"2025-09-04T14:06:46+00:00\",\"description\":\"Sie suchen einen g\u00fcnstigen Campingplatz in der Ard\u00e8che? Hier finden Sie die Preisliste f\u00fcr unsere Mobilheime und Stellpl\u00e4tze in der Ard\u00e8che.\",\"breadcrumb\":{\"@id\":\"https:\/\/www.camping-mazet-plage.com\/de\/campingplatz-guenstig-ardeche\/#breadcrumb\"},\"inLanguage\":\"de\",\"potentialAction\":[{\"@type\":\"ReadAction\",\"target\":[\"https:\/\/www.camping-mazet-plage.com\/de\/campingplatz-guenstig-ardeche\/\"]}]},{\"@type\":\"BreadcrumbList\",\"@id\":\"https:\/\/www.camping-mazet-plage.com\/de\/campingplatz-guenstig-ardeche\/#breadcrumb\",\"itemListElement\":[{\"@type\":\"ListItem\",\"position\":1,\"name\":\"Campingplatz Ard\u00e8che\",\"item\":\"https:\/\/www.camping-mazet-plage.com\/de\/\"},{\"@type\":\"ListItem\",\"position\":2,\"name\":\"Camping Ardeche g\u00fcnstig\"}]},{\"@type\":\"WebSite\",\"@id\":\"https:\/\/www.camping-mazet-plage.com\/de\/#website\",\"url\":\"https:\/\/www.camping-mazet-plage.com\/de\/\",\"name\":\"Campingplatz Mazet Plage\",\"description\":\"\",\"publisher\":{\"@id\":\"https:\/\/www.camping-mazet-plage.com\/de\/#organization\"},\"potentialAction\":[{\"@type\":\"SearchAction\",\"target\":{\"@type\":\"EntryPoint\",\"urlTemplate\":\"https:\/\/www.camping-mazet-plage.com\/de\/?s={search_term_string}\"},\"query-input\":\"required name=search_term_string\"}],\"inLanguage\":\"de\"},{\"@type\":\"Organization\",\"@id\":\"https:\/\/www.camping-mazet-plage.com\/de\/#organization\",\"name\":\"Camping Mazet Plage\",\"url\":\"https:\/\/www.camping-mazet-plage.com\/de\/\",\"logo\":{\"@type\":\"ImageObject\",\"inLanguage\":\"de\",\"@id\":\"https:\/\/www.camping-mazet-plage.com\/de\/#\/schema\/logo\/image\/\",\"url\":\"https:\/\/www.camping-mazet-plage.com\/wp-content\/uploads\/2022\/02\/logo-footer.jpg\",\"contentUrl\":\"https:\/\/www.camping-mazet-plage.com\/wp-content\/uploads\/2022\/02\/logo-footer.jpg\",\"width\":352,\"height\":434,\"caption\":\"Camping Mazet Plage\"},\"image\":{\"@id\":\"https:\/\/www.camping-mazet-plage.com\/de\/#\/schema\/logo\/image\/\"}}]}<\/script>\n<!-- \/ Yoast SEO plugin. -->","yoast_head_json":{"title":"Camping Ardeche g\u00fcnstig | Camping ab 15,80 pro Nacht in der Ardeche","description":"Sie suchen einen g\u00fcnstigen Campingplatz in der Ard\u00e8che? Hier finden Sie die Preisliste f\u00fcr unsere Mobilheime und Stellpl\u00e4tze in der Ard\u00e8che.","robots":{"index":"index","follow":"follow","max-snippet":"max-snippet:-1","max-image-preview":"max-image-preview:large","max-video-preview":"max-video-preview:-1"},"canonical":"https:\/\/www.camping-mazet-plage.com\/de\/campingplatz-guenstig-ardeche\/","og_locale":"de_DE","og_type":"article","og_title":"Camping Ardeche g\u00fcnstig | Camping ab 15,80 pro Nacht in der Ardeche","og_description":"Sie suchen einen g\u00fcnstigen Campingplatz in der Ard\u00e8che? Hier finden Sie die Preisliste f\u00fcr unsere Mobilheime und Stellpl\u00e4tze in der Ard\u00e8che.","og_url":"https:\/\/www.camping-mazet-plage.com\/de\/campingplatz-guenstig-ardeche\/","og_site_name":"Campingplatz Mazet Plage","article_modified_time":"2025-09-04T14:06:46+00:00","og_image":[{"width":1920,"height":606,"url":"https:\/\/www.camping-mazet-plage.com\/wp-content\/uploads\/2022\/01\/entete-camping-pas-cher-ardeche.jpg","type":"image\/jpeg"}],"twitter_card":"summary_large_image","twitter_misc":{"Gesch\u00e4tzte Lesezeit":"4\u00a0Minuten"},"schema":{"@context":"https:\/\/schema.org","@graph":[{"@type":"WebPage","@id":"https:\/\/www.camping-mazet-plage.com\/de\/campingplatz-guenstig-ardeche\/","url":"https:\/\/www.camping-mazet-plage.com\/de\/campingplatz-guenstig-ardeche\/","name":"Camping Ardeche g\u00fcnstig | Camping ab 15,80 pro Nacht in der Ardeche","isPartOf":{"@id":"https:\/\/www.camping-mazet-plage.com\/de\/#website"},"datePublished":"2021-12-17T06:55:48+00:00","dateModified":"2025-09-04T14:06:46+00:00","description":"Sie suchen einen g\u00fcnstigen Campingplatz in der Ard\u00e8che? Hier finden Sie die Preisliste f\u00fcr unsere Mobilheime und Stellpl\u00e4tze in der Ard\u00e8che.","breadcrumb":{"@id":"https:\/\/www.camping-mazet-plage.com\/de\/campingplatz-guenstig-ardeche\/#breadcrumb"},"inLanguage":"de","potentialAction":[{"@type":"ReadAction","target":["https:\/\/www.camping-mazet-plage.com\/de\/campingplatz-guenstig-ardeche\/"]}]},{"@type":"BreadcrumbList","@id":"https:\/\/www.camping-mazet-plage.com\/de\/campingplatz-guenstig-ardeche\/#breadcrumb","itemListElement":[{"@type":"ListItem","position":1,"name":"Campingplatz Ard\u00e8che","item":"https:\/\/www.camping-mazet-plage.com\/de\/"},{"@type":"ListItem","position":2,"name":"Camping Ardeche g\u00fcnstig"}]},{"@type":"WebSite","@id":"https:\/\/www.camping-mazet-plage.com\/de\/#website","url":"https:\/\/www.camping-mazet-plage.com\/de\/","name":"Campingplatz Mazet Plage","description":"","publisher":{"@id":"https:\/\/www.camping-mazet-plage.com\/de\/#organization"},"potentialAction":[{"@type":"SearchAction","target":{"@type":"EntryPoint","urlTemplate":"https:\/\/www.camping-mazet-plage.com\/de\/?s={search_term_string}"},"query-input":"required name=search_term_string"}],"inLanguage":"de"},{"@type":"Organization","@id":"https:\/\/www.camping-mazet-plage.com\/de\/#organization","name":"Camping Mazet Plage","url":"https:\/\/www.camping-mazet-plage.com\/de\/","logo":{"@type":"ImageObject","inLanguage":"de","@id":"https:\/\/www.camping-mazet-plage.com\/de\/#\/schema\/logo\/image\/","url":"https:\/\/www.camping-mazet-plage.com\/wp-content\/uploads\/2022\/02\/logo-footer.jpg","contentUrl":"https:\/\/www.camping-mazet-plage.com\/wp-content\/uploads\/2022\/02\/logo-footer.jpg","width":352,"height":434,"caption":"Camping Mazet Plage"},"image":{"@id":"https:\/\/www.camping-mazet-plage.com\/de\/#\/schema\/logo\/image\/"}}]}},"_links":{"self":[{"href":"https:\/\/www.camping-mazet-plage.com\/de\/wp-json\/wp\/v2\/pages\/60410"}],"collection":[{"href":"https:\/\/www.camping-mazet-plage.com\/de\/wp-json\/wp\/v2\/pages"}],"about":[{"href":"https:\/\/www.camping-mazet-plage.com\/de\/wp-json\/wp\/v2\/types\/page"}],"author":[{"embeddable":true,"href":"https:\/\/www.camping-mazet-plage.com\/de\/wp-json\/wp\/v2\/users\/1"}],"replies":[{"embeddable":true,"href":"https:\/\/www.camping-mazet-plage.com\/de\/wp-json\/wp\/v2\/comments?post=60410"}],"version-history":[{"count":8,"href":"https:\/\/www.camping-mazet-plage.com\/de\/wp-json\/wp\/v2\/pages\/60410\/revisions"}],"predecessor-version":[{"id":64136,"href":"https:\/\/www.camping-mazet-plage.com\/de\/wp-json\/wp\/v2\/pages\/60410\/revisions\/64136"}],"wp:featuredmedia":[{"embeddable":true,"href":"https:\/\/www.camping-mazet-plage.com\/de\/wp-json\/wp\/v2\/media\/59424"}],"wp:attachment":[{"href":"https:\/\/www.camping-mazet-plage.com\/de\/wp-json\/wp\/v2\/media?parent=60410"}],"wp:term":[{"taxonomy":"sujet","embeddable":true,"href":"https:\/\/www.camping-mazet-plage.com\/de\/wp-json\/wp\/v2\/sujet?post=60410"}],"curies":[{"name":"wp","href":"https:\/\/api.w.org\/{rel}","templated":true}]}}