{"id":60378,"date":"2021-12-17T07:55:35","date_gmt":"2021-12-17T06:55:35","guid":{"rendered":"https:\/\/www.camping-mazet-plage.com\/emplacement-camping-ardeche-2\/"},"modified":"2025-09-04T15:44:57","modified_gmt":"2025-09-04T13:44:57","slug":"stellung-camping-ardeche","status":"publish","type":"page","link":"https:\/\/www.camping-mazet-plage.com\/de\/stellung-camping-ardeche\/","title":{"rendered":"Pl\u00e4tze"},"content":{"rendered":"<section id=\"ls-section-block_4c0989d9c97d943bb7d436c18fd9bd81\" class=\"ls-section  p-b-0 has-p-b p-b-0\" >\r\n        <div class=\"container \">\r\n        \n\n<h1 class=\"ls__heading wp-block-heading has-text-align-center deco has-color-1-color has-text-color\">Campingpl\u00e4tze in der Ard\u00e8che<\/h1>\n\n\n\n<p class=\"ls-paragraph m-t-10\"><meta charset=\"utf-8\"\/>Der <a href=\"\/\">4-Sterne-Campingplatz Mazet-Plage im S\u00fcden der Ard\u00e8che<\/a> liegt in der Gemeinde Berrias und Casteljau, direkt am Fluss Chassezac. Unser <a href=\"https:\/\/www.camping-mazet-plage.com\/de\/campingplatz-guenstig-ardeche\/\">g\u00fcnstiger Campingplatz in der Ard\u00e8che<\/a> mit Pool verf\u00fcgt \u00fcber einen Privatstrand, wo Sie sich entspannen, sonnen und schwimmen k\u00f6nnen.  <\/p>\n\n\r\n    <\/div>\r\n<\/section><section id=\"ls-section-block_28b75cfac6b2e54eedf067d9cecd350d\" class=\"ls-section  has-m-t m-t-0 has-m-b m-b-0 has-p-t p-t-0 has-p-b p-b-0\" >\r\n        <div class=\"container container--wide\">\r\n        \n\n<div id=\"ls-hebergements-block_105b4c80edbf1a80471dff6207c9b8aa\" class=\"ls-hebergements\" >\n    \n    <div class=\"ls-customizer\">\n\n    <div class=\"ls-customizer__filters\">\n        <div class=\"ls-customizer__filters__close\">\n            <i class=\"fas fa-times\"><\/i>\n        <\/div>\n\n        <div class=\"ls-customizer__filters__title\">\n            <b>Filter<\/b>\n            <span class=\"ls-customizer__filters__clear\"><i class=\"fas fa-times\"><\/i> Filter l\u00f6schen<\/span>\n        <\/div>\n        <div class=\"ls-customizer__filters__wrap\">\n                        \n            <!-- Filtres ACF fields -->\n            \n                                            <!-- Filtre nombre_de_personnes -->\n                                <div class=\"filter\" id=\"filter-nombre_de_personnes\">\n                    <div class=\"filter__title\">Capacit\u00e9 maximale<i class=\"fas fa-angle-down\"><\/i><\/div>\n                    <fieldset data-filter=\"nombre_de_personnes\" data-operator=\"<=\" class=\"input\">\n\n                        <div><input type=\"radio\" name=\"nombre_de_personnes\" id=\"nombre_de_personnes-all\"  class=\"checkbox\" \/><label for='nombre_de_personnes-all'>Tous<\/label><\/div><div><input type=\"radio\" name=\"nombre_de_personnes\" id=\"nombre_de_personnes-2\" value=\"2\" class=\"checkbox\"  \/><label for='nombre_de_personnes-2'>Jusqu&#8217;\u00e0 2 pers.<\/label><\/div><div><input type=\"radio\" name=\"nombre_de_personnes\" id=\"nombre_de_personnes-4\" value=\"4\" class=\"checkbox\"  \/><label for='nombre_de_personnes-4'>Jusqu&#8217;\u00e0 4 pers.<\/label><\/div><div><input type=\"radio\" name=\"nombre_de_personnes\" id=\"nombre_de_personnes-6\" value=\"6\" class=\"checkbox\"  \/><label for='nombre_de_personnes-6'>Jusqu&#8217;\u00e0 6 pers.<\/label><\/div>                    <\/fieldset>\n                <\/div>\n                                            <!-- Filtre nombre_de_chambres -->\n                                <div class=\"filter\" id=\"filter-nombre_de_chambres\">\n                    <div class=\"filter__title\">Anzahl der Zimmer<i class=\"fas fa-angle-down\"><\/i><\/div>\n                    <fieldset data-filter=\"nombre_de_chambres\" data-operator=\"==\" class=\"input\">\n\n                        <div><input type=\"radio\" name=\"nombre_de_chambres\" id=\"nombre_de_chambres-all\"  class=\"checkbox\" \/><label for='nombre_de_chambres-all'>Tous<\/label><\/div><div><input type=\"radio\" name=\"nombre_de_chambres\" id=\"nombre_de_chambres-1\" value=\"1\" class=\"checkbox\"  \/><label for='nombre_de_chambres-1'>1<\/label><\/div><div><input type=\"radio\" name=\"nombre_de_chambres\" id=\"nombre_de_chambres-2\" value=\"2\" class=\"checkbox\"  \/><label for='nombre_de_chambres-2'>2<\/label><\/div><div><input type=\"radio\" name=\"nombre_de_chambres\" id=\"nombre_de_chambres-3\" value=\"3\" class=\"checkbox\"  \/><label for='nombre_de_chambres-3'>3<\/label><\/div>                    <\/fieldset>\n                <\/div>\n                                            <!-- Filtre options-hebergements -->\n                                <div class=\"filter\" id=\"filter-options-hebergements\">\n                    <div class=\"filter__title\">Options<i class=\"fas fa-angle-down\"><\/i><\/div>\n                    <fieldset data-filter=\"options-hebergements\" data-operator=\"*=\" class=\"input\">\n\n                        <div><input type=\"checkbox\" name=\"options-hebergements\" id=\"options-hebergements-all\"  class=\"checkbox\" \/><label for='options-hebergements-all'>Tous<\/label><\/div><div><input type=\"checkbox\" name=\"options-hebergements\" id=\"options-hebergements-climatisation\" value=\"climatisation\" class=\"checkbox\"  \/><label for='options-hebergements-climatisation'>Climatisation<\/label><\/div><div><input type=\"checkbox\" name=\"options-hebergements\" id=\"options-hebergements-lave-vaisselle\" value=\"lave-vaisselle\" class=\"checkbox\"  \/><label for='options-hebergements-lave-vaisselle'>LAVE-VAISSELLE<\/label><\/div><div><input type=\"checkbox\" name=\"options-hebergements\" id=\"options-hebergements-television\" value=\"television\" class=\"checkbox\"  \/><label for='options-hebergements-television'>T\u00c9L\u00c9VISION<\/label><\/div><div><input type=\"checkbox\" name=\"options-hebergements\" id=\"options-hebergements-television\" value=\"television\" class=\"checkbox\"  \/><label for='options-hebergements-television'>T\u00e9l\u00e9vision<\/label><\/div>                    <\/fieldset>\n                <\/div>\n            \n            <div id=\"validate-filters\" class=\"ls-button\">Valider la s\u00e9lection<\/div>\n\n                    <\/div>\n    <\/div>\n\n<\/div><div class=\"ls-hebergements__results\" data-row=\"3\" data-campings=\"false\" data-types=\"[6]\"><\/div><\/div>\n\r\n    <\/div>\r\n<\/section><section id=\"ls-section-block_f8a40a642861e177b9f179bef05f8926\" class=\"ls-section  ls__heading ls__heading has-color-1-color has-text-color\" >\r\n        <div class=\"container \">\r\n        \n\n<h2 class=\"ls__heading wp-block-heading has-text-align-left deco has-color-1-color has-text-color\">Entdecken Sie unsere Stellplatzvermietung in der s\u00fcdlichen Ard\u00e8che  <\/h2>\n\n\n\n<p class=\"ls-paragraph\">Unsere gro\u00dfen Campingpl\u00e4tze f\u00fcr Zelte, Wohnwagen oder Wohnmobile empfangen die Camper inmitten der Natur oder fast direkt am Fluss Chassezac. In einer gr\u00fcnen Umgebung sorgen sie f\u00fcr einen v\u00f6lligen Tapetenwechsel in der Ard\u00e8che. Bei einigen k\u00f6nnen Sie sogar den Fluss unter Ihrem Zeltdach oder von Ihrem Wohnmobil aus langsam flie\u00dfen sehen. Um sicherzustellen, dass Sie die beste Parzelle erhalten, z\u00f6gern Sie nicht, im Voraus zu buchen!  <\/p>\n\n\n\n<p class=\"ls-paragraph\">Die Stellpl\u00e4tze von <strong><span style=\"color:#f56038\" class=\"tadv-color\">80 bis 100 m 2<\/span><\/strong> verf\u00fcgen \u00fcber eine ideale Fl\u00e4che, um bequem Zelte, Wohnmobile oder Wohnwagen aufzustellen und f\u00fcr alle Mieten haben Sie Zugang zum <a href=\"https:\/\/www.camping-mazet-plage.com\/de\/schwimmbad\/\">Schwimmbad unseres Campingplatzes in der Ard\u00e8che<\/a>. Um den Anspr\u00fcchen und Bed\u00fcrfnissen m\u00f6glichst vieler Menschen gerecht zu werden, bieten wir Ihnen auch die <a href=\"https:\/\/www.camping-mazet-plage.com\/de\/standort-mobil-heim-ardeche\/\">Vermietung von Mobilheimen in der Ard\u00e8che<\/a> mit verschiedenen Unterk\u00fcnften f\u00fcr einen komfortablen Familien-Campingurlaub an!  <\/p>\n\n\r\n    <\/div>\r\n<\/section><section id=\"ls-section-block_869f2472056fe7ceaeee52880a27c3e3\" class=\"ls-section  modeleSection has-p-b p-b-0\" >\r\n        <div class=\"container container--full\">\r\n        \n\n<figure class=\"wp-block-image size-full imageModeleSection is-style-rounded\"><img decoding=\"async\" width=\"1900\" height=\"774\" src=\"https:\/\/www.camping-mazet-plage.com\/wp-content\/uploads\/2022\/02\/location-emplacement-ardeche.jpg\" alt=\"vermietung von stellpl&#xE4;tzen ardeche\" class=\"wp-image-58587\" srcset=\"https:\/\/www.camping-mazet-plage.com\/wp-content\/uploads\/2022\/02\/location-emplacement-ardeche.jpg 1900w, https:\/\/www.camping-mazet-plage.com\/wp-content\/uploads\/2022\/02\/location-emplacement-ardeche-300x122.jpg 300w, https:\/\/www.camping-mazet-plage.com\/wp-content\/uploads\/2022\/02\/location-emplacement-ardeche-1024x417.jpg 1024w, https:\/\/www.camping-mazet-plage.com\/wp-content\/uploads\/2022\/02\/location-emplacement-ardeche-768x313.jpg 768w, https:\/\/www.camping-mazet-plage.com\/wp-content\/uploads\/2022\/02\/location-emplacement-ardeche-1536x626.jpg 1536w\" sizes=\"(max-width: 1900px) 100vw, 1900px\" \/><\/figure>\n\n\n\n<div class=\"wp-block-columns containerContenuModeleSection is-layout-flex wp-container-core-columns-is-layout-2 wp-block-columns-is-layout-flex\">\n<div class=\"wp-block-column contenuModeleSection is-layout-flow wp-block-column-is-layout-flow\" style=\"flex-basis:80%\">\n<h2 class=\"ls__heading wp-block-heading deco has-color-1-color has-text-color\">  Dienstleistungen f\u00fcr die Vermietung von Grundst\u00fccken in der Ard\u00e8che<\/h2>\n\n\n\n<div class=\"wp-block-columns is-layout-flex wp-container-core-columns-is-layout-1 wp-block-columns-is-layout-flex\">\n<div class=\"wp-block-column is-layout-flow wp-block-column-is-layout-flow\">\n<p class=\"ls-paragraph\">Unsere Stellpl\u00e4tze in der Ard\u00e8che sind durch nat\u00fcrliche Hecken gut abgegrenzt und ger\u00e4umig, aber auch und vor allem f\u00fcr den Komfort der Urlauber gedacht. <span style=\"color:#000\" class=\"tadv-color\">Sie sind mehr oder weniger schattig, um Ihren W\u00fcnschen gerecht zu werden, und verf\u00fcgen \u00fcber einen Stromanschluss. <\/span><strong><span style=\"color:#f56038\" class=\"tadv-color\">Stromanschl\u00fcssen ausgestattet.<\/span><\/strong><span style=\"color:#000\" class=\"tadv-color\"> 6 Ampere nach CEE-Norm.<\/span> Denken Sie einfach daran, ein Verl\u00e4ngerungskabel mitzunehmen, bevor Sie in den Urlaub fahren!  <\/p>\n<\/div>\n\n\n\n<div class=\"wp-block-column is-layout-flow wp-block-column-is-layout-flow\">\n<p class=\"ls-paragraph\"><span class=\"tadv-color\" style=\"color:#000\">  Die gro\u00dfz\u00fcgige Fl\u00e4che unserer Stellpl\u00e4tze in der Ard\u00e8che erlaubt auch das Parken Ihres Fahrzeugs (bis zu einem Fahrzeug pro Stellplatz). Sie haben einfachen und schnellen Zugang zu sauberen, funktionellen, gut gepflegten und ger\u00e4umigen Sanit\u00e4ranlagen, die auch f\u00fcr Personen mit eingeschr\u00e4nkter Mobilit\u00e4t zug\u00e4nglich sind. Achtung: Das Grillen mit offenem Feuer ist auf unseren Stellpl\u00e4tzen und in allen unseren Mietunterk\u00fcnften in der s\u00fcdlichen Ard\u00e8che gesetzlich verboten.  <\/span><\/p>\n\n\n\r\n<a href=\"\/camping-pas-cher-ardeche\/\" id=\"ls-button-block_dd07c5b34f9e7ca1c9bd02b12be5055b\" target=\"\" rel=\"\" class=\"ls-button\" ><span><span class=\"deco-button\">+<\/span>Entdecken Sie unsere Preise<\/span><\/a>\r\n<\/div>\n<\/div>\n<\/div>\n<\/div>\n\n\r\n    <\/div>\r\n<\/section><section id=\"ls-section-block_c5d8dca1c84b1fa67e18d9ae62ac3940\" class=\"ls-section \" >\r\n        <div class=\"container container--wide\">\r\n        \n\n<p class=\"ls-paragraph has-text-align-center has-color-1-color has-text-color\" style=\"font-size:30px\"><span style=\"color:#12492f\" class=\"tadv-color\"><strong> <span class=\"has-inline-color has-color-1-color\"><strong>Entdecken Sie die Mobilheime und den Pool unseres Campingplatzes<\/strong><\/span> <\/strong><\/span><\/p>\n\n\n\n<div id=\"ls-maillage-block_04fd57bd5b41d796e4ab6d3f625fee6b\" class=\"ls-maillage cta-style-normal\" data-rows=\"3\">\n\n    <div class=\"wp-block-columns\"><div class=\"wp-block-column ls-cta\">\n\n<a href=\"https:\/\/www.camping-mazet-plage.com\/de\/standort-mobil-heim-ardeche\/\" target=\"\" rel=\"noopener\" class=\"ls-cta__link\">\n\n\t<div class=\"ls-cta__image\"><img decoding=\"async\" src=\"https:\/\/www.camping-mazet-plage.com\/wp-content\/uploads\/2022\/01\/location-mobil-home-ardeche.jpg\" alt=\"vermietung-mobilheim-ardeche vermietung mobilheim ardeche\"><\/div>\n\t<div class=\"ls-cta__title\">\n\t\tMobilheim\t<\/div>\n\n\t\t\n<\/a><\/div><div class=\"wp-block-column ls-cta\">\n\n<a href=\"https:\/\/www.camping-mazet-plage.com\/de\/schwimmbad\/\" target=\"\" rel=\"noopener\" class=\"ls-cta__link\">\n\n\t<div class=\"ls-cta__image\"><img decoding=\"async\" src=\"https:\/\/www.camping-mazet-plage.com\/wp-content\/uploads\/2022\/02\/camping-piscine-chauffee-ardeche-1.jpg\" alt=\"Campingplatz mit beheiztem Schwimmbad in der Ardeche\"><\/div>\n\t<div class=\"ls-cta__title\">\n\t\tSchwimmbad\t<\/div>\n\n\t\t\n<\/a><\/div><div class=\"wp-block-column ls-cta\">\n\n<a href=\"https:\/\/www.camping-mazet-plage.com\/de\/campingplatz-guenstig-ardeche\/\" target=\"\" rel=\"noopener\" class=\"ls-cta__link\">\n\n\t<div class=\"ls-cta__image\"><img decoding=\"async\" src=\"https:\/\/www.camping-mazet-plage.com\/wp-content\/uploads\/2022\/04\/camping-pas-cher.jpg\" alt=\"G\u00fcnstiger Campingplatz\"><\/div>\n\t<div class=\"ls-cta__title\">\n\t\tTarife\t<\/div>\n\n\t\t\n<\/a><\/div><\/div>\n<\/div>\n\r\n    <\/div>\r\n<\/section>\n<p class=\"ls-paragraph\"><\/p>\n","protected":false},"excerpt":{"rendered":"","protected":false},"author":1,"featured_media":60063,"parent":0,"menu_order":0,"comment_status":"closed","ping_status":"closed","template":"","meta":{"footnotes":""},"sujet":[],"class_list":["post-60378","page","type-page","status-publish","has-post-thumbnail","hentry"],"acf":[],"yoast_head":"<!-- This site is optimized with the Yoast SEO plugin v21.9 - https:\/\/yoast.com\/wordpress\/plugins\/seo\/ -->\n<title>Camping Zelt Ardeche | Stellpl\u00e4tze f\u00fcr Wohnwagen und Wohnmobile Ardeche<\/title>\n<meta name=\"description\" content=\"Entdecken Sie unsere Campingpl\u00e4tze in der s\u00fcdlichen Ard\u00e8che und stellen Sie Ihr Zelt oder Wohnmobil am Ufer des Flusses Chassezac auf.\" \/>\n<meta name=\"robots\" content=\"index, follow, max-snippet:-1, max-image-preview:large, max-video-preview:-1\" \/>\n<link rel=\"canonical\" href=\"https:\/\/www.camping-mazet-plage.com\/de\/stellung-camping-ardeche\/\" \/>\n<meta property=\"og:locale\" content=\"de_DE\" \/>\n<meta property=\"og:type\" content=\"article\" \/>\n<meta property=\"og:title\" content=\"Camping Zelt Ardeche | Stellpl\u00e4tze f\u00fcr Wohnwagen und Wohnmobile Ardeche\" \/>\n<meta property=\"og:description\" content=\"Entdecken Sie unsere Campingpl\u00e4tze in der s\u00fcdlichen Ard\u00e8che und stellen Sie Ihr Zelt oder Wohnmobil am Ufer des Flusses Chassezac auf.\" \/>\n<meta property=\"og:url\" content=\"https:\/\/www.camping-mazet-plage.com\/de\/stellung-camping-ardeche\/\" \/>\n<meta property=\"og:site_name\" content=\"Campingplatz Mazet Plage\" \/>\n<meta property=\"article:modified_time\" content=\"2025-09-04T13:44:57+00:00\" \/>\n<meta property=\"og:image\" content=\"https:\/\/www.camping-mazet-plage.com\/wp-content\/uploads\/2022\/02\/location-emplacement-ardeche-1.jpg\" \/>\n\t<meta property=\"og:image:width\" content=\"1900\" \/>\n\t<meta property=\"og:image:height\" content=\"700\" \/>\n\t<meta property=\"og:image:type\" content=\"image\/jpeg\" \/>\n<meta name=\"twitter:card\" content=\"summary_large_image\" \/>\n<meta name=\"twitter:label1\" content=\"Gesch\u00e4tzte Lesezeit\" \/>\n\t<meta name=\"twitter:data1\" content=\"2\u00a0Minuten\" \/>\n<script type=\"application\/ld+json\" class=\"yoast-schema-graph\">{\"@context\":\"https:\/\/schema.org\",\"@graph\":[{\"@type\":\"WebPage\",\"@id\":\"https:\/\/www.camping-mazet-plage.com\/de\/stellung-camping-ardeche\/\",\"url\":\"https:\/\/www.camping-mazet-plage.com\/de\/stellung-camping-ardeche\/\",\"name\":\"Camping Zelt Ardeche | Stellpl\u00e4tze f\u00fcr Wohnwagen und Wohnmobile Ardeche\",\"isPartOf\":{\"@id\":\"https:\/\/www.camping-mazet-plage.com\/de\/#website\"},\"datePublished\":\"2021-12-17T06:55:35+00:00\",\"dateModified\":\"2025-09-04T13:44:57+00:00\",\"description\":\"Entdecken Sie unsere Campingpl\u00e4tze in der s\u00fcdlichen Ard\u00e8che und stellen Sie Ihr Zelt oder Wohnmobil am Ufer des Flusses Chassezac auf.\",\"breadcrumb\":{\"@id\":\"https:\/\/www.camping-mazet-plage.com\/de\/stellung-camping-ardeche\/#breadcrumb\"},\"inLanguage\":\"de\",\"potentialAction\":[{\"@type\":\"ReadAction\",\"target\":[\"https:\/\/www.camping-mazet-plage.com\/de\/stellung-camping-ardeche\/\"]}]},{\"@type\":\"BreadcrumbList\",\"@id\":\"https:\/\/www.camping-mazet-plage.com\/de\/stellung-camping-ardeche\/#breadcrumb\",\"itemListElement\":[{\"@type\":\"ListItem\",\"position\":1,\"name\":\"Campingplatz Ard\u00e8che\",\"item\":\"https:\/\/www.camping-mazet-plage.com\/de\/\"},{\"@type\":\"ListItem\",\"position\":2,\"name\":\"Stellplatz Campingplatz Ard\u00e8che\"}]},{\"@type\":\"WebSite\",\"@id\":\"https:\/\/www.camping-mazet-plage.com\/de\/#website\",\"url\":\"https:\/\/www.camping-mazet-plage.com\/de\/\",\"name\":\"Campingplatz Mazet Plage\",\"description\":\"\",\"publisher\":{\"@id\":\"https:\/\/www.camping-mazet-plage.com\/de\/#organization\"},\"potentialAction\":[{\"@type\":\"SearchAction\",\"target\":{\"@type\":\"EntryPoint\",\"urlTemplate\":\"https:\/\/www.camping-mazet-plage.com\/de\/?s={search_term_string}\"},\"query-input\":\"required name=search_term_string\"}],\"inLanguage\":\"de\"},{\"@type\":\"Organization\",\"@id\":\"https:\/\/www.camping-mazet-plage.com\/de\/#organization\",\"name\":\"Camping Mazet Plage\",\"url\":\"https:\/\/www.camping-mazet-plage.com\/de\/\",\"logo\":{\"@type\":\"ImageObject\",\"inLanguage\":\"de\",\"@id\":\"https:\/\/www.camping-mazet-plage.com\/de\/#\/schema\/logo\/image\/\",\"url\":\"https:\/\/www.camping-mazet-plage.com\/wp-content\/uploads\/2022\/02\/logo-footer.jpg\",\"contentUrl\":\"https:\/\/www.camping-mazet-plage.com\/wp-content\/uploads\/2022\/02\/logo-footer.jpg\",\"width\":352,\"height\":434,\"caption\":\"Camping Mazet Plage\"},\"image\":{\"@id\":\"https:\/\/www.camping-mazet-plage.com\/de\/#\/schema\/logo\/image\/\"}}]}<\/script>\n<!-- \/ Yoast SEO plugin. -->","yoast_head_json":{"title":"Camping Zelt Ardeche | Stellpl\u00e4tze f\u00fcr Wohnwagen und Wohnmobile Ardeche","description":"Entdecken Sie unsere Campingpl\u00e4tze in der s\u00fcdlichen Ard\u00e8che und stellen Sie Ihr Zelt oder Wohnmobil am Ufer des Flusses Chassezac auf.","robots":{"index":"index","follow":"follow","max-snippet":"max-snippet:-1","max-image-preview":"max-image-preview:large","max-video-preview":"max-video-preview:-1"},"canonical":"https:\/\/www.camping-mazet-plage.com\/de\/stellung-camping-ardeche\/","og_locale":"de_DE","og_type":"article","og_title":"Camping Zelt Ardeche | Stellpl\u00e4tze f\u00fcr Wohnwagen und Wohnmobile Ardeche","og_description":"Entdecken Sie unsere Campingpl\u00e4tze in der s\u00fcdlichen Ard\u00e8che und stellen Sie Ihr Zelt oder Wohnmobil am Ufer des Flusses Chassezac auf.","og_url":"https:\/\/www.camping-mazet-plage.com\/de\/stellung-camping-ardeche\/","og_site_name":"Campingplatz Mazet Plage","article_modified_time":"2025-09-04T13:44:57+00:00","og_image":[{"width":1900,"height":700,"url":"https:\/\/www.camping-mazet-plage.com\/wp-content\/uploads\/2022\/02\/location-emplacement-ardeche-1.jpg","type":"image\/jpeg"}],"twitter_card":"summary_large_image","twitter_misc":{"Gesch\u00e4tzte Lesezeit":"2\u00a0Minuten"},"schema":{"@context":"https:\/\/schema.org","@graph":[{"@type":"WebPage","@id":"https:\/\/www.camping-mazet-plage.com\/de\/stellung-camping-ardeche\/","url":"https:\/\/www.camping-mazet-plage.com\/de\/stellung-camping-ardeche\/","name":"Camping Zelt Ardeche | Stellpl\u00e4tze f\u00fcr Wohnwagen und Wohnmobile Ardeche","isPartOf":{"@id":"https:\/\/www.camping-mazet-plage.com\/de\/#website"},"datePublished":"2021-12-17T06:55:35+00:00","dateModified":"2025-09-04T13:44:57+00:00","description":"Entdecken Sie unsere Campingpl\u00e4tze in der s\u00fcdlichen Ard\u00e8che und stellen Sie Ihr Zelt oder Wohnmobil am Ufer des Flusses Chassezac auf.","breadcrumb":{"@id":"https:\/\/www.camping-mazet-plage.com\/de\/stellung-camping-ardeche\/#breadcrumb"},"inLanguage":"de","potentialAction":[{"@type":"ReadAction","target":["https:\/\/www.camping-mazet-plage.com\/de\/stellung-camping-ardeche\/"]}]},{"@type":"BreadcrumbList","@id":"https:\/\/www.camping-mazet-plage.com\/de\/stellung-camping-ardeche\/#breadcrumb","itemListElement":[{"@type":"ListItem","position":1,"name":"Campingplatz Ard\u00e8che","item":"https:\/\/www.camping-mazet-plage.com\/de\/"},{"@type":"ListItem","position":2,"name":"Stellplatz Campingplatz Ard\u00e8che"}]},{"@type":"WebSite","@id":"https:\/\/www.camping-mazet-plage.com\/de\/#website","url":"https:\/\/www.camping-mazet-plage.com\/de\/","name":"Campingplatz Mazet Plage","description":"","publisher":{"@id":"https:\/\/www.camping-mazet-plage.com\/de\/#organization"},"potentialAction":[{"@type":"SearchAction","target":{"@type":"EntryPoint","urlTemplate":"https:\/\/www.camping-mazet-plage.com\/de\/?s={search_term_string}"},"query-input":"required name=search_term_string"}],"inLanguage":"de"},{"@type":"Organization","@id":"https:\/\/www.camping-mazet-plage.com\/de\/#organization","name":"Camping Mazet Plage","url":"https:\/\/www.camping-mazet-plage.com\/de\/","logo":{"@type":"ImageObject","inLanguage":"de","@id":"https:\/\/www.camping-mazet-plage.com\/de\/#\/schema\/logo\/image\/","url":"https:\/\/www.camping-mazet-plage.com\/wp-content\/uploads\/2022\/02\/logo-footer.jpg","contentUrl":"https:\/\/www.camping-mazet-plage.com\/wp-content\/uploads\/2022\/02\/logo-footer.jpg","width":352,"height":434,"caption":"Camping Mazet Plage"},"image":{"@id":"https:\/\/www.camping-mazet-plage.com\/de\/#\/schema\/logo\/image\/"}}]}},"_links":{"self":[{"href":"https:\/\/www.camping-mazet-plage.com\/de\/wp-json\/wp\/v2\/pages\/60378"}],"collection":[{"href":"https:\/\/www.camping-mazet-plage.com\/de\/wp-json\/wp\/v2\/pages"}],"about":[{"href":"https:\/\/www.camping-mazet-plage.com\/de\/wp-json\/wp\/v2\/types\/page"}],"author":[{"embeddable":true,"href":"https:\/\/www.camping-mazet-plage.com\/de\/wp-json\/wp\/v2\/users\/1"}],"replies":[{"embeddable":true,"href":"https:\/\/www.camping-mazet-plage.com\/de\/wp-json\/wp\/v2\/comments?post=60378"}],"version-history":[{"count":9,"href":"https:\/\/www.camping-mazet-plage.com\/de\/wp-json\/wp\/v2\/pages\/60378\/revisions"}],"predecessor-version":[{"id":64002,"href":"https:\/\/www.camping-mazet-plage.com\/de\/wp-json\/wp\/v2\/pages\/60378\/revisions\/64002"}],"wp:featuredmedia":[{"embeddable":true,"href":"https:\/\/www.camping-mazet-plage.com\/de\/wp-json\/wp\/v2\/media\/60063"}],"wp:attachment":[{"href":"https:\/\/www.camping-mazet-plage.com\/de\/wp-json\/wp\/v2\/media?parent=60378"}],"wp:term":[{"taxonomy":"sujet","embeddable":true,"href":"https:\/\/www.camping-mazet-plage.com\/de\/wp-json\/wp\/v2\/sujet?post=60378"}],"curies":[{"name":"wp","href":"https:\/\/api.w.org\/{rel}","templated":true}]}}