{"id":60372,"date":"2021-12-17T08:22:58","date_gmt":"2021-12-17T07:22:58","guid":{"rendered":"https:\/\/www.camping-mazet-plage.com\/contact\/"},"modified":"2025-09-04T15:42:57","modified_gmt":"2025-09-04T13:42:57","slug":"kontakt","status":"publish","type":"page","link":"https:\/\/www.camping-mazet-plage.com\/de\/kontakt\/","title":{"rendered":"Kontakt"},"content":{"rendered":"<section id=\"ls-section-block_a566e273daf072b8bc5f4ff825e4976e\" class=\"ls-section   bgDecoGris contact-one modeleSection\" >\r\n        <div class=\"container container--wide\">\r\n        \n\n<div class=\"wp-block-columns is-layout-flex wp-container-core-columns-is-layout-1 wp-block-columns-is-layout-flex\">\n<div class=\"wp-block-column is-vertically-aligned-top is-layout-flow wp-block-column-is-layout-flow\">\n<h1 class=\"ls__heading wp-block-heading has-text-align-left deco has-color-1-color has-text-color\">Kontakt zum Campingplatz Mazet Plage<\/h1>\n\n\n\n<p class=\"ls-paragraph\">M\u00f6chten Sie ein Angebot anfordern oder weitere Informationen \u00fcber den <a href=\"\/\">4-Sterne-Campingplatz in der Ard\u00e8che<\/a> erhalten? Nutzen Sie unser Kontaktformular, um von unserem Team kontaktiert zu werden. <\/p>\n\n\n\n<h2 class=\"ls__heading wp-block-heading has-text-align-left deco has-color-1-color has-text-color\">Kontaktieren Sie unsere Teams direkt<\/h2>\n\n\n\n<p class=\"ls-paragraph\">M\u00f6chten Sie eine schnelle Antwort auf Ihre Fragen?<\/p>\n\n\n\n<p class=\"ls-paragraph\">Ihre Anfrage betrifft nicht die Buchung eines Urlaubs?<\/p>\n\n\n\n<p class=\"ls-paragraph\">Sie m\u00f6chten Ihre Buchung \u00e4ndern oder stornieren? <strong><span style=\"color:#f56038\" class=\"tadv-color\">Reservierung <\/span><\/strong>?<\/p>\n\n\n\n<p class=\"ls-paragraph\">Sie k\u00f6nnen direkt mit dem Team von Camping Mazet-Plage Kontakt aufnehmen, indem Sie uns unter +33 (0) 4 75 39 32 56\/ 06 81 79 55 45 anrufen.<\/p>\n\n\n\n<p class=\"ls-paragraph\">Sie k\u00f6nnen uns auch direkt auf dem Campingplatz, in Berrias und Casteljau besuchen.<\/p>\n<\/div>\n\n\n\n<div class=\"wp-block-column is-vertically-aligned-center is-layout-flow wp-block-column-is-layout-flow\">\n<div class=\"wpcf7 no-js\" id=\"wpcf7-f6-o1\" lang=\"fr-FR\" dir=\"ltr\">\n<div class=\"screen-reader-response\"><p role=\"status\" aria-live=\"polite\" aria-atomic=\"true\"><\/p> <ul><\/ul><\/div>\n<form action=\"\/de\/wp-json\/wp\/v2\/pages\/60372#wpcf7-f6-o1\" method=\"post\" class=\"wpcf7-form init\" aria-label=\"Formulaire de contact\" novalidate=\"novalidate\" data-status=\"init\">\n<div style=\"display: none;\">\n<input type=\"hidden\" name=\"_wpcf7\" value=\"6\" \/>\n<input type=\"hidden\" name=\"_wpcf7_version\" value=\"5.8.6\" \/>\n<input type=\"hidden\" name=\"_wpcf7_locale\" value=\"fr_FR\" \/>\n<input type=\"hidden\" name=\"_wpcf7_unit_tag\" value=\"wpcf7-f6-o1\" \/>\n<input type=\"hidden\" name=\"_wpcf7_container_post\" value=\"0\" \/>\n<input type=\"hidden\" name=\"_wpcf7_posted_data_hash\" value=\"\" \/>\n<input type=\"hidden\" name=\"_wpcf7_recaptcha_response\" value=\"\" \/>\n<\/div>\n<p><label> Votre nom<br \/>\n<span class=\"wpcf7-form-control-wrap\" data-name=\"your-name\"><input size=\"40\" class=\"wpcf7-form-control wpcf7-text wpcf7-validates-as-required\" aria-required=\"true\" aria-invalid=\"false\" value=\"\" type=\"text\" name=\"your-name\" \/><\/span> <\/label>\n<\/p>\n<p><label> Votre Email<br \/>\n<span class=\"wpcf7-form-control-wrap\" data-name=\"your-email\"><input size=\"40\" class=\"wpcf7-form-control wpcf7-email wpcf7-validates-as-required wpcf7-text wpcf7-validates-as-email\" aria-required=\"true\" aria-invalid=\"false\" value=\"\" type=\"email\" name=\"your-email\" \/><\/span> <\/label>\n<\/p>\n<p><label> Objet<br \/>\n<span class=\"wpcf7-form-control-wrap\" data-name=\"your-subject\"><input size=\"40\" class=\"wpcf7-form-control wpcf7-text wpcf7-validates-as-required\" aria-required=\"true\" aria-invalid=\"false\" value=\"\" type=\"text\" name=\"your-subject\" \/><\/span> <\/label>\n<\/p>\n<p><label> Votre message (optionel)<br \/>\n<span class=\"wpcf7-form-control-wrap\" data-name=\"your-message\"><textarea cols=\"40\" rows=\"10\" class=\"wpcf7-form-control wpcf7-textarea\" aria-invalid=\"false\" name=\"your-message\"><\/textarea><\/span> <\/label><br \/>\n<span class=\"wpcf7-form-control-wrap\" data-name=\"acceptance-553\"><span class=\"wpcf7-form-control wpcf7-acceptance\"><span class=\"wpcf7-list-item\"><label><input type=\"checkbox\" name=\"acceptance-553\" value=\"1\" aria-invalid=\"false\" \/><span class=\"wpcf7-list-item-label\">En cochant cette case, j\u2019accepte la <a href=\"\/politique-de-confidentialite\/\" rel=\"nofollow\" target=\"_blank\">Politique de confidentialit\u00e9<\/a> de ce site.<\/span><\/label><\/span><\/span><\/span><br \/>\n<input class=\"wpcf7-form-control wpcf7-submit has-spinner\" type=\"submit\" value=\"Envoyer\" \/>\n<\/p><div class=\"wpcf7-response-output\" aria-hidden=\"true\"><\/div>\n<\/form>\n<\/div>\n\n<\/div>\n<\/div>\n\n\r\n    <\/div>\r\n<\/section><section id=\"ls-section-block_a922a45843639d595097367a67768558\" class=\"ls-section   bgDecoOrange contact-two modeleSection\" >\r\n        <div class=\"container container--wide\">\r\n        \n\n<div class=\"wp-block-columns are-vertically-aligned-center is-layout-flex wp-container-core-columns-is-layout-2 wp-block-columns-is-layout-flex\">\n<div class=\"wp-block-column is-vertically-aligned-center is-layout-flow wp-block-column-is-layout-flow\" style=\"flex-basis:100%\"><p><iframe src=\"https:\/\/www.google.com\/maps\/embed?pb=!1m14!1m8!1m3!1d11403.20285037221!2d4.200735!3d44.3962125!3m2!1i1024!2i768!4f13.1!3m3!1m2!1s0x0%3A0x4a6dea8fc2f95725!2sCamping%20Mazet%20Plage%20Ardeche!5e0!3m2!1sfr!2sfr!4v1643124374262!5m2!1sfr!2sfr\" width=\"100%\" height=\"1000\" style=\"border:0;\" allowfullscreen=\"\" loading=\"lazy\"><\/iframe><\/p>\n<\/div>\n<\/div>\n\n\r\n    <\/div>\r\n<\/section><section id=\"ls-section-block_5f9be6a23490391de4065bf888563715\" class=\"ls-section  modeleSection m-b-5 contact-three\" >\r\n        <div class=\"container container--wide\">\r\n        \n\n<figure class=\"wp-block-image size-full imageModeleSection\"><img decoding=\"async\" width=\"1024\" height=\"712\" src=\"https:\/\/www.camping-mazet-plage.com\/wp-content\/uploads\/2022\/01\/camping-mazet-plage.jpg\" alt=\"campingplatz mazet plage\" class=\"wp-image-818\" srcset=\"https:\/\/www.camping-mazet-plage.com\/wp-content\/uploads\/2022\/01\/camping-mazet-plage.jpg 1024w, https:\/\/www.camping-mazet-plage.com\/wp-content\/uploads\/2022\/01\/camping-mazet-plage-300x209.jpg 300w, https:\/\/www.camping-mazet-plage.com\/wp-content\/uploads\/2022\/01\/camping-mazet-plage-768x534.jpg 768w\" sizes=\"(max-width: 1024px) 100vw, 1024px\" \/><\/figure>\n\n\n\n<div class=\"wp-block-columns containerContenuModeleSection is-layout-flex wp-container-core-columns-is-layout-4 wp-block-columns-is-layout-flex\">\n<div class=\"wp-block-column contenuModeleSection is-layout-flow wp-block-column-is-layout-flow\" style=\"flex-basis:80%\">\n<h2 class=\"ls__heading wp-block-heading deco has-color-1-color has-text-color\">Fordern Sie Ihr pers\u00f6nliches Angebot an<\/h2>\n\n\n\n<div class=\"wp-block-columns is-layout-flex wp-container-core-columns-is-layout-3 wp-block-columns-is-layout-flex\">\n<div class=\"wp-block-column is-layout-flow wp-block-column-is-layout-flow\">\n<p class=\"ls-paragraph\">Wenn Sie nur Ihre Woche buchen m\u00f6chten, nutzen Sie bitte unser Buchungsformular oben auf der Seite.<\/p>\n\n\n\n<p class=\"ls-paragraph\">Wenn Sie hingegen bei der Organisation Ihres Urlaubs, f\u00fcr eine Gruppe (Seminare, Ferienlager, Hochzeiten usw.), f\u00fcr einen bestimmten Platz oder einfach f\u00fcr weitere Informationen \u00fcber unsere Angebote Unterst\u00fctzung ben\u00f6tigen, steht Ihnen unser Kontaktformular zur Verf\u00fcgung.<\/p>\n<\/div>\n\n\n\n<div class=\"wp-block-column is-layout-flow wp-block-column-is-layout-flow\">\n<p class=\"ls-paragraph\">Bitte f\u00fcllen Sie so viele Informationen wie m\u00f6glich aus, damit wir Ihre Anfrage bestm\u00f6glich beantworten k\u00f6nnen. Nachdem wir Ihre Nachricht erhalten haben, werden wir uns so schnell wie m\u00f6glich mit den Antworten oder Vorschl\u00e4gen, die Sie erwarten, bei Ihnen melden. <\/p>\n<\/div>\n<\/div>\n<\/div>\n<\/div>\n\n\r\n    <\/div>\r\n<\/section>","protected":false},"excerpt":{"rendered":"","protected":false},"author":1,"featured_media":0,"parent":0,"menu_order":0,"comment_status":"closed","ping_status":"closed","template":"","meta":{"footnotes":""},"sujet":[],"class_list":["post-60372","page","type-page","status-publish","hentry"],"acf":[],"yoast_head":"<!-- This site is optimized with the Yoast SEO plugin v21.9 - https:\/\/yoast.com\/wordpress\/plugins\/seo\/ -->\n<title>Kontaktieren Sie den Campingplatz Mazet-Plage - Kontaktformular<\/title>\n<meta name=\"description\" content=\"Um Camping Mazet Plage in Casteljau in der Ard\u00e8che zu kontaktieren, f\u00fcllen Sie einfach das Formular aus und senden Sie Ihre Nachricht mit nur einem Klick.\" \/>\n<meta name=\"robots\" content=\"index, follow, max-snippet:-1, max-image-preview:large, max-video-preview:-1\" \/>\n<link rel=\"canonical\" href=\"https:\/\/www.camping-mazet-plage.com\/de\/kontakt\/\" \/>\n<meta property=\"og:locale\" content=\"de_DE\" \/>\n<meta property=\"og:type\" content=\"article\" \/>\n<meta property=\"og:title\" content=\"Kontaktieren Sie den Campingplatz Mazet-Plage - Kontaktformular\" \/>\n<meta property=\"og:description\" content=\"Um Camping Mazet Plage in Casteljau in der Ard\u00e8che zu kontaktieren, f\u00fcllen Sie einfach das Formular aus und senden Sie Ihre Nachricht mit nur einem Klick.\" \/>\n<meta property=\"og:url\" content=\"https:\/\/www.camping-mazet-plage.com\/de\/kontakt\/\" \/>\n<meta property=\"og:site_name\" content=\"Campingplatz Mazet Plage\" \/>\n<meta property=\"article:modified_time\" content=\"2025-09-04T13:42:57+00:00\" \/>\n<meta property=\"og:image\" content=\"https:\/\/www.camping-mazet-plage.com\/wp-content\/uploads\/2022\/01\/camping-mazet-plage.jpg\" \/>\n<meta name=\"twitter:card\" content=\"summary_large_image\" \/>\n<meta name=\"twitter:label1\" content=\"Gesch\u00e4tzte Lesezeit\" \/>\n\t<meta name=\"twitter:data1\" content=\"2\u00a0Minuten\" \/>\n<script type=\"application\/ld+json\" class=\"yoast-schema-graph\">{\"@context\":\"https:\/\/schema.org\",\"@graph\":[{\"@type\":\"WebPage\",\"@id\":\"https:\/\/www.camping-mazet-plage.com\/de\/kontakt\/\",\"url\":\"https:\/\/www.camping-mazet-plage.com\/de\/kontakt\/\",\"name\":\"Kontaktieren Sie den Campingplatz Mazet-Plage - Kontaktformular\",\"isPartOf\":{\"@id\":\"https:\/\/www.camping-mazet-plage.com\/de\/#website\"},\"datePublished\":\"2021-12-17T07:22:58+00:00\",\"dateModified\":\"2025-09-04T13:42:57+00:00\",\"description\":\"Um Camping Mazet Plage in Casteljau in der Ard\u00e8che zu kontaktieren, f\u00fcllen Sie einfach das Formular aus und senden Sie Ihre Nachricht mit nur einem Klick.\",\"breadcrumb\":{\"@id\":\"https:\/\/www.camping-mazet-plage.com\/de\/kontakt\/#breadcrumb\"},\"inLanguage\":\"de\",\"potentialAction\":[{\"@type\":\"ReadAction\",\"target\":[\"https:\/\/www.camping-mazet-plage.com\/de\/kontakt\/\"]}]},{\"@type\":\"BreadcrumbList\",\"@id\":\"https:\/\/www.camping-mazet-plage.com\/de\/kontakt\/#breadcrumb\",\"itemListElement\":[{\"@type\":\"ListItem\",\"position\":1,\"name\":\"Campingplatz Ard\u00e8che\",\"item\":\"https:\/\/www.camping-mazet-plage.com\/de\/\"},{\"@type\":\"ListItem\",\"position\":2,\"name\":\"Kontakt\"}]},{\"@type\":\"WebSite\",\"@id\":\"https:\/\/www.camping-mazet-plage.com\/de\/#website\",\"url\":\"https:\/\/www.camping-mazet-plage.com\/de\/\",\"name\":\"Campingplatz Mazet Plage\",\"description\":\"\",\"publisher\":{\"@id\":\"https:\/\/www.camping-mazet-plage.com\/de\/#organization\"},\"potentialAction\":[{\"@type\":\"SearchAction\",\"target\":{\"@type\":\"EntryPoint\",\"urlTemplate\":\"https:\/\/www.camping-mazet-plage.com\/de\/?s={search_term_string}\"},\"query-input\":\"required name=search_term_string\"}],\"inLanguage\":\"de\"},{\"@type\":\"Organization\",\"@id\":\"https:\/\/www.camping-mazet-plage.com\/de\/#organization\",\"name\":\"Camping Mazet Plage\",\"url\":\"https:\/\/www.camping-mazet-plage.com\/de\/\",\"logo\":{\"@type\":\"ImageObject\",\"inLanguage\":\"de\",\"@id\":\"https:\/\/www.camping-mazet-plage.com\/de\/#\/schema\/logo\/image\/\",\"url\":\"https:\/\/www.camping-mazet-plage.com\/wp-content\/uploads\/2022\/02\/logo-footer.jpg\",\"contentUrl\":\"https:\/\/www.camping-mazet-plage.com\/wp-content\/uploads\/2022\/02\/logo-footer.jpg\",\"width\":352,\"height\":434,\"caption\":\"Camping Mazet Plage\"},\"image\":{\"@id\":\"https:\/\/www.camping-mazet-plage.com\/de\/#\/schema\/logo\/image\/\"}}]}<\/script>\n<!-- \/ Yoast SEO plugin. -->","yoast_head_json":{"title":"Kontaktieren Sie den Campingplatz Mazet-Plage - Kontaktformular","description":"Um Camping Mazet Plage in Casteljau in der Ard\u00e8che zu kontaktieren, f\u00fcllen Sie einfach das Formular aus und senden Sie Ihre Nachricht mit nur einem Klick.","robots":{"index":"index","follow":"follow","max-snippet":"max-snippet:-1","max-image-preview":"max-image-preview:large","max-video-preview":"max-video-preview:-1"},"canonical":"https:\/\/www.camping-mazet-plage.com\/de\/kontakt\/","og_locale":"de_DE","og_type":"article","og_title":"Kontaktieren Sie den Campingplatz Mazet-Plage - Kontaktformular","og_description":"Um Camping Mazet Plage in Casteljau in der Ard\u00e8che zu kontaktieren, f\u00fcllen Sie einfach das Formular aus und senden Sie Ihre Nachricht mit nur einem Klick.","og_url":"https:\/\/www.camping-mazet-plage.com\/de\/kontakt\/","og_site_name":"Campingplatz Mazet Plage","article_modified_time":"2025-09-04T13:42:57+00:00","og_image":[{"url":"https:\/\/www.camping-mazet-plage.com\/wp-content\/uploads\/2022\/01\/camping-mazet-plage.jpg"}],"twitter_card":"summary_large_image","twitter_misc":{"Gesch\u00e4tzte Lesezeit":"2\u00a0Minuten"},"schema":{"@context":"https:\/\/schema.org","@graph":[{"@type":"WebPage","@id":"https:\/\/www.camping-mazet-plage.com\/de\/kontakt\/","url":"https:\/\/www.camping-mazet-plage.com\/de\/kontakt\/","name":"Kontaktieren Sie den Campingplatz Mazet-Plage - Kontaktformular","isPartOf":{"@id":"https:\/\/www.camping-mazet-plage.com\/de\/#website"},"datePublished":"2021-12-17T07:22:58+00:00","dateModified":"2025-09-04T13:42:57+00:00","description":"Um Camping Mazet Plage in Casteljau in der Ard\u00e8che zu kontaktieren, f\u00fcllen Sie einfach das Formular aus und senden Sie Ihre Nachricht mit nur einem Klick.","breadcrumb":{"@id":"https:\/\/www.camping-mazet-plage.com\/de\/kontakt\/#breadcrumb"},"inLanguage":"de","potentialAction":[{"@type":"ReadAction","target":["https:\/\/www.camping-mazet-plage.com\/de\/kontakt\/"]}]},{"@type":"BreadcrumbList","@id":"https:\/\/www.camping-mazet-plage.com\/de\/kontakt\/#breadcrumb","itemListElement":[{"@type":"ListItem","position":1,"name":"Campingplatz Ard\u00e8che","item":"https:\/\/www.camping-mazet-plage.com\/de\/"},{"@type":"ListItem","position":2,"name":"Kontakt"}]},{"@type":"WebSite","@id":"https:\/\/www.camping-mazet-plage.com\/de\/#website","url":"https:\/\/www.camping-mazet-plage.com\/de\/","name":"Campingplatz Mazet Plage","description":"","publisher":{"@id":"https:\/\/www.camping-mazet-plage.com\/de\/#organization"},"potentialAction":[{"@type":"SearchAction","target":{"@type":"EntryPoint","urlTemplate":"https:\/\/www.camping-mazet-plage.com\/de\/?s={search_term_string}"},"query-input":"required name=search_term_string"}],"inLanguage":"de"},{"@type":"Organization","@id":"https:\/\/www.camping-mazet-plage.com\/de\/#organization","name":"Camping Mazet Plage","url":"https:\/\/www.camping-mazet-plage.com\/de\/","logo":{"@type":"ImageObject","inLanguage":"de","@id":"https:\/\/www.camping-mazet-plage.com\/de\/#\/schema\/logo\/image\/","url":"https:\/\/www.camping-mazet-plage.com\/wp-content\/uploads\/2022\/02\/logo-footer.jpg","contentUrl":"https:\/\/www.camping-mazet-plage.com\/wp-content\/uploads\/2022\/02\/logo-footer.jpg","width":352,"height":434,"caption":"Camping Mazet Plage"},"image":{"@id":"https:\/\/www.camping-mazet-plage.com\/de\/#\/schema\/logo\/image\/"}}]}},"_links":{"self":[{"href":"https:\/\/www.camping-mazet-plage.com\/de\/wp-json\/wp\/v2\/pages\/60372"}],"collection":[{"href":"https:\/\/www.camping-mazet-plage.com\/de\/wp-json\/wp\/v2\/pages"}],"about":[{"href":"https:\/\/www.camping-mazet-plage.com\/de\/wp-json\/wp\/v2\/types\/page"}],"author":[{"embeddable":true,"href":"https:\/\/www.camping-mazet-plage.com\/de\/wp-json\/wp\/v2\/users\/1"}],"replies":[{"embeddable":true,"href":"https:\/\/www.camping-mazet-plage.com\/de\/wp-json\/wp\/v2\/comments?post=60372"}],"version-history":[{"count":7,"href":"https:\/\/www.camping-mazet-plage.com\/de\/wp-json\/wp\/v2\/pages\/60372\/revisions"}],"predecessor-version":[{"id":63994,"href":"https:\/\/www.camping-mazet-plage.com\/de\/wp-json\/wp\/v2\/pages\/60372\/revisions\/63994"}],"wp:attachment":[{"href":"https:\/\/www.camping-mazet-plage.com\/de\/wp-json\/wp\/v2\/media?parent=60372"}],"wp:term":[{"taxonomy":"sujet","embeddable":true,"href":"https:\/\/www.camping-mazet-plage.com\/de\/wp-json\/wp\/v2\/sujet?post=60372"}],"curies":[{"name":"wp","href":"https:\/\/api.w.org\/{rel}","templated":true}]}}