{"id":60364,"date":"2021-12-17T07:55:56","date_gmt":"2021-12-17T06:55:56","guid":{"rendered":"https:\/\/www.camping-mazet-plage.com\/espace-aquatique\/"},"modified":"2025-09-04T15:53:35","modified_gmt":"2025-09-04T13:53:35","slug":"schwimmbad","status":"publish","type":"page","link":"https:\/\/www.camping-mazet-plage.com\/de\/schwimmbad\/","title":{"rendered":"Swimmingpool"},"content":{"rendered":"<section id=\"ls-section-block_95425e05d759f480e885aca08696d25c\" class=\"ls-section   bgDecoGris\" >\r\n        <div class=\"container container--full\">\r\n        \n\n<div class=\"wp-block-columns are-vertically-aligned-center is-layout-flex wp-container-core-columns-is-layout-1 wp-block-columns-is-layout-flex\">\n<div class=\"wp-block-column is-vertically-aligned-center is-layout-flow wp-block-column-is-layout-flow\" style=\"flex-basis:40%\">\n<h1 class=\"ls__heading wp-block-heading ls__heading deco\"><mark style=\"background-color:rgba(0, 0, 0, 0)\" class=\"has-inline-color has-color-1-color\">Campingplatz Ard\u00e8che mit Schwimmbad<\/mark><\/h1>\n\n\n\n<p class=\"ls-paragraph\">  Sie m\u00f6chten Ihren<span style=\"color:#000\" class=\"tadv-color\">Urlaub mit der Familie<\/span> <span style=\"color:#000\" class=\"tadv-color\">in einem<\/span><strong><span style=\"color:#f56038\" class=\"tadv-color\"> Campingplatz Ard\u00e8che mit Schwimmbad<\/span><\/strong><span style=\"color:#000\" class=\"tadv-color\">  ? Da <\/span>n einer<span style=\"color:#000\" class=\"tadv-color\"> einzigartigen Umgebung<\/span>, in der N\u00e4he des Flusses Chassezac, nicht weit von Vallon-Pont-d&#8217;Arc und den Gorges de l&#8217;Ard\u00e8che, in der Auvergne-Rh\u00f4ne-Alpes (S\u00fcdostfrankreich), bietet Ihnen unser <a href=\"\/\">Campingplatz in der s\u00fcdlichen Ard\u00e8che<\/a> einen sch\u00f6nen Wasser- und Spielbereich, ideal gelegen in einer gr\u00fcnen Umgebung, der der ganze Stolz des Teams ist.<\/p>\n\n\n\n<p class=\"ls-paragraph\">  Der Swimmingpool, der sowohl Kinder als auch Eltern begeistert, ist ein Muss auf jedem Campingplatz in Frankreich! Nach Meinung der Urlauber ist der Pool <\/p>\n\n\n\n<p class=\"ls-paragraph\">  ist ein <strong>echter Vorteil<\/strong> auf einem Campingplatz, besonders wenn Sie eine Woche Urlaub mit Ihren Kindern verbringen.  <\/p>\n\n\n\n<h2 class=\"ls__heading wp-block-heading ls__heading deco\"><mark style=\"background-color:rgba(0, 0, 0, 0)\" class=\"has-inline-color has-color-1-color\">Campingplatz mit Schwimmbad im S\u00fcden der Ard\u00e8che<\/mark><\/h2>\n\n\n\n<p class=\"ls-paragraph\"><span class=\"tadv-color\" style=\"color:#000\">Zwischen zwei Spr\u00fcngen in unseren Swimmingpool<\/span> <span class=\"tadv-color\" style=\"color:#000\">in der Ard\u00e8che k\u00f6nnen Sie sich auch mit der ganzen Familie auf den Sonnenliegen am Beckenrand ausruhen.<\/span> Sie haben dann einen Blick auf den bewaldeten Park unseres Anwesens in der Ard\u00e8che, eine Siesta in der Natur, die Ihnen w\u00e4hrend Ihres Aufenthalts gut tun wird!<\/p>\n<\/div>\n\n\n\n<div class=\"wp-block-column is-vertically-aligned-center ls-slider-innerContent is-layout-flow wp-block-column-is-layout-flow\" style=\"flex-basis:60%\">\n<figure class=\"wp-block-image size-large\"><a href=\"https:\/\/www.camping-mazet-plage.com\/wp-content\/uploads\/2022\/02\/camping-pataugeoire-ardeche.jpg\"><img decoding=\"async\" width=\"1024\" height=\"683\" src=\"https:\/\/www.camping-mazet-plage.com\/wp-content\/uploads\/2022\/02\/camping-pataugeoire-ardeche-1024x683.jpg\" alt=\"Camping pataugeoire ardeche\" class=\"wp-image-58597\" srcset=\"https:\/\/www.camping-mazet-plage.com\/wp-content\/uploads\/2022\/02\/camping-pataugeoire-ardeche-1024x683.jpg 1024w, https:\/\/www.camping-mazet-plage.com\/wp-content\/uploads\/2022\/02\/camping-pataugeoire-ardeche-300x200.jpg 300w, https:\/\/www.camping-mazet-plage.com\/wp-content\/uploads\/2022\/02\/camping-pataugeoire-ardeche-768x512.jpg 768w, https:\/\/www.camping-mazet-plage.com\/wp-content\/uploads\/2022\/02\/camping-pataugeoire-ardeche.jpg 1200w\" sizes=\"(max-width: 1024px) 100vw, 1024px\" \/><\/a><\/figure>\n\n\n\n<figure class=\"wp-block-image size-large\"><a href=\"https:\/\/www.camping-mazet-plage.com\/wp-content\/uploads\/2022\/01\/camping-ardeche-espace-aquatique2.jpg\"><img decoding=\"async\" width=\"1024\" height=\"683\" src=\"https:\/\/www.camping-mazet-plage.com\/wp-content\/uploads\/2022\/01\/camping-ardeche-espace-aquatique2-1024x683.jpg\" alt=\"campingplatz ardeche wasserpark\" class=\"wp-image-1026\" srcset=\"https:\/\/www.camping-mazet-plage.com\/wp-content\/uploads\/2022\/01\/camping-ardeche-espace-aquatique2-1024x683.jpg 1024w, https:\/\/www.camping-mazet-plage.com\/wp-content\/uploads\/2022\/01\/camping-ardeche-espace-aquatique2-300x200.jpg 300w, https:\/\/www.camping-mazet-plage.com\/wp-content\/uploads\/2022\/01\/camping-ardeche-espace-aquatique2-768x512.jpg 768w, https:\/\/www.camping-mazet-plage.com\/wp-content\/uploads\/2022\/01\/camping-ardeche-espace-aquatique2.jpg 1200w\" sizes=\"(max-width: 1024px) 100vw, 1024px\" \/><\/a><\/figure>\n\n\n\n<figure class=\"wp-block-image size-large\"><a href=\"https:\/\/www.camping-mazet-plage.com\/wp-content\/uploads\/2022\/02\/camping-piscine-chauffee-ardeche.jpg\"><img decoding=\"async\" width=\"1024\" height=\"683\" src=\"https:\/\/www.camping-mazet-plage.com\/wp-content\/uploads\/2022\/02\/camping-piscine-chauffee-ardeche-1024x683.jpg\" alt=\"Campingplatz mit beheiztem Schwimmbad in der Ardeche\" class=\"wp-image-58593\" srcset=\"https:\/\/www.camping-mazet-plage.com\/wp-content\/uploads\/2022\/02\/camping-piscine-chauffee-ardeche-1024x683.jpg 1024w, https:\/\/www.camping-mazet-plage.com\/wp-content\/uploads\/2022\/02\/camping-piscine-chauffee-ardeche-300x200.jpg 300w, https:\/\/www.camping-mazet-plage.com\/wp-content\/uploads\/2022\/02\/camping-piscine-chauffee-ardeche-768x512.jpg 768w, https:\/\/www.camping-mazet-plage.com\/wp-content\/uploads\/2022\/02\/camping-piscine-chauffee-ardeche.jpg 1200w\" sizes=\"(max-width: 1024px) 100vw, 1024px\" \/><\/a><\/figure>\n\n\n\n<figure class=\"wp-block-image size-large\"><a href=\"https:\/\/www.camping-mazet-plage.com\/wp-content\/uploads\/2022\/01\/camping-ardeche-espace-aquatique.jpg\"><img decoding=\"async\" width=\"1024\" height=\"683\" src=\"https:\/\/www.camping-mazet-plage.com\/wp-content\/uploads\/2022\/01\/camping-ardeche-espace-aquatique-1024x683.jpg\" alt=\"campingplatz ardeche wasserpark\" class=\"wp-image-1027\" srcset=\"https:\/\/www.camping-mazet-plage.com\/wp-content\/uploads\/2022\/01\/camping-ardeche-espace-aquatique-1024x683.jpg 1024w, https:\/\/www.camping-mazet-plage.com\/wp-content\/uploads\/2022\/01\/camping-ardeche-espace-aquatique-300x200.jpg 300w, https:\/\/www.camping-mazet-plage.com\/wp-content\/uploads\/2022\/01\/camping-ardeche-espace-aquatique-768x512.jpg 768w, https:\/\/www.camping-mazet-plage.com\/wp-content\/uploads\/2022\/01\/camping-ardeche-espace-aquatique.jpg 1200w\" sizes=\"(max-width: 1024px) 100vw, 1024px\" \/><\/a><\/figure>\n\n\n\n<figure class=\"wp-block-image size-large\"><a href=\"https:\/\/www.camping-mazet-plage.com\/wp-content\/uploads\/2022\/02\/camping-piscine-ardeche-1.jpg\"><img decoding=\"async\" width=\"1024\" height=\"683\" src=\"https:\/\/www.camping-mazet-plage.com\/wp-content\/uploads\/2022\/02\/camping-piscine-ardeche-1-1024x683.jpg\" alt=\"Campingplatz Schwimmbad Ardeche\" class=\"wp-image-58595\" srcset=\"https:\/\/www.camping-mazet-plage.com\/wp-content\/uploads\/2022\/02\/camping-piscine-ardeche-1-1024x683.jpg 1024w, https:\/\/www.camping-mazet-plage.com\/wp-content\/uploads\/2022\/02\/camping-piscine-ardeche-1-300x200.jpg 300w, https:\/\/www.camping-mazet-plage.com\/wp-content\/uploads\/2022\/02\/camping-piscine-ardeche-1-768x512.jpg 768w, https:\/\/www.camping-mazet-plage.com\/wp-content\/uploads\/2022\/02\/camping-piscine-ardeche-1.jpg 1200w\" sizes=\"(max-width: 1024px) 100vw, 1024px\" \/><\/a><\/figure>\n<\/div>\n<\/div>\n\n\r\n    <\/div>\r\n<\/section><section id=\"ls-section-block_f917d3a6f68cc1617629a3350cf8b400\" class=\"ls-section   bgDecoOrange\" >\r\n        <div class=\"container container--full\">\r\n        \n\n<div class=\"wp-block-columns are-vertically-aligned-center is-layout-flex wp-container-core-columns-is-layout-2 wp-block-columns-is-layout-flex\">\n<div class=\"wp-block-column is-vertically-aligned-center is-layout-flow wp-block-column-is-layout-flow\" style=\"flex-basis:60%\">\n<figure class=\"wp-block-image size-large imageRoundFull\"><a href=\"https:\/\/www.camping-mazet-plage.com\/wp-content\/uploads\/2022\/02\/camping-piscine-sud-ardeche.jpg\"><img decoding=\"async\" width=\"1024\" height=\"1024\" src=\"https:\/\/www.camping-mazet-plage.com\/wp-content\/uploads\/2022\/02\/camping-piscine-sud-ardeche-1024x1024.jpg\" alt=\"Campingplatz Schwimmbad S&#xFC;d-Ardeche\" class=\"wp-image-58599\" srcset=\"https:\/\/www.camping-mazet-plage.com\/wp-content\/uploads\/2022\/02\/camping-piscine-sud-ardeche.jpg 1024w, https:\/\/www.camping-mazet-plage.com\/wp-content\/uploads\/2022\/02\/camping-piscine-sud-ardeche-300x300.jpg 300w, https:\/\/www.camping-mazet-plage.com\/wp-content\/uploads\/2022\/02\/camping-piscine-sud-ardeche-150x150.jpg 150w, https:\/\/www.camping-mazet-plage.com\/wp-content\/uploads\/2022\/02\/camping-piscine-sud-ardeche-768x768.jpg 768w\" sizes=\"(max-width: 1024px) 100vw, 1024px\" \/><\/a><\/figure>\n<\/div>\n\n\n\n<div class=\"wp-block-column is-vertically-aligned-center is-layout-flow wp-block-column-is-layout-flow\" style=\"flex-basis:40%\">\n<h2 class=\"ls__heading wp-block-heading has-text-align-right deco has-color-1-color has-text-color\">Campingplatz mit Planschbecken und Jacuzzi<br\/> <strong>im Dorf<\/strong> Berrias und Casteljau<\/h2>\n\n\n\n<p class=\"ls-paragraph\">Unser <strong><span style=\"color:#f56038\" class=\"tadv-color\">Campingplatz mit Schwimmbad in der Ard\u00e8che<\/span><\/strong> in den D\u00f6rfern Berrias und Casteljau ist ideal f\u00fcr<span style=\"color:#000\" class=\"tadv-color\">Badefreunde und Wassersportler!<\/span><\/p>\n\n\n\n<p class=\"ls-paragraph\">Der Wasserpark unseres 4-Sterne-Campingplatzes in der Ard\u00e8che besteht aus zwei Becken ohne Rutschen, die die ganze Familie w\u00e4hrend Ihres Aufenthaltes begeistern werden.<\/p>\n\n\n\n<p class=\"ls-paragraph\">In der Tat k\u00f6nnen auch j\u00fcngere Kinder gefahrlos baden, da<span class=\"tadv-color\" style=\"color:#000\"> unser Planschbecken zu ihrem Lieblingsspielplatz wird und sie so die Freuden des Wassers und der Spiele und Aktivit\u00e4ten erleben<\/span> k\u00f6nnen. <span class=\"tadv-color\" style=\"color:#000\">Wassersportler unter der Sonne der s\u00fcdlichen Ard\u00e8che f\u00fcr einen unvergesslichen Campingurlaub. Wollen Sie unsere Meinung h\u00f6ren? Ihre Kinder werden die Wasserbecken gar nicht mehr verlassen wollen, so viel Spa\u00df haben sie im Wasser!  <\/span> <span class=\"tadv-color\" style=\"color:#000\">Genie\u00dfen Sie zwischen Wasserspielen und Sonnenb\u00e4dern<\/span>das Schwimmbad unseres Campingplatzes mit Familienbad in der s\u00fcdlichen Ard\u00e8che und verbringen Sie einen gelungenen Familienurlaub! Sie werden sich in den Becken unseres Campingplatzes in der Ard\u00e8che schnell zurechtfinden und den Pool und die umliegende Natur genie\u00dfen, w\u00e4hrend Sie schwimmen oder eine wohlverdiente Siesta am Wasser machen. <\/p>\n<\/div>\n<\/div>\n\n\r\n    <\/div>\r\n<\/section><section id=\"ls-section-block_2083d6a60155355354f1b67932587336\" class=\"ls-section  modeleSection has-p-b p-b-0\" >\r\n        <div class=\"container container--full\">\r\n        \n\n<figure class=\"wp-block-image size-full imageModeleSection\"><img decoding=\"async\" width=\"1900\" height=\"774\" src=\"https:\/\/www.camping-mazet-plage.com\/wp-content\/uploads\/2022\/02\/camping-transats-bord-de-piscine.jpg\" alt=\"Campingplatz Liegest&#xFC;hle am Pool\" class=\"wp-image-58602\" srcset=\"https:\/\/www.camping-mazet-plage.com\/wp-content\/uploads\/2022\/02\/camping-transats-bord-de-piscine.jpg 1900w, https:\/\/www.camping-mazet-plage.com\/wp-content\/uploads\/2022\/02\/camping-transats-bord-de-piscine-300x122.jpg 300w, https:\/\/www.camping-mazet-plage.com\/wp-content\/uploads\/2022\/02\/camping-transats-bord-de-piscine-1024x417.jpg 1024w, https:\/\/www.camping-mazet-plage.com\/wp-content\/uploads\/2022\/02\/camping-transats-bord-de-piscine-768x313.jpg 768w, https:\/\/www.camping-mazet-plage.com\/wp-content\/uploads\/2022\/02\/camping-transats-bord-de-piscine-1536x626.jpg 1536w\" sizes=\"(max-width: 1900px) 100vw, 1900px\" \/><\/figure>\n\n\n\n<div class=\"wp-block-columns containerContenuModeleSection is-layout-flex wp-container-core-columns-is-layout-4 wp-block-columns-is-layout-flex\">\n<div class=\"wp-block-column contenuModeleSection is-layout-flow wp-block-column-is-layout-flow\" style=\"flex-basis:80%\">\n<div class=\"wp-block-columns is-layout-flex wp-container-core-columns-is-layout-3 wp-block-columns-is-layout-flex\">\n<div class=\"wp-block-column is-layout-flow wp-block-column-is-layout-flow\">\n<p class=\"ls-paragraph\"><span style=\"color:#000\" class=\"tadv-color\">Der Vorteil eines Urlaubs auf einem Campingplatz mit Wasserpark, insbesondere auf dem 4-Sterne-Campingplatz<\/span> <span style=\"color:#000\" class=\"tadv-color\">Mazet Plage in der Region Auvergne-Rh\u00f4ne-Alpes<\/span>, <span style=\"color:#000\" class=\"tadv-color\">ist, dass die Eltern sich im Whirlpool neben dem Pool entspannen k\u00f6nnen oder sich auf den Liegest\u00fchlen rund um den Pool sonnen k\u00f6nnen, w\u00e4hrend die Kinder sicher und fr\u00f6hlich im Wasser herumtollen. <\/span> <\/p>\n<\/div>\n\n\n\n<div class=\"wp-block-column is-layout-flow wp-block-column-is-layout-flow\">\n<p class=\"ls-paragraph\">Der Poolbereich unseres 4-Sterne-Campingplatzes in der S\u00fcd-Ard\u00e8che bietet Ruhe und Wohlbefinden abseits der <a href=\"https:\/\/www.camping-mazet-plage.com\/de\/standort-mobil-heim-ardeche\/\">Mobilheime<\/a>. Andere Dienstleistungen wie die Snackbar und das Restaurant stehen Ihnen w\u00e4hrend Ihres gesamten Aufenthalts zur Verf\u00fcgung, ebenso wie die Animationen im Freien f\u00fcr Sie und Ihre Kinder! In unserem Bar-Restaurant k\u00f6nnen Sie ein erfrischendes Getr\u00e4nk mit Blick auf den Pool genie\u00dfen oder eines der Gerichte \u00e0 la carte probieren.    <\/p>\n\n\n\n<p class=\"ls-paragraph\">Schauen Sie sich jetzt unsere Mietunterk\u00fcnfte an und buchen Sie eine unserer Mietunterk\u00fcnfte (Mobilheim) oder einen <a href=\"https:\/\/www.camping-mazet-plage.com\/de\/stellung-camping-ardeche\/\">unserer Campingpl\u00e4tze f\u00fcr Zelt<\/a>, Wohnwagen oder Wohnmobil f\u00fcr eine Woche Urlaub oder l\u00e4nger! F\u00fcr einen entspannten und aktiven Familienurlaub in der Auvergne-Rh\u00f4ne-Alpes, dank des Wasserparks und der zahlreichen Aktivit\u00e4ten und Animationen auf unserem 4-Sterne-Campingplatz in der Ard\u00e8che! <\/p>\n\n\n\r\n<a href=\"\/loisirs\/\" id=\"ls-button-block_57b08dd577187052569772ca39530d9d\" target=\"\" rel=\"\" class=\"ls-button\" ><span><span class=\"deco-button\">+<\/span>Entdecken Sie unsere Freizeitangebote<\/span><\/a>\r\n<\/div>\n<\/div>\n<\/div>\n<\/div>\n\n\r\n    <\/div>\r\n<\/section><section id=\"ls-section-block_26213ac79201f9ba2bb51b840aeb8d2d\" class=\"ls-section \" >\r\n        <div class=\"container container--wide\">\r\n        \n\n<p class=\"ls-paragraph has-text-align-center has-color-1-color has-text-color\" style=\"font-size:30px\"><span style=\"color:#12492f\" class=\"tadv-color\"><strong>Entdecken Sie den Fluss und die Unterk\u00fcnfte auf <span style=\"color:#12492f\" class=\"tadv-color\"><strong><span class=\"has-inline-color has-color-1-color\"><strong>Unser Campingplatz<\/strong><\/span> <\/strong><\/span>  <\/strong><\/span><\/p>\n\n\n\n<div id=\"ls-maillage-block_13d82a52dc3b134ac7a4c68202cf36bc\" class=\"ls-maillage cta-style-normal\" data-rows=\"3\">\n\n    <div class=\"wp-block-columns\"><div class=\"wp-block-column ls-cta\">\n\n<a href=\"https:\/\/www.camping-mazet-plage.com\/de\/standort-mobil-heim-ardeche\/\" target=\"\" rel=\"noopener\" class=\"ls-cta__link\">\n\n\t<div class=\"ls-cta__image\"><img decoding=\"async\" src=\"https:\/\/www.camping-mazet-plage.com\/wp-content\/uploads\/2022\/01\/location-mobil-home-ardeche.jpg\" alt=\"vermietung-mobilheim-ardeche vermietung mobilheim ardeche\"><\/div>\n\t<div class=\"ls-cta__title\">\n\t\tMobilheim\t<\/div>\n\n\t\t\n<\/a><\/div><div class=\"wp-block-column ls-cta\">\n\n<a href=\"https:\/\/www.camping-mazet-plage.com\/de\/stellung-camping-ardeche\/\" target=\"\" rel=\"noopener\" class=\"ls-cta__link\">\n\n\t<div class=\"ls-cta__image\"><img decoding=\"async\" src=\"https:\/\/www.camping-mazet-plage.com\/wp-content\/uploads\/2022\/01\/louer-emplacement-ardeche.jpg\" alt=\"mieten grundst\u00fcck ardeche\"><\/div>\n\t<div class=\"ls-cta__title\">\n\t\tStandort\t<\/div>\n\n\t\t\n<\/a><\/div><div class=\"wp-block-column ls-cta\">\n\n<a href=\"https:\/\/www.camping-mazet-plage.com\/de\/camping-ardeche-rivierufer\/\" target=\"\" rel=\"noopener\" class=\"ls-cta__link\">\n\n\t<div class=\"ls-cta__image\"><img decoding=\"async\" src=\"https:\/\/www.camping-mazet-plage.com\/wp-content\/uploads\/2022\/02\/riviere-proche-camping.jpg\" alt=\"Fluss in der N\u00e4he des Campingplatzes\"><\/div>\n\t<div class=\"ls-cta__title\">\n\t\tFluss\t<\/div>\n\n\t\t\n<\/a><\/div><\/div>\n<\/div>\n\r\n    <\/div>\r\n<\/section>","protected":false},"excerpt":{"rendered":"","protected":false},"author":1,"featured_media":60057,"parent":0,"menu_order":0,"comment_status":"closed","ping_status":"closed","template":"","meta":{"footnotes":""},"sujet":[],"class_list":["post-60364","page","type-page","status-publish","has-post-thumbnail","hentry"],"acf":[],"yoast_head":"<!-- This site is optimized with the Yoast SEO plugin v21.9 - https:\/\/yoast.com\/wordpress\/plugins\/seo\/ -->\n<title>Camping Ardeche Schwimmbad | Camping mit Schwimmbad in der Ardeche<\/title>\n<meta name=\"description\" content=\"Campingplatz Ardeche mit Pool 4 Sterne - Unser Campingplatz Ardeche mit Pool liegt nur ein paar Schritte vom Fluss entfernt und bietet Ihnen einen sch\u00f6nen Wasserbereich.\" \/>\n<meta name=\"robots\" content=\"index, follow, max-snippet:-1, max-image-preview:large, max-video-preview:-1\" \/>\n<link rel=\"canonical\" href=\"https:\/\/www.camping-mazet-plage.com\/de\/schwimmbad\/\" \/>\n<meta property=\"og:locale\" content=\"de_DE\" \/>\n<meta property=\"og:type\" content=\"article\" \/>\n<meta property=\"og:title\" content=\"Camping Ardeche Schwimmbad | Camping mit Schwimmbad in der Ardeche\" \/>\n<meta property=\"og:description\" content=\"Campingplatz Ardeche mit Pool 4 Sterne - Unser Campingplatz Ardeche mit Pool liegt nur ein paar Schritte vom Fluss entfernt und bietet Ihnen einen sch\u00f6nen Wasserbereich.\" \/>\n<meta property=\"og:url\" content=\"https:\/\/www.camping-mazet-plage.com\/de\/schwimmbad\/\" \/>\n<meta property=\"og:site_name\" content=\"Campingplatz Mazet Plage\" \/>\n<meta property=\"article:modified_time\" content=\"2025-09-04T13:53:35+00:00\" \/>\n<meta property=\"og:image\" content=\"https:\/\/www.camping-mazet-plage.com\/wp-content\/uploads\/2022\/02\/camping-piscine-chauffee.jpg\" \/>\n\t<meta property=\"og:image:width\" content=\"1900\" \/>\n\t<meta property=\"og:image:height\" content=\"700\" \/>\n\t<meta property=\"og:image:type\" content=\"image\/jpeg\" \/>\n<meta name=\"twitter:card\" content=\"summary_large_image\" \/>\n<meta name=\"twitter:label1\" content=\"Gesch\u00e4tzte Lesezeit\" \/>\n\t<meta name=\"twitter:data1\" content=\"4\u00a0Minuten\" \/>\n<script type=\"application\/ld+json\" class=\"yoast-schema-graph\">{\"@context\":\"https:\/\/schema.org\",\"@graph\":[{\"@type\":\"WebPage\",\"@id\":\"https:\/\/www.camping-mazet-plage.com\/de\/schwimmbad\/\",\"url\":\"https:\/\/www.camping-mazet-plage.com\/de\/schwimmbad\/\",\"name\":\"Camping Ardeche Schwimmbad | Camping mit Schwimmbad in der Ardeche\",\"isPartOf\":{\"@id\":\"https:\/\/www.camping-mazet-plage.com\/de\/#website\"},\"datePublished\":\"2021-12-17T06:55:56+00:00\",\"dateModified\":\"2025-09-04T13:53:35+00:00\",\"description\":\"Campingplatz Ardeche mit Pool 4 Sterne - Unser Campingplatz Ardeche mit Pool liegt nur ein paar Schritte vom Fluss entfernt und bietet Ihnen einen sch\u00f6nen Wasserbereich.\",\"breadcrumb\":{\"@id\":\"https:\/\/www.camping-mazet-plage.com\/de\/schwimmbad\/#breadcrumb\"},\"inLanguage\":\"de\",\"potentialAction\":[{\"@type\":\"ReadAction\",\"target\":[\"https:\/\/www.camping-mazet-plage.com\/de\/schwimmbad\/\"]}]},{\"@type\":\"BreadcrumbList\",\"@id\":\"https:\/\/www.camping-mazet-plage.com\/de\/schwimmbad\/#breadcrumb\",\"itemListElement\":[{\"@type\":\"ListItem\",\"position\":1,\"name\":\"Campingplatz Ard\u00e8che\",\"item\":\"https:\/\/www.camping-mazet-plage.com\/de\/\"},{\"@type\":\"ListItem\",\"position\":2,\"name\":\"Campingplatz Ardeche Schwimmbad\"}]},{\"@type\":\"WebSite\",\"@id\":\"https:\/\/www.camping-mazet-plage.com\/de\/#website\",\"url\":\"https:\/\/www.camping-mazet-plage.com\/de\/\",\"name\":\"Campingplatz Mazet Plage\",\"description\":\"\",\"publisher\":{\"@id\":\"https:\/\/www.camping-mazet-plage.com\/de\/#organization\"},\"potentialAction\":[{\"@type\":\"SearchAction\",\"target\":{\"@type\":\"EntryPoint\",\"urlTemplate\":\"https:\/\/www.camping-mazet-plage.com\/de\/?s={search_term_string}\"},\"query-input\":\"required name=search_term_string\"}],\"inLanguage\":\"de\"},{\"@type\":\"Organization\",\"@id\":\"https:\/\/www.camping-mazet-plage.com\/de\/#organization\",\"name\":\"Camping Mazet Plage\",\"url\":\"https:\/\/www.camping-mazet-plage.com\/de\/\",\"logo\":{\"@type\":\"ImageObject\",\"inLanguage\":\"de\",\"@id\":\"https:\/\/www.camping-mazet-plage.com\/de\/#\/schema\/logo\/image\/\",\"url\":\"https:\/\/www.camping-mazet-plage.com\/wp-content\/uploads\/2022\/02\/logo-footer.jpg\",\"contentUrl\":\"https:\/\/www.camping-mazet-plage.com\/wp-content\/uploads\/2022\/02\/logo-footer.jpg\",\"width\":352,\"height\":434,\"caption\":\"Camping Mazet Plage\"},\"image\":{\"@id\":\"https:\/\/www.camping-mazet-plage.com\/de\/#\/schema\/logo\/image\/\"}}]}<\/script>\n<!-- \/ Yoast SEO plugin. -->","yoast_head_json":{"title":"Camping Ardeche Schwimmbad | Camping mit Schwimmbad in der Ardeche","description":"Campingplatz Ardeche mit Pool 4 Sterne - Unser Campingplatz Ardeche mit Pool liegt nur ein paar Schritte vom Fluss entfernt und bietet Ihnen einen sch\u00f6nen Wasserbereich.","robots":{"index":"index","follow":"follow","max-snippet":"max-snippet:-1","max-image-preview":"max-image-preview:large","max-video-preview":"max-video-preview:-1"},"canonical":"https:\/\/www.camping-mazet-plage.com\/de\/schwimmbad\/","og_locale":"de_DE","og_type":"article","og_title":"Camping Ardeche Schwimmbad | Camping mit Schwimmbad in der Ardeche","og_description":"Campingplatz Ardeche mit Pool 4 Sterne - Unser Campingplatz Ardeche mit Pool liegt nur ein paar Schritte vom Fluss entfernt und bietet Ihnen einen sch\u00f6nen Wasserbereich.","og_url":"https:\/\/www.camping-mazet-plage.com\/de\/schwimmbad\/","og_site_name":"Campingplatz Mazet Plage","article_modified_time":"2025-09-04T13:53:35+00:00","og_image":[{"width":1900,"height":700,"url":"https:\/\/www.camping-mazet-plage.com\/wp-content\/uploads\/2022\/02\/camping-piscine-chauffee.jpg","type":"image\/jpeg"}],"twitter_card":"summary_large_image","twitter_misc":{"Gesch\u00e4tzte Lesezeit":"4\u00a0Minuten"},"schema":{"@context":"https:\/\/schema.org","@graph":[{"@type":"WebPage","@id":"https:\/\/www.camping-mazet-plage.com\/de\/schwimmbad\/","url":"https:\/\/www.camping-mazet-plage.com\/de\/schwimmbad\/","name":"Camping Ardeche Schwimmbad | Camping mit Schwimmbad in der Ardeche","isPartOf":{"@id":"https:\/\/www.camping-mazet-plage.com\/de\/#website"},"datePublished":"2021-12-17T06:55:56+00:00","dateModified":"2025-09-04T13:53:35+00:00","description":"Campingplatz Ardeche mit Pool 4 Sterne - Unser Campingplatz Ardeche mit Pool liegt nur ein paar Schritte vom Fluss entfernt und bietet Ihnen einen sch\u00f6nen Wasserbereich.","breadcrumb":{"@id":"https:\/\/www.camping-mazet-plage.com\/de\/schwimmbad\/#breadcrumb"},"inLanguage":"de","potentialAction":[{"@type":"ReadAction","target":["https:\/\/www.camping-mazet-plage.com\/de\/schwimmbad\/"]}]},{"@type":"BreadcrumbList","@id":"https:\/\/www.camping-mazet-plage.com\/de\/schwimmbad\/#breadcrumb","itemListElement":[{"@type":"ListItem","position":1,"name":"Campingplatz Ard\u00e8che","item":"https:\/\/www.camping-mazet-plage.com\/de\/"},{"@type":"ListItem","position":2,"name":"Campingplatz Ardeche Schwimmbad"}]},{"@type":"WebSite","@id":"https:\/\/www.camping-mazet-plage.com\/de\/#website","url":"https:\/\/www.camping-mazet-plage.com\/de\/","name":"Campingplatz Mazet Plage","description":"","publisher":{"@id":"https:\/\/www.camping-mazet-plage.com\/de\/#organization"},"potentialAction":[{"@type":"SearchAction","target":{"@type":"EntryPoint","urlTemplate":"https:\/\/www.camping-mazet-plage.com\/de\/?s={search_term_string}"},"query-input":"required name=search_term_string"}],"inLanguage":"de"},{"@type":"Organization","@id":"https:\/\/www.camping-mazet-plage.com\/de\/#organization","name":"Camping Mazet Plage","url":"https:\/\/www.camping-mazet-plage.com\/de\/","logo":{"@type":"ImageObject","inLanguage":"de","@id":"https:\/\/www.camping-mazet-plage.com\/de\/#\/schema\/logo\/image\/","url":"https:\/\/www.camping-mazet-plage.com\/wp-content\/uploads\/2022\/02\/logo-footer.jpg","contentUrl":"https:\/\/www.camping-mazet-plage.com\/wp-content\/uploads\/2022\/02\/logo-footer.jpg","width":352,"height":434,"caption":"Camping Mazet Plage"},"image":{"@id":"https:\/\/www.camping-mazet-plage.com\/de\/#\/schema\/logo\/image\/"}}]}},"_links":{"self":[{"href":"https:\/\/www.camping-mazet-plage.com\/de\/wp-json\/wp\/v2\/pages\/60364"}],"collection":[{"href":"https:\/\/www.camping-mazet-plage.com\/de\/wp-json\/wp\/v2\/pages"}],"about":[{"href":"https:\/\/www.camping-mazet-plage.com\/de\/wp-json\/wp\/v2\/types\/page"}],"author":[{"embeddable":true,"href":"https:\/\/www.camping-mazet-plage.com\/de\/wp-json\/wp\/v2\/users\/1"}],"replies":[{"embeddable":true,"href":"https:\/\/www.camping-mazet-plage.com\/de\/wp-json\/wp\/v2\/comments?post=60364"}],"version-history":[{"count":9,"href":"https:\/\/www.camping-mazet-plage.com\/de\/wp-json\/wp\/v2\/pages\/60364\/revisions"}],"predecessor-version":[{"id":64036,"href":"https:\/\/www.camping-mazet-plage.com\/de\/wp-json\/wp\/v2\/pages\/60364\/revisions\/64036"}],"wp:featuredmedia":[{"embeddable":true,"href":"https:\/\/www.camping-mazet-plage.com\/de\/wp-json\/wp\/v2\/media\/60057"}],"wp:attachment":[{"href":"https:\/\/www.camping-mazet-plage.com\/de\/wp-json\/wp\/v2\/media?parent=60364"}],"wp:term":[{"taxonomy":"sujet","embeddable":true,"href":"https:\/\/www.camping-mazet-plage.com\/de\/wp-json\/wp\/v2\/sujet?post=60364"}],"curies":[{"name":"wp","href":"https:\/\/api.w.org\/{rel}","templated":true}]}}